{"id":74,"date":"2022-04-19T17:57:11","date_gmt":"2022-04-19T15:57:11","guid":{"rendered":"https:\/\/ww2.heimatverein-tostedt.de\/wordpress\/?page_id=74"},"modified":"2026-04-03T11:34:06","modified_gmt":"2026-04-03T09:34:06","slug":"tanzgruppe","status":"publish","type":"page","link":"https:\/\/www.heimatverein-tostedt.de\/wordpress\/gruppen\/tanzgruppe\/","title":{"rendered":"Tanzgruppe"},"content":{"rendered":"\n<p><em><strong>Alle zwei Wochen finden montags in den ungeraden Wochen von 16.00 Uhr bis 17.30 Uhr im oberen Raum der Turnhalle in der Poststra\u00dfe\u00a0\u00dcbungsnachmittage statt.<\/strong><\/em><\/p>\n\n\n\n<p>Die sportliche Leitung liegt in den H\u00e4nden von Eyke Beecken. F\u00fcr organisatorische Fragen ist Birgit Joel die Ansprechpartnerin.<\/p>\n\n\n\n<p>Wer Lust und Interesse hat, ist herzlich willkommen.<br>Info: Birgit Joel, Tel. 0178-9774907. E-Mail: <a href=\"mailto:birgit.joel@heimatverein-tostedt.de\">birgit.joel@heimatverein-tostedt.de<\/a><\/p>\n\n\n\n<hr class=\"wp-block-separator has-css-opacity\"\/>\n\n\n\n<figure class=\"wp-block-image size-large\"><a href=\"https:\/\/i0.wp.com\/www.heimatverein-tostedt.de\/wordpress\/wp-content\/uploads\/2026\/02\/Tanzgruppe5ok_2026_klein.jpg?ssl=1\"><img data-recalc-dims=\"1\" loading=\"lazy\" decoding=\"async\" width=\"900\" height=\"675\" src=\"https:\/\/i0.wp.com\/www.heimatverein-tostedt.de\/wordpress\/wp-content\/uploads\/2026\/02\/Tanzgruppe5ok_2026_klein.jpg?resize=900%2C675&#038;ssl=1\" alt=\"\" class=\"wp-image-1968\" srcset=\"https:\/\/i0.wp.com\/www.heimatverein-tostedt.de\/wordpress\/wp-content\/uploads\/2026\/02\/Tanzgruppe5ok_2026_klein.jpg?resize=1024%2C768&amp;ssl=1 1024w, https:\/\/i0.wp.com\/www.heimatverein-tostedt.de\/wordpress\/wp-content\/uploads\/2026\/02\/Tanzgruppe5ok_2026_klein.jpg?resize=300%2C225&amp;ssl=1 300w, https:\/\/i0.wp.com\/www.heimatverein-tostedt.de\/wordpress\/wp-content\/uploads\/2026\/02\/Tanzgruppe5ok_2026_klein.jpg?resize=768%2C576&amp;ssl=1 768w, https:\/\/i0.wp.com\/www.heimatverein-tostedt.de\/wordpress\/wp-content\/uploads\/2026\/02\/Tanzgruppe5ok_2026_klein.jpg?resize=1536%2C1152&amp;ssl=1 1536w, https:\/\/i0.wp.com\/www.heimatverein-tostedt.de\/wordpress\/wp-content\/uploads\/2026\/02\/Tanzgruppe5ok_2026_klein.jpg?resize=150%2C113&amp;ssl=1 150w, https:\/\/i0.wp.com\/www.heimatverein-tostedt.de\/wordpress\/wp-content\/uploads\/2026\/02\/Tanzgruppe5ok_2026_klein.jpg?w=1600&amp;ssl=1 1600w\" sizes=\"auto, (max-width: 900px) 100vw, 900px\" \/><\/a><\/figure>\n\n\n\n<hr class=\"wp-block-separator has-css-opacity\"\/>\n\n\n\n<figure class=\"wp-block-gallery has-nested-images columns-default is-cropped wp-block-gallery-1 is-layout-flex wp-block-gallery-is-layout-flex\">\n<figure class=\"wp-block-image size-large\"><a href=\"https:\/\/i0.wp.com\/www.heimatverein-tostedt.de\/wordpress\/wp-content\/uploads\/2026\/02\/Tanzgruppe2ok_2026_klein.jpg?ssl=1\"><img data-recalc-dims=\"1\" loading=\"lazy\" decoding=\"async\" width=\"900\" height=\"675\" data-id=\"1967\" src=\"https:\/\/i0.wp.com\/www.heimatverein-tostedt.de\/wordpress\/wp-content\/uploads\/2026\/02\/Tanzgruppe2ok_2026_klein.jpg?resize=900%2C675&#038;ssl=1\" alt=\"\" class=\"wp-image-1967\" srcset=\"https:\/\/i0.wp.com\/www.heimatverein-tostedt.de\/wordpress\/wp-content\/uploads\/2026\/02\/Tanzgruppe2ok_2026_klein.jpg?resize=1024%2C768&amp;ssl=1 1024w, https:\/\/i0.wp.com\/www.heimatverein-tostedt.de\/wordpress\/wp-content\/uploads\/2026\/02\/Tanzgruppe2ok_2026_klein.jpg?resize=300%2C225&amp;ssl=1 300w, https:\/\/i0.wp.com\/www.heimatverein-tostedt.de\/wordpress\/wp-content\/uploads\/2026\/02\/Tanzgruppe2ok_2026_klein.jpg?resize=768%2C576&amp;ssl=1 768w, https:\/\/i0.wp.com\/www.heimatverein-tostedt.de\/wordpress\/wp-content\/uploads\/2026\/02\/Tanzgruppe2ok_2026_klein.jpg?resize=1536%2C1152&amp;ssl=1 1536w, https:\/\/i0.wp.com\/www.heimatverein-tostedt.de\/wordpress\/wp-content\/uploads\/2026\/02\/Tanzgruppe2ok_2026_klein.jpg?resize=150%2C113&amp;ssl=1 150w, https:\/\/i0.wp.com\/www.heimatverein-tostedt.de\/wordpress\/wp-content\/uploads\/2026\/02\/Tanzgruppe2ok_2026_klein.jpg?w=1600&amp;ssl=1 1600w\" sizes=\"auto, (max-width: 900px) 100vw, 900px\" \/><\/a><\/figure>\n\n\n\n<figure class=\"wp-block-image size-large\"><a href=\"https:\/\/i0.wp.com\/www.heimatverein-tostedt.de\/wordpress\/wp-content\/uploads\/2026\/02\/Tanzgruppe1ok_2026_klein.jpg?ssl=1\"><img data-recalc-dims=\"1\" loading=\"lazy\" decoding=\"async\" width=\"900\" height=\"675\" data-id=\"1966\" src=\"https:\/\/i0.wp.com\/www.heimatverein-tostedt.de\/wordpress\/wp-content\/uploads\/2026\/02\/Tanzgruppe1ok_2026_klein.jpg?resize=900%2C675&#038;ssl=1\" alt=\"\" class=\"wp-image-1966\" srcset=\"https:\/\/i0.wp.com\/www.heimatverein-tostedt.de\/wordpress\/wp-content\/uploads\/2026\/02\/Tanzgruppe1ok_2026_klein.jpg?resize=1024%2C768&amp;ssl=1 1024w, https:\/\/i0.wp.com\/www.heimatverein-tostedt.de\/wordpress\/wp-content\/uploads\/2026\/02\/Tanzgruppe1ok_2026_klein.jpg?resize=300%2C225&amp;ssl=1 300w, https:\/\/i0.wp.com\/www.heimatverein-tostedt.de\/wordpress\/wp-content\/uploads\/2026\/02\/Tanzgruppe1ok_2026_klein.jpg?resize=768%2C576&amp;ssl=1 768w, https:\/\/i0.wp.com\/www.heimatverein-tostedt.de\/wordpress\/wp-content\/uploads\/2026\/02\/Tanzgruppe1ok_2026_klein.jpg?resize=1536%2C1152&amp;ssl=1 1536w, https:\/\/i0.wp.com\/www.heimatverein-tostedt.de\/wordpress\/wp-content\/uploads\/2026\/02\/Tanzgruppe1ok_2026_klein.jpg?resize=150%2C113&amp;ssl=1 150w, https:\/\/i0.wp.com\/www.heimatverein-tostedt.de\/wordpress\/wp-content\/uploads\/2026\/02\/Tanzgruppe1ok_2026_klein.jpg?w=1600&amp;ssl=1 1600w\" sizes=\"auto, (max-width: 900px) 100vw, 900px\" \/><\/a><\/figure>\n<\/figure>\n\n\n\n<p><\/p>\n","protected":false},"excerpt":{"rendered":"<p>Alle zwei Wochen finden montags in den ungeraden Wochen von 16.00 Uhr bis 17.30 Uhr im oberen Raum der Turnhalle in der Poststra\u00dfe\u00a0\u00dcbungsnachmittage statt. Die sportliche Leitung liegt in den H\u00e4nden von Eyke Beecken. F\u00fcr organisatorische Fragen ist Birgit Joel die Ansprechpartnerin. Wer Lust und Interesse hat, ist herzlich willkommen.Info:&#8230;<\/p>\n<p> <a class=\"continue-reading-link\" href=\"https:\/\/www.heimatverein-tostedt.de\/wordpress\/gruppen\/tanzgruppe\/\"><span>Continue reading<\/span><i class=\"crycon-right-dir\"><\/i><\/a> <\/p>\n","protected":false},"author":1,"featured_media":0,"parent":15,"menu_order":0,"comment_status":"closed","ping_status":"closed","template":"","meta":{"_uag_custom_page_level_css":"","ngg_post_thumbnail":0,"footnotes":""},"class_list":["post-74","page","type-page","status-publish","hentry"],"yoast_head":"<!-- This site is optimized with the Yoast SEO plugin v25.3.1 - https:\/\/yoast.com\/wordpress\/plugins\/seo\/ -->\n<title>Tanzgruppe - Heimatverein Tostedt e. V.<\/title>\n<meta name=\"robots\" content=\"index, follow, max-snippet:-1, max-image-preview:large, max-video-preview:-1\" \/>\n<link rel=\"canonical\" href=\"https:\/\/www.heimatverein-tostedt.de\/wordpress\/gruppen\/tanzgruppe\/\" \/>\n<meta property=\"og:locale\" content=\"de_DE\" \/>\n<meta property=\"og:type\" content=\"article\" \/>\n<meta property=\"og:title\" content=\"Tanzgruppe - Heimatverein Tostedt e. V.\" \/>\n<meta property=\"og:description\" content=\"Alle zwei Wochen finden montags in den ungeraden Wochen von 16.00 Uhr bis 17.30 Uhr im oberen Raum der Turnhalle in der Poststra\u00dfe\u00a0\u00dcbungsnachmittage statt. Die sportliche Leitung liegt in den H\u00e4nden von Eyke Beecken. F\u00fcr organisatorische Fragen ist Birgit Joel die Ansprechpartnerin. Wer Lust und Interesse hat, ist herzlich willkommen.Info:... Continue reading\" \/>\n<meta property=\"og:url\" content=\"https:\/\/www.heimatverein-tostedt.de\/wordpress\/gruppen\/tanzgruppe\/\" \/>\n<meta property=\"og:site_name\" content=\"Heimatverein Tostedt e. V.\" \/>\n<meta property=\"article:modified_time\" content=\"2026-04-03T09:34:06+00:00\" \/>\n<meta property=\"og:image\" content=\"https:\/\/www.heimatverein-tostedt.de\/wordpress\/wp-content\/uploads\/2026\/02\/Tanzgruppe5ok_2026_klein-1024x768.jpg\" \/>\n<meta name=\"twitter:card\" content=\"summary_large_image\" \/>\n<meta name=\"twitter:label1\" content=\"Gesch\u00e4tzte Lesezeit\" \/>\n\t<meta name=\"twitter:data1\" content=\"1\u00a0Minute\" \/>\n<script type=\"application\/ld+json\" class=\"yoast-schema-graph\">{\"@context\":\"https:\/\/schema.org\",\"@graph\":[{\"@type\":\"WebPage\",\"@id\":\"https:\/\/www.heimatverein-tostedt.de\/wordpress\/gruppen\/tanzgruppe\/\",\"url\":\"https:\/\/www.heimatverein-tostedt.de\/wordpress\/gruppen\/tanzgruppe\/\",\"name\":\"Tanzgruppe - Heimatverein Tostedt e. V.\",\"isPartOf\":{\"@id\":\"https:\/\/www.heimatverein-tostedt.de\/wordpress\/#website\"},\"primaryImageOfPage\":{\"@id\":\"https:\/\/www.heimatverein-tostedt.de\/wordpress\/gruppen\/tanzgruppe\/#primaryimage\"},\"image\":{\"@id\":\"https:\/\/www.heimatverein-tostedt.de\/wordpress\/gruppen\/tanzgruppe\/#primaryimage\"},\"thumbnailUrl\":\"https:\/\/www.heimatverein-tostedt.de\/wordpress\/wp-content\/uploads\/2026\/02\/Tanzgruppe5ok_2026_klein-1024x768.jpg\",\"datePublished\":\"2022-04-19T15:57:11+00:00\",\"dateModified\":\"2026-04-03T09:34:06+00:00\",\"breadcrumb\":{\"@id\":\"https:\/\/www.heimatverein-tostedt.de\/wordpress\/gruppen\/tanzgruppe\/#breadcrumb\"},\"inLanguage\":\"de\",\"potentialAction\":[{\"@type\":\"ReadAction\",\"target\":[\"https:\/\/www.heimatverein-tostedt.de\/wordpress\/gruppen\/tanzgruppe\/\"]}]},{\"@type\":\"ImageObject\",\"inLanguage\":\"de\",\"@id\":\"https:\/\/www.heimatverein-tostedt.de\/wordpress\/gruppen\/tanzgruppe\/#primaryimage\",\"url\":\"https:\/\/i0.wp.com\/www.heimatverein-tostedt.de\/wordpress\/wp-content\/uploads\/2026\/02\/Tanzgruppe5ok_2026_klein.jpg?fit=1600%2C1200&ssl=1\",\"contentUrl\":\"https:\/\/i0.wp.com\/www.heimatverein-tostedt.de\/wordpress\/wp-content\/uploads\/2026\/02\/Tanzgruppe5ok_2026_klein.jpg?fit=1600%2C1200&ssl=1\",\"width\":1600,\"height\":1200},{\"@type\":\"BreadcrumbList\",\"@id\":\"https:\/\/www.heimatverein-tostedt.de\/wordpress\/gruppen\/tanzgruppe\/#breadcrumb\",\"itemListElement\":[{\"@type\":\"ListItem\",\"position\":1,\"name\":\"Startseite\",\"item\":\"https:\/\/www.heimatverein-tostedt.de\/wordpress\/\"},{\"@type\":\"ListItem\",\"position\":2,\"name\":\"Gruppen\",\"item\":\"https:\/\/www.heimatverein-tostedt.de\/wordpress\/gruppen\/\"},{\"@type\":\"ListItem\",\"position\":3,\"name\":\"Tanzgruppe\"}]},{\"@type\":\"WebSite\",\"@id\":\"https:\/\/www.heimatverein-tostedt.de\/wordpress\/#website\",\"url\":\"https:\/\/www.heimatverein-tostedt.de\/wordpress\/\",\"name\":\"Heimatverein Tostedt e. V.\",\"description\":\"\",\"potentialAction\":[{\"@type\":\"SearchAction\",\"target\":{\"@type\":\"EntryPoint\",\"urlTemplate\":\"https:\/\/www.heimatverein-tostedt.de\/wordpress\/?s={search_term_string}\"},\"query-input\":{\"@type\":\"PropertyValueSpecification\",\"valueRequired\":true,\"valueName\":\"search_term_string\"}}],\"inLanguage\":\"de\"}]}<\/script>\n<!-- \/ Yoast SEO plugin. -->","yoast_head_json":{"title":"Tanzgruppe - Heimatverein Tostedt e. V.","robots":{"index":"index","follow":"follow","max-snippet":"max-snippet:-1","max-image-preview":"max-image-preview:large","max-video-preview":"max-video-preview:-1"},"canonical":"https:\/\/www.heimatverein-tostedt.de\/wordpress\/gruppen\/tanzgruppe\/","og_locale":"de_DE","og_type":"article","og_title":"Tanzgruppe - Heimatverein Tostedt e. V.","og_description":"Alle zwei Wochen finden montags in den ungeraden Wochen von 16.00 Uhr bis 17.30 Uhr im oberen Raum der Turnhalle in der Poststra\u00dfe\u00a0\u00dcbungsnachmittage statt. Die sportliche Leitung liegt in den H\u00e4nden von Eyke Beecken. F\u00fcr organisatorische Fragen ist Birgit Joel die Ansprechpartnerin. Wer Lust und Interesse hat, ist herzlich willkommen.Info:... Continue reading","og_url":"https:\/\/www.heimatverein-tostedt.de\/wordpress\/gruppen\/tanzgruppe\/","og_site_name":"Heimatverein Tostedt e. V.","article_modified_time":"2026-04-03T09:34:06+00:00","og_image":[{"url":"https:\/\/www.heimatverein-tostedt.de\/wordpress\/wp-content\/uploads\/2026\/02\/Tanzgruppe5ok_2026_klein-1024x768.jpg","type":"","width":"","height":""}],"twitter_card":"summary_large_image","twitter_misc":{"Gesch\u00e4tzte Lesezeit":"1\u00a0Minute"},"schema":{"@context":"https:\/\/schema.org","@graph":[{"@type":"WebPage","@id":"https:\/\/www.heimatverein-tostedt.de\/wordpress\/gruppen\/tanzgruppe\/","url":"https:\/\/www.heimatverein-tostedt.de\/wordpress\/gruppen\/tanzgruppe\/","name":"Tanzgruppe - Heimatverein Tostedt e. V.","isPartOf":{"@id":"https:\/\/www.heimatverein-tostedt.de\/wordpress\/#website"},"primaryImageOfPage":{"@id":"https:\/\/www.heimatverein-tostedt.de\/wordpress\/gruppen\/tanzgruppe\/#primaryimage"},"image":{"@id":"https:\/\/www.heimatverein-tostedt.de\/wordpress\/gruppen\/tanzgruppe\/#primaryimage"},"thumbnailUrl":"https:\/\/www.heimatverein-tostedt.de\/wordpress\/wp-content\/uploads\/2026\/02\/Tanzgruppe5ok_2026_klein-1024x768.jpg","datePublished":"2022-04-19T15:57:11+00:00","dateModified":"2026-04-03T09:34:06+00:00","breadcrumb":{"@id":"https:\/\/www.heimatverein-tostedt.de\/wordpress\/gruppen\/tanzgruppe\/#breadcrumb"},"inLanguage":"de","potentialAction":[{"@type":"ReadAction","target":["https:\/\/www.heimatverein-tostedt.de\/wordpress\/gruppen\/tanzgruppe\/"]}]},{"@type":"ImageObject","inLanguage":"de","@id":"https:\/\/www.heimatverein-tostedt.de\/wordpress\/gruppen\/tanzgruppe\/#primaryimage","url":"https:\/\/i0.wp.com\/www.heimatverein-tostedt.de\/wordpress\/wp-content\/uploads\/2026\/02\/Tanzgruppe5ok_2026_klein.jpg?fit=1600%2C1200&ssl=1","contentUrl":"https:\/\/i0.wp.com\/www.heimatverein-tostedt.de\/wordpress\/wp-content\/uploads\/2026\/02\/Tanzgruppe5ok_2026_klein.jpg?fit=1600%2C1200&ssl=1","width":1600,"height":1200},{"@type":"BreadcrumbList","@id":"https:\/\/www.heimatverein-tostedt.de\/wordpress\/gruppen\/tanzgruppe\/#breadcrumb","itemListElement":[{"@type":"ListItem","position":1,"name":"Startseite","item":"https:\/\/www.heimatverein-tostedt.de\/wordpress\/"},{"@type":"ListItem","position":2,"name":"Gruppen","item":"https:\/\/www.heimatverein-tostedt.de\/wordpress\/gruppen\/"},{"@type":"ListItem","position":3,"name":"Tanzgruppe"}]},{"@type":"WebSite","@id":"https:\/\/www.heimatverein-tostedt.de\/wordpress\/#website","url":"https:\/\/www.heimatverein-tostedt.de\/wordpress\/","name":"Heimatverein Tostedt e. V.","description":"","potentialAction":[{"@type":"SearchAction","target":{"@type":"EntryPoint","urlTemplate":"https:\/\/www.heimatverein-tostedt.de\/wordpress\/?s={search_term_string}"},"query-input":{"@type":"PropertyValueSpecification","valueRequired":true,"valueName":"search_term_string"}}],"inLanguage":"de"}]}},"uagb_featured_image_src":{"full":false,"thumbnail":false,"medium":false,"medium_large":false,"large":false,"1536x1536":false,"2048x2048":false,"post-thumbnail":false,"header":false,"slider":false,"columns":false,"custom":false},"uagb_author_info":{"display_name":"admin@heimatverein-tostedt.de","author_link":"https:\/\/www.heimatverein-tostedt.de\/wordpress\/author\/adminheimatverein-tostedt-de\/"},"uagb_comment_info":0,"uagb_excerpt":"Alle zwei Wochen finden montags in den ungeraden Wochen von 16.00 Uhr bis 17.30 Uhr im oberen Raum der Turnhalle in der Poststra\u00dfe\u00a0\u00dcbungsnachmittage statt. Die sportliche Leitung liegt in den H\u00e4nden von Eyke Beecken. F\u00fcr organisatorische Fragen ist Birgit Joel die Ansprechpartnerin. Wer Lust und Interesse hat, ist herzlich willkommen.Info:... Continue reading","jetpack_sharing_enabled":true,"_links":{"self":[{"href":"https:\/\/www.heimatverein-tostedt.de\/wordpress\/wp-json\/wp\/v2\/pages\/74","targetHints":{"allow":["GET"]}}],"collection":[{"href":"https:\/\/www.heimatverein-tostedt.de\/wordpress\/wp-json\/wp\/v2\/pages"}],"about":[{"href":"https:\/\/www.heimatverein-tostedt.de\/wordpress\/wp-json\/wp\/v2\/types\/page"}],"author":[{"embeddable":true,"href":"https:\/\/www.heimatverein-tostedt.de\/wordpress\/wp-json\/wp\/v2\/users\/1"}],"replies":[{"embeddable":true,"href":"https:\/\/www.heimatverein-tostedt.de\/wordpress\/wp-json\/wp\/v2\/comments?post=74"}],"version-history":[{"count":14,"href":"https:\/\/www.heimatverein-tostedt.de\/wordpress\/wp-json\/wp\/v2\/pages\/74\/revisions"}],"predecessor-version":[{"id":2000,"href":"https:\/\/www.heimatverein-tostedt.de\/wordpress\/wp-json\/wp\/v2\/pages\/74\/revisions\/2000"}],"up":[{"embeddable":true,"href":"https:\/\/www.heimatverein-tostedt.de\/wordpress\/wp-json\/wp\/v2\/pages\/15"}],"wp:attachment":[{"href":"https:\/\/www.heimatverein-tostedt.de\/wordpress\/wp-json\/wp\/v2\/media?parent=74"}],"curies":[{"name":"wp","href":"https:\/\/api.w.org\/{rel}","templated":true}]}}