{"id":70,"date":"2022-04-19T17:56:54","date_gmt":"2022-04-19T15:56:54","guid":{"rendered":"https:\/\/ww2.heimatverein-tostedt.de\/wordpress\/?page_id=70"},"modified":"2025-12-22T13:10:26","modified_gmt":"2025-12-22T12:10:26","slug":"singkreis","status":"publish","type":"page","link":"https:\/\/www.heimatverein-tostedt.de\/wordpress\/gruppen\/singkreis\/","title":{"rendered":"Singkreis"},"content":{"rendered":"\n<p>&nbsp;Im Jahre 1988 wurde von Marion Kassubek der Singkreis des Vereins ins Leben gerufen.<\/p>\n\n\n\n<p>Als langj\u00e4hriges Mitglied im Verein, der sich dem Erhalt der Traditionen und dem Bewahren alten Liedguts verschrieben hat, wollte sie gern mit Gleichgesinnten regelm\u00e4\u00dfig singen, doch einen Singkreis zu leiten, traute sie sich nicht zu. Einen kompetenten Leiter fanden die S\u00e4nger in Bernhard Busenbender aus Sottorf, der den Chor von Anfang an begleitet hat und Ende 2023 die Leitung an Anja Keller \u00fcbergab.. Den Kontakt stellte damals der inzwischen verstorbene G\u00fcnter Bellmann her.<\/p>\n\n\n\n<p>\u00dcbrigens, wer damit lieb\u00e4ugelt, selbst etwas f\u00fcr eine positive Lebenseinstellung und ein paar fr\u00f6hliche Stunden zu tun, ist\u00a0zu unseren Proben am <strong>Dienstag von 15 bis 16:30 Uhr (14-t\u00e4gig in den ungeraden Wochen)<\/strong> im Heimathaus herzlich eingeladen.<\/p>\n\n\n\n<p>Information: Anja Keller, Tel.: 04182-22880. E-Mail: <a href=\"mailto:anja.keller@heimatverein-tostedt.de\">anja.keller@heimatverein-tostedt.de<\/a><\/p>\n\n\n\n<hr class=\"wp-block-separator has-css-opacity\"\/>\n\n\n\n<figure class=\"wp-block-image size-large\"><img data-recalc-dims=\"1\" loading=\"lazy\" decoding=\"async\" width=\"900\" height=\"595\" src=\"https:\/\/i0.wp.com\/ww2.heimatverein-tostedt.de\/wordpress\/wp-content\/uploads\/2022\/04\/Foto_2018_10_Singkreis_2-1024x677.jpg?resize=900%2C595&#038;ssl=1\" alt=\"\" class=\"wp-image-191\" srcset=\"https:\/\/i0.wp.com\/www.heimatverein-tostedt.de\/wordpress\/wp-content\/uploads\/2022\/04\/Foto_2018_10_Singkreis_2.jpg?resize=1024%2C677&amp;ssl=1 1024w, https:\/\/i0.wp.com\/www.heimatverein-tostedt.de\/wordpress\/wp-content\/uploads\/2022\/04\/Foto_2018_10_Singkreis_2.jpg?resize=300%2C198&amp;ssl=1 300w, https:\/\/i0.wp.com\/www.heimatverein-tostedt.de\/wordpress\/wp-content\/uploads\/2022\/04\/Foto_2018_10_Singkreis_2.jpg?resize=768%2C508&amp;ssl=1 768w, https:\/\/i0.wp.com\/www.heimatverein-tostedt.de\/wordpress\/wp-content\/uploads\/2022\/04\/Foto_2018_10_Singkreis_2.jpg?resize=150%2C99&amp;ssl=1 150w, https:\/\/i0.wp.com\/www.heimatverein-tostedt.de\/wordpress\/wp-content\/uploads\/2022\/04\/Foto_2018_10_Singkreis_2.jpg?w=1493&amp;ssl=1 1493w\" sizes=\"auto, (max-width: 900px) 100vw, 900px\" \/><\/figure>\n\n\n\n<hr class=\"wp-block-separator has-css-opacity\"\/>\n","protected":false},"excerpt":{"rendered":"<p>&nbsp;Im Jahre 1988 wurde von Marion Kassubek der Singkreis des Vereins ins Leben gerufen. Als langj\u00e4hriges Mitglied im Verein, der sich dem Erhalt der Traditionen und dem Bewahren alten Liedguts verschrieben hat, wollte sie gern mit Gleichgesinnten regelm\u00e4\u00dfig singen, doch einen Singkreis zu leiten, traute sie sich nicht zu. Einen&#8230;<\/p>\n<p> <a class=\"continue-reading-link\" href=\"https:\/\/www.heimatverein-tostedt.de\/wordpress\/gruppen\/singkreis\/\"><span>Continue reading<\/span><i class=\"crycon-right-dir\"><\/i><\/a> <\/p>\n","protected":false},"author":1,"featured_media":0,"parent":15,"menu_order":0,"comment_status":"closed","ping_status":"closed","template":"","meta":{"_uag_custom_page_level_css":"","ngg_post_thumbnail":0,"footnotes":""},"class_list":["post-70","page","type-page","status-publish","hentry"],"yoast_head":"<!-- This site is optimized with the Yoast SEO plugin v25.3.1 - https:\/\/yoast.com\/wordpress\/plugins\/seo\/ -->\n<title>Singkreis - Heimatverein Tostedt e. V.<\/title>\n<meta name=\"robots\" content=\"index, follow, max-snippet:-1, max-image-preview:large, max-video-preview:-1\" \/>\n<link rel=\"canonical\" href=\"https:\/\/www.heimatverein-tostedt.de\/wordpress\/gruppen\/singkreis\/\" \/>\n<meta property=\"og:locale\" content=\"de_DE\" \/>\n<meta property=\"og:type\" content=\"article\" \/>\n<meta property=\"og:title\" content=\"Singkreis - Heimatverein Tostedt e. V.\" \/>\n<meta property=\"og:description\" content=\"&nbsp;Im Jahre 1988 wurde von Marion Kassubek der Singkreis des Vereins ins Leben gerufen. Als langj\u00e4hriges Mitglied im Verein, der sich dem Erhalt der Traditionen und dem Bewahren alten Liedguts verschrieben hat, wollte sie gern mit Gleichgesinnten regelm\u00e4\u00dfig singen, doch einen Singkreis zu leiten, traute sie sich nicht zu. Einen... Continue reading\" \/>\n<meta property=\"og:url\" content=\"https:\/\/www.heimatverein-tostedt.de\/wordpress\/gruppen\/singkreis\/\" \/>\n<meta property=\"og:site_name\" content=\"Heimatverein Tostedt e. V.\" \/>\n<meta property=\"article:modified_time\" content=\"2025-12-22T12:10:26+00:00\" \/>\n<meta property=\"og:image\" content=\"https:\/\/ww2.heimatverein-tostedt.de\/wordpress\/wp-content\/uploads\/2022\/04\/Foto_2018_10_Singkreis_2-1024x677.jpg\" \/>\n<meta name=\"twitter:card\" content=\"summary_large_image\" \/>\n<meta name=\"twitter:label1\" content=\"Gesch\u00e4tzte Lesezeit\" \/>\n\t<meta name=\"twitter:data1\" content=\"1\u00a0Minute\" \/>\n<script type=\"application\/ld+json\" class=\"yoast-schema-graph\">{\"@context\":\"https:\/\/schema.org\",\"@graph\":[{\"@type\":\"WebPage\",\"@id\":\"https:\/\/www.heimatverein-tostedt.de\/wordpress\/gruppen\/singkreis\/\",\"url\":\"https:\/\/www.heimatverein-tostedt.de\/wordpress\/gruppen\/singkreis\/\",\"name\":\"Singkreis - Heimatverein Tostedt e. V.\",\"isPartOf\":{\"@id\":\"https:\/\/www.heimatverein-tostedt.de\/wordpress\/#website\"},\"primaryImageOfPage\":{\"@id\":\"https:\/\/www.heimatverein-tostedt.de\/wordpress\/gruppen\/singkreis\/#primaryimage\"},\"image\":{\"@id\":\"https:\/\/www.heimatverein-tostedt.de\/wordpress\/gruppen\/singkreis\/#primaryimage\"},\"thumbnailUrl\":\"https:\/\/ww2.heimatverein-tostedt.de\/wordpress\/wp-content\/uploads\/2022\/04\/Foto_2018_10_Singkreis_2-1024x677.jpg\",\"datePublished\":\"2022-04-19T15:56:54+00:00\",\"dateModified\":\"2025-12-22T12:10:26+00:00\",\"breadcrumb\":{\"@id\":\"https:\/\/www.heimatverein-tostedt.de\/wordpress\/gruppen\/singkreis\/#breadcrumb\"},\"inLanguage\":\"de\",\"potentialAction\":[{\"@type\":\"ReadAction\",\"target\":[\"https:\/\/www.heimatverein-tostedt.de\/wordpress\/gruppen\/singkreis\/\"]}]},{\"@type\":\"ImageObject\",\"inLanguage\":\"de\",\"@id\":\"https:\/\/www.heimatverein-tostedt.de\/wordpress\/gruppen\/singkreis\/#primaryimage\",\"url\":\"https:\/\/ww2.heimatverein-tostedt.de\/wordpress\/wp-content\/uploads\/2022\/04\/Foto_2018_10_Singkreis_2-1024x677.jpg\",\"contentUrl\":\"https:\/\/ww2.heimatverein-tostedt.de\/wordpress\/wp-content\/uploads\/2022\/04\/Foto_2018_10_Singkreis_2-1024x677.jpg\"},{\"@type\":\"BreadcrumbList\",\"@id\":\"https:\/\/www.heimatverein-tostedt.de\/wordpress\/gruppen\/singkreis\/#breadcrumb\",\"itemListElement\":[{\"@type\":\"ListItem\",\"position\":1,\"name\":\"Startseite\",\"item\":\"https:\/\/www.heimatverein-tostedt.de\/wordpress\/\"},{\"@type\":\"ListItem\",\"position\":2,\"name\":\"Gruppen\",\"item\":\"https:\/\/www.heimatverein-tostedt.de\/wordpress\/gruppen\/\"},{\"@type\":\"ListItem\",\"position\":3,\"name\":\"Singkreis\"}]},{\"@type\":\"WebSite\",\"@id\":\"https:\/\/www.heimatverein-tostedt.de\/wordpress\/#website\",\"url\":\"https:\/\/www.heimatverein-tostedt.de\/wordpress\/\",\"name\":\"Heimatverein Tostedt e. V.\",\"description\":\"\",\"potentialAction\":[{\"@type\":\"SearchAction\",\"target\":{\"@type\":\"EntryPoint\",\"urlTemplate\":\"https:\/\/www.heimatverein-tostedt.de\/wordpress\/?s={search_term_string}\"},\"query-input\":{\"@type\":\"PropertyValueSpecification\",\"valueRequired\":true,\"valueName\":\"search_term_string\"}}],\"inLanguage\":\"de\"}]}<\/script>\n<!-- \/ Yoast SEO plugin. -->","yoast_head_json":{"title":"Singkreis - Heimatverein Tostedt e. V.","robots":{"index":"index","follow":"follow","max-snippet":"max-snippet:-1","max-image-preview":"max-image-preview:large","max-video-preview":"max-video-preview:-1"},"canonical":"https:\/\/www.heimatverein-tostedt.de\/wordpress\/gruppen\/singkreis\/","og_locale":"de_DE","og_type":"article","og_title":"Singkreis - Heimatverein Tostedt e. V.","og_description":"&nbsp;Im Jahre 1988 wurde von Marion Kassubek der Singkreis des Vereins ins Leben gerufen. Als langj\u00e4hriges Mitglied im Verein, der sich dem Erhalt der Traditionen und dem Bewahren alten Liedguts verschrieben hat, wollte sie gern mit Gleichgesinnten regelm\u00e4\u00dfig singen, doch einen Singkreis zu leiten, traute sie sich nicht zu. Einen... Continue reading","og_url":"https:\/\/www.heimatverein-tostedt.de\/wordpress\/gruppen\/singkreis\/","og_site_name":"Heimatverein Tostedt e. V.","article_modified_time":"2025-12-22T12:10:26+00:00","og_image":[{"url":"https:\/\/ww2.heimatverein-tostedt.de\/wordpress\/wp-content\/uploads\/2022\/04\/Foto_2018_10_Singkreis_2-1024x677.jpg","type":"","width":"","height":""}],"twitter_card":"summary_large_image","twitter_misc":{"Gesch\u00e4tzte Lesezeit":"1\u00a0Minute"},"schema":{"@context":"https:\/\/schema.org","@graph":[{"@type":"WebPage","@id":"https:\/\/www.heimatverein-tostedt.de\/wordpress\/gruppen\/singkreis\/","url":"https:\/\/www.heimatverein-tostedt.de\/wordpress\/gruppen\/singkreis\/","name":"Singkreis - Heimatverein Tostedt e. V.","isPartOf":{"@id":"https:\/\/www.heimatverein-tostedt.de\/wordpress\/#website"},"primaryImageOfPage":{"@id":"https:\/\/www.heimatverein-tostedt.de\/wordpress\/gruppen\/singkreis\/#primaryimage"},"image":{"@id":"https:\/\/www.heimatverein-tostedt.de\/wordpress\/gruppen\/singkreis\/#primaryimage"},"thumbnailUrl":"https:\/\/ww2.heimatverein-tostedt.de\/wordpress\/wp-content\/uploads\/2022\/04\/Foto_2018_10_Singkreis_2-1024x677.jpg","datePublished":"2022-04-19T15:56:54+00:00","dateModified":"2025-12-22T12:10:26+00:00","breadcrumb":{"@id":"https:\/\/www.heimatverein-tostedt.de\/wordpress\/gruppen\/singkreis\/#breadcrumb"},"inLanguage":"de","potentialAction":[{"@type":"ReadAction","target":["https:\/\/www.heimatverein-tostedt.de\/wordpress\/gruppen\/singkreis\/"]}]},{"@type":"ImageObject","inLanguage":"de","@id":"https:\/\/www.heimatverein-tostedt.de\/wordpress\/gruppen\/singkreis\/#primaryimage","url":"https:\/\/ww2.heimatverein-tostedt.de\/wordpress\/wp-content\/uploads\/2022\/04\/Foto_2018_10_Singkreis_2-1024x677.jpg","contentUrl":"https:\/\/ww2.heimatverein-tostedt.de\/wordpress\/wp-content\/uploads\/2022\/04\/Foto_2018_10_Singkreis_2-1024x677.jpg"},{"@type":"BreadcrumbList","@id":"https:\/\/www.heimatverein-tostedt.de\/wordpress\/gruppen\/singkreis\/#breadcrumb","itemListElement":[{"@type":"ListItem","position":1,"name":"Startseite","item":"https:\/\/www.heimatverein-tostedt.de\/wordpress\/"},{"@type":"ListItem","position":2,"name":"Gruppen","item":"https:\/\/www.heimatverein-tostedt.de\/wordpress\/gruppen\/"},{"@type":"ListItem","position":3,"name":"Singkreis"}]},{"@type":"WebSite","@id":"https:\/\/www.heimatverein-tostedt.de\/wordpress\/#website","url":"https:\/\/www.heimatverein-tostedt.de\/wordpress\/","name":"Heimatverein Tostedt e. V.","description":"","potentialAction":[{"@type":"SearchAction","target":{"@type":"EntryPoint","urlTemplate":"https:\/\/www.heimatverein-tostedt.de\/wordpress\/?s={search_term_string}"},"query-input":{"@type":"PropertyValueSpecification","valueRequired":true,"valueName":"search_term_string"}}],"inLanguage":"de"}]}},"uagb_featured_image_src":{"full":false,"thumbnail":false,"medium":false,"medium_large":false,"large":false,"1536x1536":false,"2048x2048":false,"post-thumbnail":false,"header":false,"slider":false,"columns":false,"custom":false},"uagb_author_info":{"display_name":"admin@heimatverein-tostedt.de","author_link":"https:\/\/www.heimatverein-tostedt.de\/wordpress\/author\/adminheimatverein-tostedt-de\/"},"uagb_comment_info":0,"uagb_excerpt":"&nbsp;Im Jahre 1988 wurde von Marion Kassubek der Singkreis des Vereins ins Leben gerufen. Als langj\u00e4hriges Mitglied im Verein, der sich dem Erhalt der Traditionen und dem Bewahren alten Liedguts verschrieben hat, wollte sie gern mit Gleichgesinnten regelm\u00e4\u00dfig singen, doch einen Singkreis zu leiten, traute sie sich nicht zu. Einen... Continue reading","jetpack_sharing_enabled":true,"_links":{"self":[{"href":"https:\/\/www.heimatverein-tostedt.de\/wordpress\/wp-json\/wp\/v2\/pages\/70","targetHints":{"allow":["GET"]}}],"collection":[{"href":"https:\/\/www.heimatverein-tostedt.de\/wordpress\/wp-json\/wp\/v2\/pages"}],"about":[{"href":"https:\/\/www.heimatverein-tostedt.de\/wordpress\/wp-json\/wp\/v2\/types\/page"}],"author":[{"embeddable":true,"href":"https:\/\/www.heimatverein-tostedt.de\/wordpress\/wp-json\/wp\/v2\/users\/1"}],"replies":[{"embeddable":true,"href":"https:\/\/www.heimatverein-tostedt.de\/wordpress\/wp-json\/wp\/v2\/comments?post=70"}],"version-history":[{"count":15,"href":"https:\/\/www.heimatverein-tostedt.de\/wordpress\/wp-json\/wp\/v2\/pages\/70\/revisions"}],"predecessor-version":[{"id":1917,"href":"https:\/\/www.heimatverein-tostedt.de\/wordpress\/wp-json\/wp\/v2\/pages\/70\/revisions\/1917"}],"up":[{"embeddable":true,"href":"https:\/\/www.heimatverein-tostedt.de\/wordpress\/wp-json\/wp\/v2\/pages\/15"}],"wp:attachment":[{"href":"https:\/\/www.heimatverein-tostedt.de\/wordpress\/wp-json\/wp\/v2\/media?parent=70"}],"curies":[{"name":"wp","href":"https:\/\/api.w.org\/{rel}","templated":true}]}}