{"id":68,"date":"2022-04-19T17:56:45","date_gmt":"2022-04-19T15:56:45","guid":{"rendered":"https:\/\/ww2.heimatverein-tostedt.de\/wordpress\/?page_id=68"},"modified":"2025-06-08T12:02:36","modified_gmt":"2025-06-08T10:02:36","slug":"lesezirkel","status":"publish","type":"page","link":"https:\/\/www.heimatverein-tostedt.de\/wordpress\/gruppen\/lesezirkel\/","title":{"rendered":"Lesezirkel"},"content":{"rendered":"\n<h2 class=\"wp-block-heading\">Lesezirkel \u201eDEUTSCHE SCHRIFTEN\u201c<\/h2>\n\n\n\n<p>Beim Lesezirkel \u201eDeutsche Schriften\u201c handelt es sich um einen Arbeitskreis mit Werkstattcharakter. Der bisher dem Samtgemeindearchiv Tostedt zugeordnete Lesezirkel hat sich am 6. Januar 2020 unter das Dach des Heimatvereins begeben. \u00c4ltere handschriftlich verfasste Dokumente, Protokolle, Urkunden und verschiedene andere Schriftst\u00fccke werden gelesen und bei Bedarf auch in schriftlicher Form der \u00d6ffentlichkeit zug\u00e4nglich gemacht (z.B. Material des Samtgemeindearchivs). Auf Wunsch k\u00f6nnen auch k\u00fcrzere Unterlagen, die von privater Seite her beigebracht werden, wie ein Brief, ein Rezept oder eine Seite aus einem Poesiealbum gemeinschaftlich gelesen werden.<\/p>\n\n\n\n<p>Der Lesezirkel findet an&nbsp;jedem ersten Montag im Monat um 15:30 Uhr im Tostedter Heimathaus, Himmelsweg 8 statt, nicht aber in der Sommerpause in den Monaten Juli und August. Weitergehende Informationen k\u00f6nnen erfragt werden bei Burkhard Gerlach, Telefon 04182-959685 oder E-Mail: <a href=\"mailto:burkhard.gerlach@heimatverein-tostedt.de\">burkhard.gerlach@heimatverein-tostedt.de<\/a>.<\/p>\n\n\n\n<p>G\u00e4ste sind jederzeit herzlich willkommen.<\/p>\n\n\n\n<hr class=\"wp-block-separator has-css-opacity\"\/>\n\n\n\n<figure class=\"wp-block-gallery has-nested-images columns-default is-cropped wp-block-gallery-1 is-layout-flex wp-block-gallery-is-layout-flex\">\n<figure class=\"wp-block-image size-large\"><a href=\"https:\/\/i0.wp.com\/ww2.heimatverein-tostedt.de\/wordpress\/wp-content\/uploads\/2022\/04\/Mellinger_Karte_um_1600_1.jpg?ssl=1\"><img data-recalc-dims=\"1\" loading=\"lazy\" decoding=\"async\" width=\"900\" height=\"436\" data-id=\"185\" src=\"https:\/\/i0.wp.com\/ww2.heimatverein-tostedt.de\/wordpress\/wp-content\/uploads\/2022\/04\/Mellinger_Karte_um_1600_1-1024x496.jpg?resize=900%2C436&#038;ssl=1\" alt=\"\" class=\"wp-image-185\" srcset=\"https:\/\/i0.wp.com\/www.heimatverein-tostedt.de\/wordpress\/wp-content\/uploads\/2022\/04\/Mellinger_Karte_um_1600_1.jpg?resize=1024%2C496&amp;ssl=1 1024w, https:\/\/i0.wp.com\/www.heimatverein-tostedt.de\/wordpress\/wp-content\/uploads\/2022\/04\/Mellinger_Karte_um_1600_1.jpg?resize=300%2C145&amp;ssl=1 300w, https:\/\/i0.wp.com\/www.heimatverein-tostedt.de\/wordpress\/wp-content\/uploads\/2022\/04\/Mellinger_Karte_um_1600_1.jpg?resize=768%2C372&amp;ssl=1 768w, https:\/\/i0.wp.com\/www.heimatverein-tostedt.de\/wordpress\/wp-content\/uploads\/2022\/04\/Mellinger_Karte_um_1600_1.jpg?resize=150%2C73&amp;ssl=1 150w, https:\/\/i0.wp.com\/www.heimatverein-tostedt.de\/wordpress\/wp-content\/uploads\/2022\/04\/Mellinger_Karte_um_1600_1.jpg?w=1407&amp;ssl=1 1407w\" sizes=\"auto, (max-width: 900px) 100vw, 900px\" \/><\/a><figcaption class=\"wp-element-caption\">Mellinger Karte um 1600&nbsp;<\/figcaption><\/figure>\n\n\n\n<figure class=\"wp-block-image size-large\"><a href=\"https:\/\/i0.wp.com\/ww2.heimatverein-tostedt.de\/wordpress\/wp-content\/uploads\/2022\/04\/Gemeindeprotokoll_1919_Auszug_1.jpeg?ssl=1\"><img data-recalc-dims=\"1\" loading=\"lazy\" decoding=\"async\" width=\"900\" height=\"575\" data-id=\"186\" src=\"https:\/\/i0.wp.com\/ww2.heimatverein-tostedt.de\/wordpress\/wp-content\/uploads\/2022\/04\/Gemeindeprotokoll_1919_Auszug_1-1024x654.jpeg?resize=900%2C575&#038;ssl=1\" alt=\"\" class=\"wp-image-186\" srcset=\"https:\/\/i0.wp.com\/www.heimatverein-tostedt.de\/wordpress\/wp-content\/uploads\/2022\/04\/Gemeindeprotokoll_1919_Auszug_1.jpeg?resize=1024%2C654&amp;ssl=1 1024w, https:\/\/i0.wp.com\/www.heimatverein-tostedt.de\/wordpress\/wp-content\/uploads\/2022\/04\/Gemeindeprotokoll_1919_Auszug_1.jpeg?resize=300%2C191&amp;ssl=1 300w, https:\/\/i0.wp.com\/www.heimatverein-tostedt.de\/wordpress\/wp-content\/uploads\/2022\/04\/Gemeindeprotokoll_1919_Auszug_1.jpeg?resize=768%2C490&amp;ssl=1 768w, https:\/\/i0.wp.com\/www.heimatverein-tostedt.de\/wordpress\/wp-content\/uploads\/2022\/04\/Gemeindeprotokoll_1919_Auszug_1.jpeg?resize=150%2C96&amp;ssl=1 150w, https:\/\/i0.wp.com\/www.heimatverein-tostedt.de\/wordpress\/wp-content\/uploads\/2022\/04\/Gemeindeprotokoll_1919_Auszug_1.jpeg?w=1294&amp;ssl=1 1294w\" sizes=\"auto, (max-width: 900px) 100vw, 900px\" \/><\/a><figcaption class=\"wp-element-caption\">Gemeindeprotokoll 1919 Auszug<\/figcaption><\/figure>\n<\/figure>\n\n\n\n<hr class=\"wp-block-separator has-css-opacity\"\/>\n","protected":false},"excerpt":{"rendered":"<p>Lesezirkel \u201eDEUTSCHE SCHRIFTEN\u201c Beim Lesezirkel \u201eDeutsche Schriften\u201c handelt es sich um einen Arbeitskreis mit Werkstattcharakter. Der bisher dem Samtgemeindearchiv Tostedt zugeordnete Lesezirkel hat sich am 6. Januar 2020 unter das Dach des Heimatvereins begeben. \u00c4ltere handschriftlich verfasste Dokumente, Protokolle, Urkunden und verschiedene andere Schriftst\u00fccke werden gelesen und bei Bedarf auch&#8230;<\/p>\n<p> <a class=\"continue-reading-link\" href=\"https:\/\/www.heimatverein-tostedt.de\/wordpress\/gruppen\/lesezirkel\/\"><span>Continue reading<\/span><i class=\"crycon-right-dir\"><\/i><\/a> <\/p>\n","protected":false},"author":1,"featured_media":0,"parent":15,"menu_order":0,"comment_status":"closed","ping_status":"closed","template":"","meta":{"_uag_custom_page_level_css":"","ngg_post_thumbnail":0,"footnotes":""},"class_list":["post-68","page","type-page","status-publish","hentry"],"yoast_head":"<!-- This site is optimized with the Yoast SEO plugin v25.3.1 - https:\/\/yoast.com\/wordpress\/plugins\/seo\/ -->\n<title>Lesezirkel - Heimatverein Tostedt e. V.<\/title>\n<meta name=\"robots\" content=\"index, follow, max-snippet:-1, max-image-preview:large, max-video-preview:-1\" \/>\n<link rel=\"canonical\" href=\"https:\/\/www.heimatverein-tostedt.de\/wordpress\/gruppen\/lesezirkel\/\" \/>\n<meta property=\"og:locale\" content=\"de_DE\" \/>\n<meta property=\"og:type\" content=\"article\" \/>\n<meta property=\"og:title\" content=\"Lesezirkel - Heimatverein Tostedt e. V.\" \/>\n<meta property=\"og:description\" content=\"Lesezirkel \u201eDEUTSCHE SCHRIFTEN\u201c Beim Lesezirkel \u201eDeutsche Schriften\u201c handelt es sich um einen Arbeitskreis mit Werkstattcharakter. Der bisher dem Samtgemeindearchiv Tostedt zugeordnete Lesezirkel hat sich am 6. Januar 2020 unter das Dach des Heimatvereins begeben. \u00c4ltere handschriftlich verfasste Dokumente, Protokolle, Urkunden und verschiedene andere Schriftst\u00fccke werden gelesen und bei Bedarf auch... Continue reading\" \/>\n<meta property=\"og:url\" content=\"https:\/\/www.heimatverein-tostedt.de\/wordpress\/gruppen\/lesezirkel\/\" \/>\n<meta property=\"og:site_name\" content=\"Heimatverein Tostedt e. V.\" \/>\n<meta property=\"article:modified_time\" content=\"2025-06-08T10:02:36+00:00\" \/>\n<meta property=\"og:image\" content=\"https:\/\/ww2.heimatverein-tostedt.de\/wordpress\/wp-content\/uploads\/2022\/04\/Mellinger_Karte_um_1600_1-1024x496.jpg\" \/>\n<meta name=\"twitter:card\" content=\"summary_large_image\" \/>\n<meta name=\"twitter:label1\" content=\"Gesch\u00e4tzte Lesezeit\" \/>\n\t<meta name=\"twitter:data1\" content=\"2\u00a0Minuten\" \/>\n<script type=\"application\/ld+json\" class=\"yoast-schema-graph\">{\"@context\":\"https:\/\/schema.org\",\"@graph\":[{\"@type\":\"WebPage\",\"@id\":\"https:\/\/www.heimatverein-tostedt.de\/wordpress\/gruppen\/lesezirkel\/\",\"url\":\"https:\/\/www.heimatverein-tostedt.de\/wordpress\/gruppen\/lesezirkel\/\",\"name\":\"Lesezirkel - Heimatverein Tostedt e. V.\",\"isPartOf\":{\"@id\":\"https:\/\/www.heimatverein-tostedt.de\/wordpress\/#website\"},\"primaryImageOfPage\":{\"@id\":\"https:\/\/www.heimatverein-tostedt.de\/wordpress\/gruppen\/lesezirkel\/#primaryimage\"},\"image\":{\"@id\":\"https:\/\/www.heimatverein-tostedt.de\/wordpress\/gruppen\/lesezirkel\/#primaryimage\"},\"thumbnailUrl\":\"https:\/\/ww2.heimatverein-tostedt.de\/wordpress\/wp-content\/uploads\/2022\/04\/Mellinger_Karte_um_1600_1-1024x496.jpg\",\"datePublished\":\"2022-04-19T15:56:45+00:00\",\"dateModified\":\"2025-06-08T10:02:36+00:00\",\"breadcrumb\":{\"@id\":\"https:\/\/www.heimatverein-tostedt.de\/wordpress\/gruppen\/lesezirkel\/#breadcrumb\"},\"inLanguage\":\"de\",\"potentialAction\":[{\"@type\":\"ReadAction\",\"target\":[\"https:\/\/www.heimatverein-tostedt.de\/wordpress\/gruppen\/lesezirkel\/\"]}]},{\"@type\":\"ImageObject\",\"inLanguage\":\"de\",\"@id\":\"https:\/\/www.heimatverein-tostedt.de\/wordpress\/gruppen\/lesezirkel\/#primaryimage\",\"url\":\"https:\/\/ww2.heimatverein-tostedt.de\/wordpress\/wp-content\/uploads\/2022\/04\/Mellinger_Karte_um_1600_1-1024x496.jpg\",\"contentUrl\":\"https:\/\/ww2.heimatverein-tostedt.de\/wordpress\/wp-content\/uploads\/2022\/04\/Mellinger_Karte_um_1600_1-1024x496.jpg\"},{\"@type\":\"BreadcrumbList\",\"@id\":\"https:\/\/www.heimatverein-tostedt.de\/wordpress\/gruppen\/lesezirkel\/#breadcrumb\",\"itemListElement\":[{\"@type\":\"ListItem\",\"position\":1,\"name\":\"Startseite\",\"item\":\"https:\/\/www.heimatverein-tostedt.de\/wordpress\/\"},{\"@type\":\"ListItem\",\"position\":2,\"name\":\"Gruppen\",\"item\":\"https:\/\/www.heimatverein-tostedt.de\/wordpress\/gruppen\/\"},{\"@type\":\"ListItem\",\"position\":3,\"name\":\"Lesezirkel\"}]},{\"@type\":\"WebSite\",\"@id\":\"https:\/\/www.heimatverein-tostedt.de\/wordpress\/#website\",\"url\":\"https:\/\/www.heimatverein-tostedt.de\/wordpress\/\",\"name\":\"Heimatverein Tostedt e. V.\",\"description\":\"\",\"potentialAction\":[{\"@type\":\"SearchAction\",\"target\":{\"@type\":\"EntryPoint\",\"urlTemplate\":\"https:\/\/www.heimatverein-tostedt.de\/wordpress\/?s={search_term_string}\"},\"query-input\":{\"@type\":\"PropertyValueSpecification\",\"valueRequired\":true,\"valueName\":\"search_term_string\"}}],\"inLanguage\":\"de\"}]}<\/script>\n<!-- \/ Yoast SEO plugin. -->","yoast_head_json":{"title":"Lesezirkel - Heimatverein Tostedt e. V.","robots":{"index":"index","follow":"follow","max-snippet":"max-snippet:-1","max-image-preview":"max-image-preview:large","max-video-preview":"max-video-preview:-1"},"canonical":"https:\/\/www.heimatverein-tostedt.de\/wordpress\/gruppen\/lesezirkel\/","og_locale":"de_DE","og_type":"article","og_title":"Lesezirkel - Heimatverein Tostedt e. V.","og_description":"Lesezirkel \u201eDEUTSCHE SCHRIFTEN\u201c Beim Lesezirkel \u201eDeutsche Schriften\u201c handelt es sich um einen Arbeitskreis mit Werkstattcharakter. Der bisher dem Samtgemeindearchiv Tostedt zugeordnete Lesezirkel hat sich am 6. Januar 2020 unter das Dach des Heimatvereins begeben. \u00c4ltere handschriftlich verfasste Dokumente, Protokolle, Urkunden und verschiedene andere Schriftst\u00fccke werden gelesen und bei Bedarf auch... Continue reading","og_url":"https:\/\/www.heimatverein-tostedt.de\/wordpress\/gruppen\/lesezirkel\/","og_site_name":"Heimatverein Tostedt e. V.","article_modified_time":"2025-06-08T10:02:36+00:00","og_image":[{"url":"https:\/\/ww2.heimatverein-tostedt.de\/wordpress\/wp-content\/uploads\/2022\/04\/Mellinger_Karte_um_1600_1-1024x496.jpg","type":"","width":"","height":""}],"twitter_card":"summary_large_image","twitter_misc":{"Gesch\u00e4tzte Lesezeit":"2\u00a0Minuten"},"schema":{"@context":"https:\/\/schema.org","@graph":[{"@type":"WebPage","@id":"https:\/\/www.heimatverein-tostedt.de\/wordpress\/gruppen\/lesezirkel\/","url":"https:\/\/www.heimatverein-tostedt.de\/wordpress\/gruppen\/lesezirkel\/","name":"Lesezirkel - Heimatverein Tostedt e. V.","isPartOf":{"@id":"https:\/\/www.heimatverein-tostedt.de\/wordpress\/#website"},"primaryImageOfPage":{"@id":"https:\/\/www.heimatverein-tostedt.de\/wordpress\/gruppen\/lesezirkel\/#primaryimage"},"image":{"@id":"https:\/\/www.heimatverein-tostedt.de\/wordpress\/gruppen\/lesezirkel\/#primaryimage"},"thumbnailUrl":"https:\/\/ww2.heimatverein-tostedt.de\/wordpress\/wp-content\/uploads\/2022\/04\/Mellinger_Karte_um_1600_1-1024x496.jpg","datePublished":"2022-04-19T15:56:45+00:00","dateModified":"2025-06-08T10:02:36+00:00","breadcrumb":{"@id":"https:\/\/www.heimatverein-tostedt.de\/wordpress\/gruppen\/lesezirkel\/#breadcrumb"},"inLanguage":"de","potentialAction":[{"@type":"ReadAction","target":["https:\/\/www.heimatverein-tostedt.de\/wordpress\/gruppen\/lesezirkel\/"]}]},{"@type":"ImageObject","inLanguage":"de","@id":"https:\/\/www.heimatverein-tostedt.de\/wordpress\/gruppen\/lesezirkel\/#primaryimage","url":"https:\/\/ww2.heimatverein-tostedt.de\/wordpress\/wp-content\/uploads\/2022\/04\/Mellinger_Karte_um_1600_1-1024x496.jpg","contentUrl":"https:\/\/ww2.heimatverein-tostedt.de\/wordpress\/wp-content\/uploads\/2022\/04\/Mellinger_Karte_um_1600_1-1024x496.jpg"},{"@type":"BreadcrumbList","@id":"https:\/\/www.heimatverein-tostedt.de\/wordpress\/gruppen\/lesezirkel\/#breadcrumb","itemListElement":[{"@type":"ListItem","position":1,"name":"Startseite","item":"https:\/\/www.heimatverein-tostedt.de\/wordpress\/"},{"@type":"ListItem","position":2,"name":"Gruppen","item":"https:\/\/www.heimatverein-tostedt.de\/wordpress\/gruppen\/"},{"@type":"ListItem","position":3,"name":"Lesezirkel"}]},{"@type":"WebSite","@id":"https:\/\/www.heimatverein-tostedt.de\/wordpress\/#website","url":"https:\/\/www.heimatverein-tostedt.de\/wordpress\/","name":"Heimatverein Tostedt e. V.","description":"","potentialAction":[{"@type":"SearchAction","target":{"@type":"EntryPoint","urlTemplate":"https:\/\/www.heimatverein-tostedt.de\/wordpress\/?s={search_term_string}"},"query-input":{"@type":"PropertyValueSpecification","valueRequired":true,"valueName":"search_term_string"}}],"inLanguage":"de"}]}},"uagb_featured_image_src":{"full":false,"thumbnail":false,"medium":false,"medium_large":false,"large":false,"1536x1536":false,"2048x2048":false,"post-thumbnail":false,"header":false,"slider":false,"columns":false,"custom":false},"uagb_author_info":{"display_name":"admin@heimatverein-tostedt.de","author_link":"https:\/\/www.heimatverein-tostedt.de\/wordpress\/author\/adminheimatverein-tostedt-de\/"},"uagb_comment_info":0,"uagb_excerpt":"Lesezirkel \u201eDEUTSCHE SCHRIFTEN\u201c Beim Lesezirkel \u201eDeutsche Schriften\u201c handelt es sich um einen Arbeitskreis mit Werkstattcharakter. Der bisher dem Samtgemeindearchiv Tostedt zugeordnete Lesezirkel hat sich am 6. Januar 2020 unter das Dach des Heimatvereins begeben. \u00c4ltere handschriftlich verfasste Dokumente, Protokolle, Urkunden und verschiedene andere Schriftst\u00fccke werden gelesen und bei Bedarf auch... Continue reading","jetpack_sharing_enabled":true,"_links":{"self":[{"href":"https:\/\/www.heimatverein-tostedt.de\/wordpress\/wp-json\/wp\/v2\/pages\/68","targetHints":{"allow":["GET"]}}],"collection":[{"href":"https:\/\/www.heimatverein-tostedt.de\/wordpress\/wp-json\/wp\/v2\/pages"}],"about":[{"href":"https:\/\/www.heimatverein-tostedt.de\/wordpress\/wp-json\/wp\/v2\/types\/page"}],"author":[{"embeddable":true,"href":"https:\/\/www.heimatverein-tostedt.de\/wordpress\/wp-json\/wp\/v2\/users\/1"}],"replies":[{"embeddable":true,"href":"https:\/\/www.heimatverein-tostedt.de\/wordpress\/wp-json\/wp\/v2\/comments?post=68"}],"version-history":[{"count":8,"href":"https:\/\/www.heimatverein-tostedt.de\/wordpress\/wp-json\/wp\/v2\/pages\/68\/revisions"}],"predecessor-version":[{"id":1773,"href":"https:\/\/www.heimatverein-tostedt.de\/wordpress\/wp-json\/wp\/v2\/pages\/68\/revisions\/1773"}],"up":[{"embeddable":true,"href":"https:\/\/www.heimatverein-tostedt.de\/wordpress\/wp-json\/wp\/v2\/pages\/15"}],"wp:attachment":[{"href":"https:\/\/www.heimatverein-tostedt.de\/wordpress\/wp-json\/wp\/v2\/media?parent=68"}],"curies":[{"name":"wp","href":"https:\/\/api.w.org\/{rel}","templated":true}]}}