{"id":64,"date":"2022-04-19T17:56:27","date_gmt":"2022-04-19T15:56:27","guid":{"rendered":"https:\/\/ww2.heimatverein-tostedt.de\/wordpress\/?page_id=64"},"modified":"2023-04-30T16:59:08","modified_gmt":"2023-04-30T14:59:08","slug":"geschichtswerkstatt","status":"publish","type":"page","link":"https:\/\/www.heimatverein-tostedt.de\/wordpress\/gruppen\/geschichtswerkstatt\/","title":{"rendered":"Geschichtswerkstatt"},"content":{"rendered":"\n<p>Wir besch\u00e4ftigen uns mit der Geschichte Tostedts und der Vergangenheit der umliegenden Orte.<\/p>\n\n\n\n<p>Unsere Projekte reichen von der Zeitzeugenbefragung \u00fcber die Recherche und Ausarbeitung geschichtlicher Themen bis zur Bearbeitung von Fotos, Dokumenten und, und, und&#8230;<\/p>\n\n\n\n<p>Wir freuen uns, wenn Sie geschichtliches Interesse haben und bei uns ganz unverbindlich mitmachen m\u00f6chten.<\/p>\n\n\n\n<p><strong>Wo<\/strong>: Heimathaus Tostedt, Himmelsweg 8<br><strong>Wann:<\/strong>&nbsp;jeden 2. Freitag im Monat um 15.00 Uhr<br><strong>Termine und Themen<\/strong>: siehe Rubrik Termine auf der Website<br>N\u00e4here Information bei: Jens Versemann,<\/p>\n\n\n\n<p>Tel. 040-47115282, E-Mail:\u00a0<a href=\"mailto:jens.versemann@heimatverein-tostedt.de\">jens.versemann@heimatverein-tostedt.de<\/a><\/p>\n\n\n\n<p>Der Verein braucht die Mithilfe aller Mitglieder des Vereins und aller B\u00fcrger der Samtgemeinde Tostedt. Helfen Sie, die Sammlungen im Heimathaus zu vervollst\u00e4ndigen, zu erweitern oder neue Bereiche zu erschlie\u00dfen. Wenden Sie sich bitte an folgende Anschrift:<br><br><em>Heimatverein Tostedt e. V.<\/em><br><em>Hans-J\u00fcrgen Speer<br>Himmelsweg 8<\/em><br><em>21255 Tostedt<\/em><\/p>\n\n\n\n<p><em>Tel.: 04182-8257, E-Mail: <a href=\"mailto:hans-juergen.speer@heimatverein-tostedt.de\">hans-juergen.speer@heimatverein-tostedt.de<\/a><\/em><\/p>\n\n\n\n<p>Sie erhalten bei \u00dcbergabe eines St\u00fcckes auf Wunsch eine Quittung des Vereins; falls Sie es w\u00fcnschen, werden die St\u00fccke abgeholt und Kopien angefertigt. Werfen Sie nichts weg, auch wenn es Ihnen wertlos erscheinen mag.<\/p>\n","protected":false},"excerpt":{"rendered":"<p>Wir besch\u00e4ftigen uns mit der Geschichte Tostedts und der Vergangenheit der umliegenden Orte. Unsere Projekte reichen von der Zeitzeugenbefragung \u00fcber die Recherche und Ausarbeitung geschichtlicher Themen bis zur Bearbeitung von Fotos, Dokumenten und, und, und&#8230; Wir freuen uns, wenn Sie geschichtliches Interesse haben und bei uns ganz unverbindlich mitmachen m\u00f6chten&#8230;.<\/p>\n<p> <a class=\"continue-reading-link\" href=\"https:\/\/www.heimatverein-tostedt.de\/wordpress\/gruppen\/geschichtswerkstatt\/\"><span>Continue reading<\/span><i class=\"crycon-right-dir\"><\/i><\/a> <\/p>\n","protected":false},"author":1,"featured_media":0,"parent":15,"menu_order":0,"comment_status":"closed","ping_status":"closed","template":"","meta":{"_uag_custom_page_level_css":"","ngg_post_thumbnail":0,"footnotes":""},"class_list":["post-64","page","type-page","status-publish","hentry"],"yoast_head":"<!-- This site is optimized with the Yoast SEO plugin v25.3.1 - https:\/\/yoast.com\/wordpress\/plugins\/seo\/ -->\n<title>Geschichtswerkstatt - Heimatverein Tostedt e. V.<\/title>\n<meta name=\"robots\" content=\"index, follow, max-snippet:-1, max-image-preview:large, max-video-preview:-1\" \/>\n<link rel=\"canonical\" href=\"https:\/\/www.heimatverein-tostedt.de\/wordpress\/gruppen\/geschichtswerkstatt\/\" \/>\n<meta property=\"og:locale\" content=\"de_DE\" \/>\n<meta property=\"og:type\" content=\"article\" \/>\n<meta property=\"og:title\" content=\"Geschichtswerkstatt - Heimatverein Tostedt e. V.\" \/>\n<meta property=\"og:description\" content=\"Wir besch\u00e4ftigen uns mit der Geschichte Tostedts und der Vergangenheit der umliegenden Orte. Unsere Projekte reichen von der Zeitzeugenbefragung \u00fcber die Recherche und Ausarbeitung geschichtlicher Themen bis zur Bearbeitung von Fotos, Dokumenten und, und, und&#8230; Wir freuen uns, wenn Sie geschichtliches Interesse haben und bei uns ganz unverbindlich mitmachen m\u00f6chten.... Continue reading\" \/>\n<meta property=\"og:url\" content=\"https:\/\/www.heimatverein-tostedt.de\/wordpress\/gruppen\/geschichtswerkstatt\/\" \/>\n<meta property=\"og:site_name\" content=\"Heimatverein Tostedt e. V.\" \/>\n<meta property=\"article:modified_time\" content=\"2023-04-30T14:59:08+00:00\" \/>\n<meta name=\"twitter:card\" content=\"summary_large_image\" \/>\n<meta name=\"twitter:label1\" content=\"Gesch\u00e4tzte Lesezeit\" \/>\n\t<meta name=\"twitter:data1\" content=\"1\u00a0Minute\" \/>\n<script type=\"application\/ld+json\" class=\"yoast-schema-graph\">{\"@context\":\"https:\/\/schema.org\",\"@graph\":[{\"@type\":\"WebPage\",\"@id\":\"https:\/\/www.heimatverein-tostedt.de\/wordpress\/gruppen\/geschichtswerkstatt\/\",\"url\":\"https:\/\/www.heimatverein-tostedt.de\/wordpress\/gruppen\/geschichtswerkstatt\/\",\"name\":\"Geschichtswerkstatt - Heimatverein Tostedt e. V.\",\"isPartOf\":{\"@id\":\"https:\/\/www.heimatverein-tostedt.de\/wordpress\/#website\"},\"datePublished\":\"2022-04-19T15:56:27+00:00\",\"dateModified\":\"2023-04-30T14:59:08+00:00\",\"breadcrumb\":{\"@id\":\"https:\/\/www.heimatverein-tostedt.de\/wordpress\/gruppen\/geschichtswerkstatt\/#breadcrumb\"},\"inLanguage\":\"de\",\"potentialAction\":[{\"@type\":\"ReadAction\",\"target\":[\"https:\/\/www.heimatverein-tostedt.de\/wordpress\/gruppen\/geschichtswerkstatt\/\"]}]},{\"@type\":\"BreadcrumbList\",\"@id\":\"https:\/\/www.heimatverein-tostedt.de\/wordpress\/gruppen\/geschichtswerkstatt\/#breadcrumb\",\"itemListElement\":[{\"@type\":\"ListItem\",\"position\":1,\"name\":\"Startseite\",\"item\":\"https:\/\/www.heimatverein-tostedt.de\/wordpress\/\"},{\"@type\":\"ListItem\",\"position\":2,\"name\":\"Gruppen\",\"item\":\"https:\/\/www.heimatverein-tostedt.de\/wordpress\/gruppen\/\"},{\"@type\":\"ListItem\",\"position\":3,\"name\":\"Geschichtswerkstatt\"}]},{\"@type\":\"WebSite\",\"@id\":\"https:\/\/www.heimatverein-tostedt.de\/wordpress\/#website\",\"url\":\"https:\/\/www.heimatverein-tostedt.de\/wordpress\/\",\"name\":\"Heimatverein Tostedt e. V.\",\"description\":\"\",\"potentialAction\":[{\"@type\":\"SearchAction\",\"target\":{\"@type\":\"EntryPoint\",\"urlTemplate\":\"https:\/\/www.heimatverein-tostedt.de\/wordpress\/?s={search_term_string}\"},\"query-input\":{\"@type\":\"PropertyValueSpecification\",\"valueRequired\":true,\"valueName\":\"search_term_string\"}}],\"inLanguage\":\"de\"}]}<\/script>\n<!-- \/ Yoast SEO plugin. -->","yoast_head_json":{"title":"Geschichtswerkstatt - Heimatverein Tostedt e. V.","robots":{"index":"index","follow":"follow","max-snippet":"max-snippet:-1","max-image-preview":"max-image-preview:large","max-video-preview":"max-video-preview:-1"},"canonical":"https:\/\/www.heimatverein-tostedt.de\/wordpress\/gruppen\/geschichtswerkstatt\/","og_locale":"de_DE","og_type":"article","og_title":"Geschichtswerkstatt - Heimatverein Tostedt e. V.","og_description":"Wir besch\u00e4ftigen uns mit der Geschichte Tostedts und der Vergangenheit der umliegenden Orte. Unsere Projekte reichen von der Zeitzeugenbefragung \u00fcber die Recherche und Ausarbeitung geschichtlicher Themen bis zur Bearbeitung von Fotos, Dokumenten und, und, und&#8230; Wir freuen uns, wenn Sie geschichtliches Interesse haben und bei uns ganz unverbindlich mitmachen m\u00f6chten.... Continue reading","og_url":"https:\/\/www.heimatverein-tostedt.de\/wordpress\/gruppen\/geschichtswerkstatt\/","og_site_name":"Heimatverein Tostedt e. V.","article_modified_time":"2023-04-30T14:59:08+00:00","twitter_card":"summary_large_image","twitter_misc":{"Gesch\u00e4tzte Lesezeit":"1\u00a0Minute"},"schema":{"@context":"https:\/\/schema.org","@graph":[{"@type":"WebPage","@id":"https:\/\/www.heimatverein-tostedt.de\/wordpress\/gruppen\/geschichtswerkstatt\/","url":"https:\/\/www.heimatverein-tostedt.de\/wordpress\/gruppen\/geschichtswerkstatt\/","name":"Geschichtswerkstatt - Heimatverein Tostedt e. V.","isPartOf":{"@id":"https:\/\/www.heimatverein-tostedt.de\/wordpress\/#website"},"datePublished":"2022-04-19T15:56:27+00:00","dateModified":"2023-04-30T14:59:08+00:00","breadcrumb":{"@id":"https:\/\/www.heimatverein-tostedt.de\/wordpress\/gruppen\/geschichtswerkstatt\/#breadcrumb"},"inLanguage":"de","potentialAction":[{"@type":"ReadAction","target":["https:\/\/www.heimatverein-tostedt.de\/wordpress\/gruppen\/geschichtswerkstatt\/"]}]},{"@type":"BreadcrumbList","@id":"https:\/\/www.heimatverein-tostedt.de\/wordpress\/gruppen\/geschichtswerkstatt\/#breadcrumb","itemListElement":[{"@type":"ListItem","position":1,"name":"Startseite","item":"https:\/\/www.heimatverein-tostedt.de\/wordpress\/"},{"@type":"ListItem","position":2,"name":"Gruppen","item":"https:\/\/www.heimatverein-tostedt.de\/wordpress\/gruppen\/"},{"@type":"ListItem","position":3,"name":"Geschichtswerkstatt"}]},{"@type":"WebSite","@id":"https:\/\/www.heimatverein-tostedt.de\/wordpress\/#website","url":"https:\/\/www.heimatverein-tostedt.de\/wordpress\/","name":"Heimatverein Tostedt e. V.","description":"","potentialAction":[{"@type":"SearchAction","target":{"@type":"EntryPoint","urlTemplate":"https:\/\/www.heimatverein-tostedt.de\/wordpress\/?s={search_term_string}"},"query-input":{"@type":"PropertyValueSpecification","valueRequired":true,"valueName":"search_term_string"}}],"inLanguage":"de"}]}},"uagb_featured_image_src":{"full":false,"thumbnail":false,"medium":false,"medium_large":false,"large":false,"1536x1536":false,"2048x2048":false,"post-thumbnail":false,"header":false,"slider":false,"columns":false,"custom":false},"uagb_author_info":{"display_name":"admin@heimatverein-tostedt.de","author_link":"https:\/\/www.heimatverein-tostedt.de\/wordpress\/author\/adminheimatverein-tostedt-de\/"},"uagb_comment_info":0,"uagb_excerpt":"Wir besch\u00e4ftigen uns mit der Geschichte Tostedts und der Vergangenheit der umliegenden Orte. Unsere Projekte reichen von der Zeitzeugenbefragung \u00fcber die Recherche und Ausarbeitung geschichtlicher Themen bis zur Bearbeitung von Fotos, Dokumenten und, und, und&#8230; Wir freuen uns, wenn Sie geschichtliches Interesse haben und bei uns ganz unverbindlich mitmachen m\u00f6chten.... Continue reading","jetpack_sharing_enabled":true,"_links":{"self":[{"href":"https:\/\/www.heimatverein-tostedt.de\/wordpress\/wp-json\/wp\/v2\/pages\/64","targetHints":{"allow":["GET"]}}],"collection":[{"href":"https:\/\/www.heimatverein-tostedt.de\/wordpress\/wp-json\/wp\/v2\/pages"}],"about":[{"href":"https:\/\/www.heimatverein-tostedt.de\/wordpress\/wp-json\/wp\/v2\/types\/page"}],"author":[{"embeddable":true,"href":"https:\/\/www.heimatverein-tostedt.de\/wordpress\/wp-json\/wp\/v2\/users\/1"}],"replies":[{"embeddable":true,"href":"https:\/\/www.heimatverein-tostedt.de\/wordpress\/wp-json\/wp\/v2\/comments?post=64"}],"version-history":[{"count":8,"href":"https:\/\/www.heimatverein-tostedt.de\/wordpress\/wp-json\/wp\/v2\/pages\/64\/revisions"}],"predecessor-version":[{"id":1138,"href":"https:\/\/www.heimatverein-tostedt.de\/wordpress\/wp-json\/wp\/v2\/pages\/64\/revisions\/1138"}],"up":[{"embeddable":true,"href":"https:\/\/www.heimatverein-tostedt.de\/wordpress\/wp-json\/wp\/v2\/pages\/15"}],"wp:attachment":[{"href":"https:\/\/www.heimatverein-tostedt.de\/wordpress\/wp-json\/wp\/v2\/media?parent=64"}],"curies":[{"name":"wp","href":"https:\/\/api.w.org\/{rel}","templated":true}]}}