{"id":548,"date":"2022-05-15T15:35:25","date_gmt":"2022-05-15T13:35:25","guid":{"rendered":"https:\/\/www.heimatverein-tostedt.de\/wordpress\/?page_id=548"},"modified":"2026-03-17T14:03:22","modified_gmt":"2026-03-17T13:03:22","slug":"kontakt","status":"publish","type":"page","link":"https:\/\/www.heimatverein-tostedt.de\/wordpress\/kontakt\/","title":{"rendered":"Kontakt"},"content":{"rendered":"\n<div class=\"wp-block-jetpack-contact-info\">\n\n\n\n<\/div>\n\n\n\n<p>&nbsp;<em>Ansprechpartner sind alle Vorstandsmitglieder: <\/em><\/p>\n\n\n\n<p><em>Herr Hans-J\u00fcrgen Speer (1. Vorsitzender) &#8211; <a rel=\"noreferrer noopener\" href=\"mailto:hans-juergen.speer@heimatverein-tostedt.de\" target=\"_blank\">hans-juergen.speer@heimatverein-tostedt.de<\/a><\/em><\/p>\n\n\n\n<p><em>Frau Elke M\u00fcller (2. Vorsitzende) &#8211; <a rel=\"noreferrer noopener\" href=\"mailto:elke.mueller@heimatverein-tostedt.de\" target=\"_blank\">elke.mueller@heimatverein-tostedt.de<\/a><\/em><\/p>\n\n\n\n<p><em>Frau Anne Peters (Kassenwartin) <em>&#8211; <a rel=\"noreferrer noopener\" href=\"mailto:anne.peters@heimatverein-tostedt.de\" target=\"_blank\">anne.peters@heimatverein-tostedt.de<\/a><\/em><\/em><\/p>\n\n\n\n<p><em>Frau Annegret Speer (Schriftf\u00fchrerin)<em> &#8211; <a rel=\"noreferrer noopener\" href=\"mailto:annegret.speer@heimatverein-tostedt.de\" target=\"_blank\">annegret.speer@heimatverein-tostedt.de<\/a><\/em><\/em><\/p>\n\n\n\n<p><em>Herr Herbert Albers (stellvertr. Schriftf\u00fchrer) &#8211; <a rel=\"noreferrer noopener\" href=\"mailto:herbert.albers@heimatverein-tostedt.de\" target=\"_blank\">herbert.albers@heimatverein-tostedt.de<\/a><\/em><\/p>\n\n\n\n<p>&#8211;<\/p>\n\n\n\n<p><\/p>\n\n\n\n<p>F\u00fcr den Fall, dass Sie uns finanziell unterst\u00fctzen m\u00f6chten, lautet unsere Bankverbindung wie folgt: IBAN: DE80 <a href=\"tel:2075 0000 0006 0176\">2075 0000 0006 0176<\/a> 93<br>(SWIFT-BIC: NOLADE21HAM).<\/p>\n\n\n\n<p>Falls sie mit dem Verein schriftlich in Kontakt treten m\u00f6chten, k\u00f6nnen Sie dies per Brief oder E-Mail unter folgenden Adressen tun:<\/p>\n\n\n\n<p>a )&nbsp; Heimatverein Tostedt e. V., Himmelsweg 8, 21255 Tostedt&nbsp;<\/p>\n\n\n\n<p>b ) <a rel=\"noreferrer noopener\" href=\"mailto:info@heimatverein-tostedt.de\" target=\"_blank\">info@heimatverein-tostedt.de<\/a> oder <a rel=\"noreferrer noopener\" href=\"mailto:heimatvereintostedt@gmx.de\" target=\"_blank\">heimatvereintostedt@gmx.de<\/a><\/p>\n\n\n\n<p>Oder Sie rufen einen der Vorsitzenden an:<br>Herr Hans-J\u00fcrgen Speer, Tel. <a href=\"tel:04182-8257\">04182-8257<\/a> oder E-Mail: <a rel=\"noreferrer noopener\" href=\"mailto:hans-juergen.speer@heimatverein-tostedt.de\" target=\"_blank\">hans-juergen.speer@heimatverein-tostedt.de<\/a><\/p>\n\n\n\n<p>Frau Elke M\u00fcller, Tel. <a href=\"tel:04182-291776\">04182-291776<\/a> oder E-Mail: <a href=\"mailto:elke.mueller@heimatverein-tostedt.de\" target=\"_blank\" rel=\"noreferrer noopener\">elke.mueller@heimatverein-tostedt.de<\/a><\/p>\n\n\n\n<p>&#8211;<\/p>\n\n\n\n<p><\/p>\n\n\n\n<p><\/p>\n\n\n\n<figure class=\"wp-block-table\"><table><thead><tr><th>Ansprechpartner unserer Arbeitsgruppen<\/th><th>Telefonnummer<\/th><th>E-Mail       <\/th><\/tr><\/thead><tbody><tr><td><strong>Archiv\/B\u00fccherei<\/strong>:<\/td><td><\/td><td><\/td><\/tr><tr><td>Herbert Albers<\/td><td>04182-8098163<\/td><td><a href=\"mailto:herbert.albers@heimatverein-tostedt.de\" target=\"_blank\" rel=\"noreferrer noopener\">herbert.albers@heimatverein-tostedt.de<\/a><\/td><\/tr><tr><td><\/td><td><\/td><td><\/td><\/tr><tr><td><strong>Backgruppe<\/strong>:<\/td><td><\/td><td><\/td><\/tr><tr><td>Peter Horns<\/td><td>04182-5997<\/td><td><a href=\"mailto:peter.horns@heimatverein-tostedt.de\">peter.horns@heimatverein-tostedt.de<\/a><\/td><\/tr><tr><td><\/td><td><\/td><td><\/td><\/tr><tr><td><strong>Druckwerkstatt:<\/strong><\/td><td><\/td><td><\/td><\/tr><tr><td>Hans-J\u00fcrgen Gesekus<\/td><td>04182-5120<\/td><td><a href=\"mailto:hans-juergen.gesekus@heimatverein-tostedt.de\" target=\"_blank\" rel=\"noreferrer noopener\">hans-juergen.gesekus@heimatverein-tostedt.de<\/a><\/td><\/tr><tr><td><\/td><td><\/td><td><\/td><\/tr><tr><td><strong>Geschichtswerkstatt:<\/strong><\/td><td><\/td><td><\/td><\/tr><tr><td>Jens Versemann<\/td><td>040-47115282<\/td><td><a href=\"mailto:jens.versemann@heimatverein-tostedt.de\" target=\"_blank\" rel=\"noreferrer noopener\">jens.versemann@heimatverein-tostedt.de<\/a><\/td><\/tr><tr><td><\/td><td><\/td><td><\/td><\/tr><tr><td><strong>Lesezirkel:<\/strong><\/td><td><\/td><td><\/td><\/tr><tr><td>Burkhard Gerlach<\/td><td>04182-959685<\/td><td><a href=\"mailto:burkhard.gerlach@heimatverein-tostedt.de\" target=\"_blank\" rel=\"noreferrer noopener\">burkhard.gerlach@heimatverein-tostedt.de<\/a><\/td><\/tr><tr><td><\/td><td><\/td><td><\/td><\/tr><tr><td><strong>Literaturkreis:<\/strong><\/td><td><\/td><td><\/td><\/tr><tr><td>Elke B\u00f6ckenhauer<\/td><td>04182-7515<\/td><td><a href=\"mailto:elke.boeckenhauer@heimatverein-tostedt.de\">elke.boeckenhauer@heimatverein-tostedt.de<\/a><\/td><\/tr><tr><td><\/td><td><\/td><td><\/td><\/tr><tr><td><strong>Nachrichten von Hermann und Erika:<\/strong><\/td><td><\/td><td><\/td><\/tr><tr><td>Jens Versemann<\/td><td>040-47115282<\/td><td><a href=\"mailto:redaktion@heimatverein-tostedt.de\">redaktion@heimatverein-tostedt.de<\/a><\/td><\/tr><tr><td><\/td><td><\/td><td><\/td><\/tr><tr><td><strong>Plattdeutsch:<\/strong><\/td><td><\/td><td><\/td><\/tr><tr><td>Hans-Heinrich Dreyer<\/td><td>04182-5130<\/td><td><\/td><\/tr><tr><td><\/td><td><\/td><td><\/td><\/tr><tr><td><strong>Singkreis:<\/strong><\/td><td><\/td><td><\/td><\/tr><tr><td>Anja Keller<\/td><td>04182-22880<\/td><td><a href=\"mailto:anja.keller@heimatverein-tostedt.de\">anja.keller@heimatverein-tostedt.de<\/a><\/td><\/tr><tr><td><\/td><td><\/td><td><\/td><\/tr><tr><td><strong>Spinngruppe:<\/strong><\/td><td><\/td><td><\/td><\/tr><tr><td>Elke M\u00fcller<\/td><td>04182-291776<\/td><td><a href=\"mailto:elke.mueller@heimatverein-tostedt.de\" target=\"_blank\" rel=\"noreferrer noopener\">elke.mueller@heimatverein-tostedt.de<\/a><\/td><\/tr><tr><td><\/td><td><\/td><td><\/td><\/tr><tr><td><strong>Strickgruppe:<\/strong><\/td><td><\/td><td><\/td><\/tr><tr><td>Sonja Bade<\/td><td>0170-2836994<\/td><td><a href=\"mailto:sonja.bade@heimatverein-tostedt.de\" target=\"_blank\" rel=\"noreferrer noopener\">sonja.bade@heimatverein-tostedt.de<\/a><\/td><\/tr><tr><td><\/td><td><\/td><td><\/td><\/tr><tr><td><strong>Tanzgruppe:<\/strong><\/td><td><\/td><td><\/td><\/tr><tr><td>Birgit Joel<\/td><td>0178-9774907<\/td><td><a href=\"mailto:birgit.joel@heimatverein-tostedt.de\">birgit.joel@heimatverein-tostedt.de<\/a><\/td><\/tr><tr><td><\/td><td><\/td><td><\/td><\/tr><tr><td><strong>Website Administrator:<\/strong><\/td><td><\/td><td><\/td><\/tr><tr><td>Horst Meyer<\/td><td>04182-6616<\/td><td><a href=\"mailto:horst.meyer@heimatverein-tostedt.de\" target=\"_blank\" rel=\"noreferrer noopener\">horst.meyer@heimatverein-tostedt.de<\/a><\/td><\/tr><\/tbody><\/table><\/figure>\n\n\n\n<p>&#8211;<\/p>\n\n\n\n<h2 class=\"wp-block-heading\">Treffen der Arbeitsgruppen<\/h2>\n\n\n\n<p>&#8211;<\/p>\n\n\n\n<figure class=\"wp-block-table\"><table><thead><tr><th>Arbeitsgruppe<\/th><th>Termin<\/th><th>Tag<\/th><th>Uhrzeit<\/th><th>Bemerkung<\/th><\/tr><\/thead><tbody><tr><td>Archiv\/B\u00fccherei<\/td><td>jeden Montag<\/td><td>Montag<\/td><td>15:00-17:00<\/td><td><\/td><\/tr><tr><td><\/td><td><\/td><td><\/td><td><\/td><td><\/td><\/tr><tr><td>Backgruppe<\/td><td>Fr\u00fchlingsmarkt, Flohmarkt, Christkindlmarkt und sporadisch<\/td><td>Mai \/ Sept. \/ Dez.<\/td><td><\/td><td><\/td><\/tr><tr><td><\/td><td><\/td><td><\/td><td><\/td><td><\/td><\/tr><tr><td>Druckwerkstatt &#8222;Bleil\u00e4use&#8220;<\/td><td>Dienstag \/ 14-t\u00e4gig in den ungeraden Wochen<\/td><td>Dienstag<\/td><td>ab 16:00<\/td><td><\/td><\/tr><tr><td><\/td><td><\/td><td><\/td><td><\/td><td><\/td><\/tr><tr><td>Geschichtswerkstatt<\/td><td>2. Freitag im Monat<\/td><td>Freitag<\/td><td>ab 15:00<\/td><td>nicht im Juli und August<\/td><\/tr><tr><td><\/td><td><\/td><td><\/td><td><\/td><td><\/td><\/tr><tr><td>Lesezirkel<\/td><td>1. Montag im Monat<\/td><td>Montag<\/td><td>ab 15:30<\/td><td>nicht im Juli und August<\/td><\/tr><tr><td><\/td><td><\/td><td><\/td><td><\/td><td><\/td><\/tr><tr><td>Literaturkreis &#8222;Literarisches Caf\u00e9&#8220;<\/td><td>2. Mittwoch im Monat<\/td><td>Mittwoch<\/td><td>19:30<\/td><td><\/td><\/tr><tr><td><\/td><td><\/td><td><\/td><td><\/td><td><\/td><\/tr><tr><td>Plattdeutsch<br>&#8222;Platt in&#8217;n Heimathuus&#8220;<\/td><td>1. Donnerstag im Monat<\/td><td>Donnerstag<\/td><td>ab 19:30<\/td><td><\/td><\/tr><tr><td><\/td><td><\/td><td><\/td><td><\/td><td><\/td><\/tr><tr><td>Singkreis<\/td><td>Dienstag \/ 14-t\u00e4gig in den ungeraden Wochen<\/td><td>Dienstag<\/td><td>15:00-16:30<\/td><td>nicht in den Sommerferien<\/td><\/tr><tr><td><\/td><td><\/td><td><\/td><td><\/td><td><\/td><\/tr><tr><td>Spinngruppe &#8222;T\u00f6ster Spinnstuuv&#8220;<\/td><td>alle 3 Wochen freitags<\/td><td>Freitag<\/td><td>ab 17:00<\/td><td><\/td><\/tr><tr><td><\/td><td><\/td><td><\/td><td><\/td><td><\/td><\/tr><tr><td>Strickgruppe &#8222;Wollm\u00e4use&#8220;<\/td><td>Donnerstag \/ 14-t\u00e4gig in den geraden Wochen<\/td><td>Donnerstag<\/td><td>15:30-18:30<\/td><td><\/td><\/tr><tr><td><\/td><td><\/td><td><\/td><td><\/td><td><\/td><\/tr><tr><td>Tanzgruppe<\/td><td>Montag \/ 14-t\u00e4gig in den ungeraden Wochen<\/td><td>Montag<\/td><td>16:00-17:30<\/td><td>nicht in den Sommerferien<\/td><\/tr><tr><td><\/td><td><\/td><td><\/td><td><\/td><td><\/td><\/tr><\/tbody><\/table><\/figure>\n","protected":false},"excerpt":{"rendered":"<p>&nbsp;Ansprechpartner sind alle Vorstandsmitglieder: Herr Hans-J\u00fcrgen Speer (1. Vorsitzender) &#8211; hans-juergen.speer@heimatverein-tostedt.de Frau Elke M\u00fcller (2. Vorsitzende) &#8211; elke.mueller@heimatverein-tostedt.de Frau Anne Peters (Kassenwartin) &#8211; anne.peters@heimatverein-tostedt.de Frau Annegret Speer (Schriftf\u00fchrerin) &#8211; annegret.speer@heimatverein-tostedt.de Herr Herbert Albers (stellvertr. Schriftf\u00fchrer) &#8211; herbert.albers@heimatverein-tostedt.de &#8211; F\u00fcr den Fall, dass Sie uns finanziell unterst\u00fctzen m\u00f6chten, lautet unsere Bankverbindung&#8230;<\/p>\n<p> <a class=\"continue-reading-link\" href=\"https:\/\/www.heimatverein-tostedt.de\/wordpress\/kontakt\/\"><span>Continue reading<\/span><i class=\"crycon-right-dir\"><\/i><\/a> <\/p>\n","protected":false},"author":1,"featured_media":0,"parent":0,"menu_order":91,"comment_status":"closed","ping_status":"closed","template":"","meta":{"_uag_custom_page_level_css":"","ngg_post_thumbnail":0,"footnotes":""},"class_list":["post-548","page","type-page","status-publish","hentry"],"yoast_head":"<!-- This site is optimized with the Yoast SEO plugin v25.3.1 - https:\/\/yoast.com\/wordpress\/plugins\/seo\/ -->\n<title>Kontakt - Heimatverein Tostedt e. V.<\/title>\n<meta name=\"robots\" content=\"index, follow, max-snippet:-1, max-image-preview:large, max-video-preview:-1\" \/>\n<link rel=\"canonical\" href=\"https:\/\/www.heimatverein-tostedt.de\/wordpress\/kontakt\/\" \/>\n<meta property=\"og:locale\" content=\"de_DE\" \/>\n<meta property=\"og:type\" content=\"article\" \/>\n<meta property=\"og:title\" content=\"Kontakt - Heimatverein Tostedt e. V.\" \/>\n<meta property=\"og:description\" content=\"&nbsp;Ansprechpartner sind alle Vorstandsmitglieder: Herr Hans-J\u00fcrgen Speer (1. Vorsitzender) &#8211; hans-juergen.speer@heimatverein-tostedt.de Frau Elke M\u00fcller (2. Vorsitzende) &#8211; elke.mueller@heimatverein-tostedt.de Frau Anne Peters (Kassenwartin) &#8211; anne.peters@heimatverein-tostedt.de Frau Annegret Speer (Schriftf\u00fchrerin) &#8211; annegret.speer@heimatverein-tostedt.de Herr Herbert Albers (stellvertr. Schriftf\u00fchrer) &#8211; herbert.albers@heimatverein-tostedt.de &#8211; F\u00fcr den Fall, dass Sie uns finanziell unterst\u00fctzen m\u00f6chten, lautet unsere Bankverbindung... Continue reading\" \/>\n<meta property=\"og:url\" content=\"https:\/\/www.heimatverein-tostedt.de\/wordpress\/kontakt\/\" \/>\n<meta property=\"og:site_name\" content=\"Heimatverein Tostedt e. V.\" \/>\n<meta property=\"article:modified_time\" content=\"2026-03-17T13:03:22+00:00\" \/>\n<meta name=\"twitter:card\" content=\"summary_large_image\" \/>\n<meta name=\"twitter:label1\" content=\"Gesch\u00e4tzte Lesezeit\" \/>\n\t<meta name=\"twitter:data1\" content=\"2\u00a0Minuten\" \/>\n<script type=\"application\/ld+json\" class=\"yoast-schema-graph\">{\"@context\":\"https:\/\/schema.org\",\"@graph\":[{\"@type\":\"WebPage\",\"@id\":\"https:\/\/www.heimatverein-tostedt.de\/wordpress\/kontakt\/\",\"url\":\"https:\/\/www.heimatverein-tostedt.de\/wordpress\/kontakt\/\",\"name\":\"Kontakt - Heimatverein Tostedt e. V.\",\"isPartOf\":{\"@id\":\"https:\/\/www.heimatverein-tostedt.de\/wordpress\/#website\"},\"datePublished\":\"2022-05-15T13:35:25+00:00\",\"dateModified\":\"2026-03-17T13:03:22+00:00\",\"breadcrumb\":{\"@id\":\"https:\/\/www.heimatverein-tostedt.de\/wordpress\/kontakt\/#breadcrumb\"},\"inLanguage\":\"de\",\"potentialAction\":[{\"@type\":\"ReadAction\",\"target\":[\"https:\/\/www.heimatverein-tostedt.de\/wordpress\/kontakt\/\"]}]},{\"@type\":\"BreadcrumbList\",\"@id\":\"https:\/\/www.heimatverein-tostedt.de\/wordpress\/kontakt\/#breadcrumb\",\"itemListElement\":[{\"@type\":\"ListItem\",\"position\":1,\"name\":\"Startseite\",\"item\":\"https:\/\/www.heimatverein-tostedt.de\/wordpress\/\"},{\"@type\":\"ListItem\",\"position\":2,\"name\":\"Kontakt\"}]},{\"@type\":\"WebSite\",\"@id\":\"https:\/\/www.heimatverein-tostedt.de\/wordpress\/#website\",\"url\":\"https:\/\/www.heimatverein-tostedt.de\/wordpress\/\",\"name\":\"Heimatverein Tostedt e. V.\",\"description\":\"\",\"potentialAction\":[{\"@type\":\"SearchAction\",\"target\":{\"@type\":\"EntryPoint\",\"urlTemplate\":\"https:\/\/www.heimatverein-tostedt.de\/wordpress\/?s={search_term_string}\"},\"query-input\":{\"@type\":\"PropertyValueSpecification\",\"valueRequired\":true,\"valueName\":\"search_term_string\"}}],\"inLanguage\":\"de\"}]}<\/script>\n<!-- \/ Yoast SEO plugin. -->","yoast_head_json":{"title":"Kontakt - Heimatverein Tostedt e. V.","robots":{"index":"index","follow":"follow","max-snippet":"max-snippet:-1","max-image-preview":"max-image-preview:large","max-video-preview":"max-video-preview:-1"},"canonical":"https:\/\/www.heimatverein-tostedt.de\/wordpress\/kontakt\/","og_locale":"de_DE","og_type":"article","og_title":"Kontakt - Heimatverein Tostedt e. V.","og_description":"&nbsp;Ansprechpartner sind alle Vorstandsmitglieder: Herr Hans-J\u00fcrgen Speer (1. Vorsitzender) &#8211; hans-juergen.speer@heimatverein-tostedt.de Frau Elke M\u00fcller (2. Vorsitzende) &#8211; elke.mueller@heimatverein-tostedt.de Frau Anne Peters (Kassenwartin) &#8211; anne.peters@heimatverein-tostedt.de Frau Annegret Speer (Schriftf\u00fchrerin) &#8211; annegret.speer@heimatverein-tostedt.de Herr Herbert Albers (stellvertr. Schriftf\u00fchrer) &#8211; herbert.albers@heimatverein-tostedt.de &#8211; F\u00fcr den Fall, dass Sie uns finanziell unterst\u00fctzen m\u00f6chten, lautet unsere Bankverbindung... Continue reading","og_url":"https:\/\/www.heimatverein-tostedt.de\/wordpress\/kontakt\/","og_site_name":"Heimatverein Tostedt e. V.","article_modified_time":"2026-03-17T13:03:22+00:00","twitter_card":"summary_large_image","twitter_misc":{"Gesch\u00e4tzte Lesezeit":"2\u00a0Minuten"},"schema":{"@context":"https:\/\/schema.org","@graph":[{"@type":"WebPage","@id":"https:\/\/www.heimatverein-tostedt.de\/wordpress\/kontakt\/","url":"https:\/\/www.heimatverein-tostedt.de\/wordpress\/kontakt\/","name":"Kontakt - Heimatverein Tostedt e. V.","isPartOf":{"@id":"https:\/\/www.heimatverein-tostedt.de\/wordpress\/#website"},"datePublished":"2022-05-15T13:35:25+00:00","dateModified":"2026-03-17T13:03:22+00:00","breadcrumb":{"@id":"https:\/\/www.heimatverein-tostedt.de\/wordpress\/kontakt\/#breadcrumb"},"inLanguage":"de","potentialAction":[{"@type":"ReadAction","target":["https:\/\/www.heimatverein-tostedt.de\/wordpress\/kontakt\/"]}]},{"@type":"BreadcrumbList","@id":"https:\/\/www.heimatverein-tostedt.de\/wordpress\/kontakt\/#breadcrumb","itemListElement":[{"@type":"ListItem","position":1,"name":"Startseite","item":"https:\/\/www.heimatverein-tostedt.de\/wordpress\/"},{"@type":"ListItem","position":2,"name":"Kontakt"}]},{"@type":"WebSite","@id":"https:\/\/www.heimatverein-tostedt.de\/wordpress\/#website","url":"https:\/\/www.heimatverein-tostedt.de\/wordpress\/","name":"Heimatverein Tostedt e. V.","description":"","potentialAction":[{"@type":"SearchAction","target":{"@type":"EntryPoint","urlTemplate":"https:\/\/www.heimatverein-tostedt.de\/wordpress\/?s={search_term_string}"},"query-input":{"@type":"PropertyValueSpecification","valueRequired":true,"valueName":"search_term_string"}}],"inLanguage":"de"}]}},"uagb_featured_image_src":{"full":false,"thumbnail":false,"medium":false,"medium_large":false,"large":false,"1536x1536":false,"2048x2048":false,"post-thumbnail":false,"header":false,"slider":false,"columns":false,"custom":false},"uagb_author_info":{"display_name":"admin@heimatverein-tostedt.de","author_link":"https:\/\/www.heimatverein-tostedt.de\/wordpress\/author\/adminheimatverein-tostedt-de\/"},"uagb_comment_info":0,"uagb_excerpt":"&nbsp;Ansprechpartner sind alle Vorstandsmitglieder: Herr Hans-J\u00fcrgen Speer (1. Vorsitzender) &#8211; hans-juergen.speer@heimatverein-tostedt.de Frau Elke M\u00fcller (2. Vorsitzende) &#8211; elke.mueller@heimatverein-tostedt.de Frau Anne Peters (Kassenwartin) &#8211; anne.peters@heimatverein-tostedt.de Frau Annegret Speer (Schriftf\u00fchrerin) &#8211; annegret.speer@heimatverein-tostedt.de Herr Herbert Albers (stellvertr. Schriftf\u00fchrer) &#8211; herbert.albers@heimatverein-tostedt.de &#8211; F\u00fcr den Fall, dass Sie uns finanziell unterst\u00fctzen m\u00f6chten, lautet unsere Bankverbindung... Continue reading","jetpack_sharing_enabled":true,"_links":{"self":[{"href":"https:\/\/www.heimatverein-tostedt.de\/wordpress\/wp-json\/wp\/v2\/pages\/548","targetHints":{"allow":["GET"]}}],"collection":[{"href":"https:\/\/www.heimatverein-tostedt.de\/wordpress\/wp-json\/wp\/v2\/pages"}],"about":[{"href":"https:\/\/www.heimatverein-tostedt.de\/wordpress\/wp-json\/wp\/v2\/types\/page"}],"author":[{"embeddable":true,"href":"https:\/\/www.heimatverein-tostedt.de\/wordpress\/wp-json\/wp\/v2\/users\/1"}],"replies":[{"embeddable":true,"href":"https:\/\/www.heimatverein-tostedt.de\/wordpress\/wp-json\/wp\/v2\/comments?post=548"}],"version-history":[{"count":59,"href":"https:\/\/www.heimatverein-tostedt.de\/wordpress\/wp-json\/wp\/v2\/pages\/548\/revisions"}],"predecessor-version":[{"id":1978,"href":"https:\/\/www.heimatverein-tostedt.de\/wordpress\/wp-json\/wp\/v2\/pages\/548\/revisions\/1978"}],"wp:attachment":[{"href":"https:\/\/www.heimatverein-tostedt.de\/wordpress\/wp-json\/wp\/v2\/media?parent=548"}],"curies":[{"name":"wp","href":"https:\/\/api.w.org\/{rel}","templated":true}]}}