{"id":29,"date":"2022-04-18T07:29:48","date_gmt":"2022-04-18T05:29:48","guid":{"rendered":"https:\/\/ww2.heimatverein-tostedt.de\/wordpress\/?page_id=29"},"modified":"2023-04-16T07:48:00","modified_gmt":"2023-04-16T05:48:00","slug":"satzung","status":"publish","type":"page","link":"https:\/\/www.heimatverein-tostedt.de\/wordpress\/satzung\/","title":{"rendered":"Satzung"},"content":{"rendered":"\n<h2 class=\"wp-block-heading\">SATZUNG DES HEIMATVEREIN TOSTEDT E.V.<\/h2>\n\n\n\n<div class=\"wp-block-file\"><a id=\"wp-block-file--media-bb068085-d415-47be-9a6d-ea1c5b5e852e\" href=\"https:\/\/www.heimatverein-tostedt.de\/wordpress\/wp-content\/uploads\/2023\/04\/Satzung-2023.pdf\">Satzung 2023<\/a><a href=\"https:\/\/www.heimatverein-tostedt.de\/wordpress\/wp-content\/uploads\/2023\/04\/Satzung-2023.pdf\" class=\"wp-block-file__button wp-element-button\" download aria-describedby=\"wp-block-file--media-bb068085-d415-47be-9a6d-ea1c5b5e852e\">Herunterladen<\/a><\/div>\n\n\n\n<p><\/p>\n\n\n\n<ul class=\"satzung\">\n<li><strong><u> \u00a7 1 Name, Sitz, Gesch\u00e4ftsjahr, Gemeinn\u00fctzigkeit<\/u><\/strong><\/li>\n<ul>\n<li><strong>\u00a7 1 Nr. 1<\/strong> Der Verein f\u00fchrt den Namen \u201eHeimatverein Tostedt e.V.\u201c, versteht sich schwerpunktm\u00e4\u00dfig als ein Verein f\u00fcr den Bereich der Samtgemeinde Tostedt und hat  seinen Sitz in Tostedt.<\/li>\n\n<li><strong>\u00a7 1 Nr. 2<\/strong> Das Gesch\u00e4ftsjahr des Vereins ist das Kalenderjahr.<\/li>\n\n<li><strong>\u00a7 1 Nr. 3<\/strong> Der Verein verfolgt ausschlie\u00dflich und unmittelbar gemeinn\u00fctzige Zwecke im Sinne des  Abschnitts \u201esteuerbeg\u00fcnstigte Zwecke\u201c der Abgabenordnung.<\/li>\n<li><strong>\u00a7 1 Nr. 4<\/strong> Der Verein ist politisch, ethnisch und konfessionell neutral. Er erkennt die freiheitlich- demokratische Grundordnung der Bundesrepublik Deutschland an.<\/li>\n<\/ul>\n<li><strong><u>\u00a7 2 Zweck des Vereins<\/u><\/strong><\/li>\n<ul><li><strong>\u00a7 2 Nr. 1<\/strong>\nDer Zweck des Vereins ist die F\u00f6rderung der Heimatpflege und Heimatkunde. Der \n \t\tVerein betrachtet es als seine Aufgabe, unsere Heimat geschichtlich zu erforschen sowie sie \n \t\tin ihrer nat\u00fcrlichen geschichtlich gewordenen Eigenart zu sch\u00fctzen, zu pflegen und daf\u00fcr \n \t\teinzutreten, dass der Heimatraum sinnvoll weitergestaltet wird.\nDer Satzungszweck wird insbesondere verwirklicht dadurch, dass der Verein sich bem\u00fcht: <\/li>\n<ol class=\"alpha\">\n<li> jede Art der Heimat- und Volkskunde, insbesondere der vorgeschichtlichen, geschichtlichen und erdgeschichtlichen sowie erd- und naturkundlichen Forschung zu f\u00f6rdern, wissenschaftliche Arbeiten durch Beschaffen von Unterlagen zu unterst\u00fctzen und vorhandene Archivalien zu sichern;<\/li>\n<li> die Natur, insbesondere die einheimische Tier- und Pflanzenwelt sowie die erd-geschichtlichen Eigent\u00fcmlichkeiten und Eigenarten des Landschaftsbildes zu sch\u00fctzen und zu erhalten;<\/li>\n<li> \u00fcbernommene Werke der Kultur, insbesondere Bau- und Kunstdenkm\u00e4ler zu erforschen, zu sch\u00fctzen und zu pflegen;<\/li>\n<li> Flur-, Orts- und Stra\u00dfennamen zu erforschen und dabei gewonnene Erkenntnisse f\u00fcr die Orts- und Familiengeschichte zu verbreiten;<\/li>\n<li> die \u00fcberlieferte Bau- und Handwerkskultur zu erfassen und zu pflegen;<\/li>\n<li> den Sinn f\u00fcr Volksbrauch und -sitte und f\u00fcr Volkskunst zu wecken und zu festigen;<\/li>\n<li> die plattdeutsche Sprache lebendig zu erhalten, sich f\u00fcr das heimatliche Schrifttum einzusetzen und f\u00fcr Ver\u00f6ffentlichungen zu werben.<\/li>\n<\/ol>\n<li><strong>\u00a7 2 Nr. 2<\/strong> Der Verein ist selbstlos t\u00e4tig; er verfolgt nicht in erster Linie eigenwirtschaftliche Zwecke.<\/li>\n<li><strong>\u00a7 2 Nr. 3<\/strong> Mittel des Vereins d\u00fcrfen nur f\u00fcr die satzungsm\u00e4\u00dfigen Zwecke verwendet werden. Die Mitglieder erhalten keine Zuwendungen aus Mitteln des Vereins.<\/li>\n<li><strong>\u00a7 2 Nr. 4<\/strong> Es darf keine Person durch Ausgaben, die dem Zweck der K\u00f6rperschaft fremd sind,oder durch unverh\u00e4ltnism\u00e4\u00dfig hohe Verg\u00fctungen beg\u00fcnstigt werden.<\/li>\n<li><strong>\u00a7 2 Nr. 5<\/strong> Ehrenamtlich t\u00e4tige Personen haben nur Anspruch auf Ersatz nachgewiesener Auslagen.<\/li>\n<\/ul>\n\n\n<li><strong><u> \u00a7 3 Mitgliedschaft im Verein<\/u><\/strong><\/li>\n<ul>\n<li><strong>\u00a7 3 Nr. 1<\/strong> Die Mitgliedschaft im Verein kann jede nat\u00fcrliche und juristische Person auf Antrag erwerben. Bei Minderj\u00e4hrigen ist die Zustimmung des bzw. der Erziehungsberechtigten erforderlich.<\/li>\n<li><strong>\u00a7 3 Nr. 2<\/strong> Die Mitgliedschaft wird durch Beschluss des Vorstandes erworben. Die Entscheidung des Vorstandes ist der\/dem Antragsteller\/in mitzuteilen.<\/li>\n<\/ul>\n\n<li><strong><u> \u00a7 4 Ehrenmitgliedschaft<\/u><\/strong><\/li>\n<ul>\n<li>Personen, die sich besonders um die F\u00f6rderung des Vereins verdient gemacht haben, k\u00f6nnen auf  Antrag des Vorstandes durch Beschluss der Mitgliederversammlung zu Ehrenmitgliedern ernannt werden. Ehrenmitglieder haben die gleichen Rechte und Pflichten wie ordentliche Mitglieder. Sie sind jedoch von der Beitragspflicht befreit.<\/li>\n<\/ul>\n\n<li><strong><u> \u00a7 5 Erl\u00f6schende Mitgliedschaft<\/u><\/strong><\/li>\n<ul>\nDie Mitgliedschaft erlischt:\n<ol class=\"alpha\">\n<li> durch Austritt aufgrund einer schriftlichen K\u00fcndigung unter Einhaltung der 3-monatigen K\u00fcndigungsfrist. Die K\u00fcndigung der Mitgliedschaft ist jeweils zum Ablauf des 31.12. eines\tjeden Jahres zul\u00e4ssig;<\/li>\n<li> bei Nichtbefolgung von \u00a7 6, Nr. 2 durch Ausschluss aus dem Verein aufgrund eines Beschlusses des Vorstandes. Das Mitglied kann mit Frist von 30 Tagen Widerspruch beim Vorstand einlegen. Im Falle des Widerspruchs ruht die Mitgliedschaft bis zur endg\u00fcltigen Kl\u00e4rung durch die n\u00e4chste Mitgliederversammlung.<\/li>\n<li> durch Tod.<\/li>\n<\/ol>\n<\/ul>\n\n<li><strong><u> \u00a7 6 Rechte und Pflichten der Mitglieder<\/u><\/strong><\/li>\n<ul>\n<li><strong>\u00a7 6 Nr. 1<\/strong> Die Vereinsmitglieder sind insbesondere berechtigt:\n<ol class=\"alpha\">\n<li> durch Aus\u00fcbung des Stimmrechts an den Beratungen und Beschlussfassungen der Mitgliederversammlung teilzunehmen. Stimmberechtigt sind die Mitglieder, die das 18. Lebensjahr vollendet haben;<\/li>\n<li> die Einrichtungen des Vereins nach Ma\u00dfgabe der hierf\u00fcr getroffenen Bestimmungen zu benutzen;<\/li>\n<li> an allen Veranstaltungen des Vereins teilzunehmen.<\/li>\n<\/ol><\/li>\n<li><strong>\u00a7 6 Nr. 2<\/strong> Die Mitglieder sind insbesondere verpflichtet:\n<ol class=\"alpha\">\n<li> die Satzung des Vereins sowie die Beschl\u00fcsse der Organe des Vereins zu befolgen;<\/li>\n<li> nicht gegen die Interessen des Vereins zu handeln;<\/li>\n<li> die durch Beschluss der Mitgliederversammlung festgelegten Beitr\u00e4ge zu entrichten;<\/li>\n<li> alle Veranstaltungen des Vereins nach besten Kr\u00e4ften zu unterst\u00fctzen und an ihnen mitzuwirken.<\/li>\n<\/ol><\/li>\n<\/ul>\n\n<li><strong><u> \u00a7 7 Organe des Vereins<\/u><\/strong><\/li>\n<ul>\n<li>Organe des Vereins sind:\n<ol class=\"alpha\">\n<li> die Mitgliederversammlung;<\/li>\n<li> der Vorstand. Der Vorstand kann Aussch\u00fcsse bzw. Arbeitskreise bilden, denen besonderen Aufgaben \u00fcbertragen werden. Die Ausschuss- bzw. Arbeitskreisvorsitzenden k\u00f6nnen auf Einladung an den Vorstandssitzungen teilnehmen. Sie haben kein Stimmrecht.<\/li>\n<\/ol>\n<\/li>\n<\/ul>\n\n<li><strong><u> \u00a7 8 Die Mitgliederversammlung<\/u><\/strong><\/li>\n<ul>\n<li><strong>\u00a7 8 Nr. 1<\/strong> Die Mitgliederversammlung ist das oberste Organ des Vereins. Jedes Mitglied hat\tnach Vollendung des 18. Lebensjahres eine Stimme. Die \u00dcbertragung des Stimmrechts ist unzul\u00e4ssig. Mitgliedern, die das 18. Lebensjahr noch nicht vollendet haben, ist die Anwesenheit zu gestatten. Das Wahlverfahren wird regelm\u00e4\u00dfig offen\tdurchgef\u00fchrt. Bei Antrag von mindestens 10 % der anwesenden stimmberechtigten Mitglieder muss schriftlich abgestimmt werden.<\/li>\n<li><strong>\u00a7 8 Nr. 2<\/strong> Die ordentliche Mitgliederversammlung findet j\u00e4hrlich statt. Sie soll sp\u00e4testens innerhalb von drei Monaten nach Schluss des Gesch\u00e4ftsjahres zwecks Beschlussfassung \u00fcber die in \u00a7 9 genannten Aufgaben einberufen werden.<\/li>\n<li><strong>\u00a7 8 Nr. 3<\/strong> Der Vorstand kann jederzeit eine au\u00dferordentliche Mitgliederversammlung einberufen. Hierzu ist er auf Verlangen von einem Viertel der Mitglieder verpflichtet.<\/li>\n<li><strong>\u00a7 8 Nr. 4<\/strong> Die Einberufung erfolgt unter Bekanntgabe der Tagesordnung durch die\/den 1.\tVorsitzende\/n oder f\u00fcr den Fall der Verhinderung durch die ihn vertretenden\tVorstandsmitglieder. Die Einberufungsfrist betr\u00e4gt mindestens 14 Tage. Bei au\u00dferordentlichen Mitgliederversammlungen kann die Einberufungsfrist auf sieben Tage gek\u00fcrzt werden.<\/li>\n<li><strong>\u00a7 8 Nr. 5<\/strong> Die Einberufung kann in Textform per Brief oder E-Mail erfolgen.<\/li>\n<li><strong>\u00a7 8 Nr. 6<\/strong> Den Vorsitz in der Mitgliederversammlung f\u00fchrt die\/der 1. Vorsitzende. Das Verfahren der Beschlussfassung richtet sich nach \u00a7 10 dieser Satzung.<\/li>\n<\/ul>\n\n<li><strong><u> \u00a7 9 Aufgaben der Mitgliederversammlung<\/u><\/strong><\/li>\n<ul>\n<li><strong>\u00a7 9 Nr. 1<\/strong> Der Mitgliederversammlung steht die oberste Entscheidung in allen Vereinsangelegenheiten zu, soweit sie nicht satzungsgem\u00e4\u00df anderen Organen \u00fcbertragen ist.<\/li>\n<li><strong>\u00a7 9 Nr. 2<\/strong> Der Beschlussfassung der Versammlung unterliegt insbesondere die:\n<ol class=\"alpha\">\n \t\t<li> Wahl der Vorstandsmitglieder;<\/li>\n \t\t<li> Wahl von zwei Kassenpr\u00fcferinnen bzw. Kassenpr\u00fcfern;<\/li>\n \t\t<li> Ernennung von Ehrenmitgliedern;<\/li>\n \t\t<li> Bestimmung der Grunds\u00e4tze der Beitragserhebung  und eventueller Beitragsver\u00e4nderungen;<\/li>\n \t\t<li> Entlastung des Vorstandes bez\u00fcglich der Jahresrechnung und der Gesch\u00e4ftsf\u00fchrung;<\/li>\n \t\t<li> Genehmigung des Haushaltsvoranschlages bzw. gr\u00f6\u00dferer Ausgaben.<\/li>\n<\/ol><\/li>\n<\/ul>\n\n<li><strong><u> \u00a7 10 Beschlussfassung der Mitgliederversammlung<\/u><\/strong><\/li>\n<ul>\n<li><strong>\u00a7 10 Nr. 1<\/strong> Die Mitgliederversammlung ist ohne R\u00fccksicht auf die Zahl der erschienenen und anwesenden Mitglieder beschlussf\u00e4hig.<\/li>\n<li><strong>\u00a7 10 Nr. 2<\/strong> Sie entscheidet grunds\u00e4tzlich, sofern nicht etwas anderes bestimmt worden ist, mit einfacher Mehrheit.<\/li>\n<\/ul>\n\n<li><strong><u> \u00a7 11 Tagesordnung der Mitgliederversammlung<\/u><\/strong><\/li>\n<ul><li> Die Tagesordnung der ordentlichen Mitgliederversammlung hat mindestens folgende Punkte zu umfassen:\n<ol class=\"alpha\">\n \t\t<li> Rechenschaftsbericht des Vorstands;<\/li>\n \t\t<li> Bericht der Kassenpr\u00fcfer\/innen;<\/li>\n \t\t<li> Beschlussfassung \u00fcber die Entlastung;<\/li>\n \t\t<li> Festsetzung der Beitr\u00e4ge f\u00fcr das kommende Gesch\u00e4ftsjahr;<\/li>\n \t\t<li> Neuwahlen.<\/li>\n<\/ol><\/li>\n<\/ul>\n\n<li><strong><u> \u00a7 12 Vereinsvorstand<\/u><\/strong><\/li>\n<ul>\n<li><strong>\u00a7 12 Nr. 1<\/strong> Der Vorstand setzt sich zusammen aus:\n<ol class=\"alpha\">\n \t\t<li> der\/dem 1. Vorsitzenden;<\/li>\n \t\t<li> der\/dem 2. Vorsitzenden;<\/li>\n \t\t<li> der\/dem Kassenwart\/in; <\/li>\n \t\t<li> der\/dem Schriftf\u00fchrer\/in;<\/li>\n \t\t<li> der\/dem stellvertretenden Schriftf\u00fchrer\/in.<\/li>\n<\/ol><\/li>\n<li><strong>\u00a7 12 Nr. 2<\/strong> Vorstand im Sinne \u00a7 26 BGB sind 1. Vorsitzende\/r und  Schriftf\u00fchrer\/in. Beide Vorstandsmitglieder sind jeder f\u00fcr sich alleinvertretungsberechtigt.<\/li>\n<li><strong>\u00a7 12 Nr. 3<\/strong> Der Vorstand wird von der Mitgliederversammlung mit einfacher Mehrheit f\u00fcr die Dauer von drei Jahren gew\u00e4hlt. Es scheiden erstmalig aus die\/der 2. Vorsitzende, die\/der Kassenwart\/in sowie die\/der stellvertretende Schriftf\u00fchrer\/in; im n\u00e4chsten Jahr die\/der 1. Vorsitzende und die\/der Schriftf\u00fchrer\/in. Eine Wiederwahl ist zul\u00e4ssig.<\/li>\n<\/ul>\n\n<li><strong><u> \u00a7 13 Kassenpr\u00fcfer\/innen<\/u><\/strong><\/li>\n<ul>\n<li> Die von der Mitgliederversammlung auf jeweils ein Jahr zu w\u00e4hlenden\tKassenpr\u00fcfer\/innen haben gemeinschaftlich eine Kassenpr\u00fcfung vorzunehmen, deren Ergebnis sie in einem Protokoll niederzulegen und der Mitgliederversammlung mitzuteilen haben. Die unmittelbare Wiederwahl einer Kassenpr\u00fcferin bzw. eines\tKassenpr\u00fcfers ist zul\u00e4ssig.<\/li>\n<\/ul>\n\n<li><strong><u> \u00a7 14 Niederschriften<\/u><\/strong><\/li>\n<ul>\n<li><strong>\u00a7 14 Nr. 1<\/strong> \u00dcber die Mitgliederversammlung und die Vorstandssitzungen ist eine von der\/dem \tVorsitzenden und der\/dem Schriftf\u00fchrer\/in zu unterzeichnende Niederschrift aufzunehmen (Beschlussniederschrift).<\/li>\n<li><strong>\u00a7 14 Nr. 2<\/strong> Bei der Niederschrift \u00fcber die Mitgliederversammlung kann an Stelle der\tSchriftf\u00fchrerin bzw. des Schriftf\u00fchrers die\/der stellvertretende Schriftf\u00fchrer\/in oder\tein\/e von der Versammlung gew\u00e4hlte\/r Protokollf\u00fchrer\/in treten.<\/li>\n<\/ul>\n\n<li><strong><u> \u00a7 15 Satzungs\u00e4nderung<\/u><\/strong><\/li>\n<ul>\n<li><strong>\u00a7 15 Nr. 1<\/strong> Satzungs\u00e4nderungen k\u00f6nnen von der Mitgliederversammlung mit \u00be-Mehrheit der abgegebenen g\u00fcltigen Stimmen beschlossen werden.<\/li>\n<li><strong>\u00a7 15 Nr. 2<\/strong> Wenn Finanzamt oder Amtsgericht eine \u00c4nderung des Satzungstextes fordern, kann der Vorstand gem\u00e4\u00df \u00a7 12, Nr. 1 \u00fcber die \u00c4nderung entscheiden.<\/li>\n<\/ul>\n\n<li><strong><u> \u00a7  16 Aufl\u00f6sung des Vereins<\/u><\/strong><\/li>\n<ul>\n<li><strong>\u00a7 16 Nr. 1<\/strong> Die Aufl\u00f6sung des Vereins kann nur in einer besonderen, zu diesem Zweck mit einer Frist von einem Monat einzuberufenden au\u00dferordentlichen Mitgliederversammlung beschlossen werden.<\/li>\n<li><strong>\u00a7 16 Nr. 2<\/strong> Abweichend von \u00a7 10 ist diese Mitgliederversammlung nur bei Anwesenheit von 3\/4 der stimmberechtigten Mitglieder beschlussf\u00e4hig. Sie entscheidet mit mindestens 2\/3-Mehrheit der abgegebenen g\u00fcltigen Stimmen.<\/li>\n<li><strong>\u00a7 16 Nr. 3<\/strong> Sollte die erste Mitgliederversammlung beschlussunf\u00e4hig sein, so ist mit einer Frist von mindestens 10 Tagen eine weitere au\u00dferordentliche Mitgliederversammlung einzuberufen, die ohne R\u00fccksicht auf die Zahl der anwesenden Mitglieder beschlussf\u00e4hig ist und mit einfacher Mehrheit der abgegebenen g\u00fcltigen Stimmen entscheidet.<\/li>\n<\/ul>\n\n<li><strong><u> \u00a7   17\tVerm\u00f6gensbindung<\/u><\/strong><\/li> \n<ul>\n<li><strong>\u00a7 17 Nr. 1<\/strong> Die Aufl\u00f6sung des Vereins kann nur in einer Mitgliederversammlung mit der in \u00a7 16 festgelegten Stimmenmehrheit beschlossen werden. Sofern die Mitgliederversammlung nichts anderes beschlie\u00dft, sind die\/der erste Vorsitzende und die\/der zweite Vorsitzende gemeinsam vertretungsberechtigte Liquidatoren \tbzw. Liquidatorinnen. Die vorstehenden Vorschriften gelten entsprechend f\u00fcr den Fall, dass der Verein aus einem anderen Grund aufgel\u00f6st wird und seine Rechtsf\u00e4higkeit verliert.<\/li>\n<li><strong>\u00a7 17 Nr. 2<\/strong> Bei Aufl\u00f6sung des Vereins oder bei Wegfall steuerbeg\u00fcnstigter Zwecke f\u00e4llt das Verm\u00f6gen des Vereins an die Samtgemeinde Tostedt, die es unmittelbar und ausschlie\u00dflich f\u00fcr gemeinn\u00fctzige, mildt\u00e4tige oder kirchliche Zwecke zu verwenden hat. <\/li>\n<\/ul>\n\n<li><strong><u> \u00a7   18\tEintragung des Vereins<\/u><\/strong><\/li> \n<ul><li> Der Verein ist im Vereinsregister des Amtsgerichts Tostedt eingetragen und f\u00fchrt den Zusatz \u201ee.V.\u201c.<\/li><\/ul>\n\n\n<li><strong><u> \u00a7   19 Datenschutz<\/u><\/strong><\/li> \n<ul>\n<li><strong>\u00a7 19 Nr. 1<\/strong> Zur Erf\u00fcllung der Zwecke und Aufgaben des Vereins werden unter Beachtung der Vorgaben der EU-Datenschutz-Grundverordnung (DS-GVO) und des Bundesdatenschutzgesetzes (BDSG) personenbezogene Daten \u00fcber pers\u00f6nliche und sachliche Verh\u00e4ltnisse der Mitglieder im Verein verarbeitet:<\/li>\n<li><strong>\u00a7 19 Nr. 2<\/strong> Soweit die in den jeweiligen Vorschriften beschriebenen Voraussetzungen vorliegen, hat jedes Vereinsmitglied insbesondere die folgenden Rechte: \n<ul>\n\t<li>&#8211; das Recht auf Auskunft nach Artikel 15 DS-GVO,<\/li>  \n \t<li>&#8211; das Recht auf Berichtigung nach Artikel 16 DS-GVO,<\/li>  \n\t<li>&#8211; das Recht auf L\u00f6schung nach Artikel 17 DS-GVO, <\/li> \n \t<li>&#8211; das Recht auf Einschr\u00e4nkung der Verarbeitung nach Artikel 18 DS-GVO,<\/li>  \n\t<li>&#8211; das Recht auf Daten\u00fcbertragbarkeit nach Artikel 20 DS-GVO, <\/li> \n\t<li>&#8211; das Widerspruchsrecht nach Artikel 21 DS-GVO und <\/li> \n \t<li>&#8211; Recht auf Beschwerde bei einer Aufsichtsbeh\u00f6rde nach Artikel 77 DS-GVO.<\/li> \n<\/ul><\/li>\n<li><strong>\u00a7 19 Nr. 3<\/strong> Den Organen des Vereins, allen Mitarbeitern oder sonst f\u00fcr den Verein T\u00e4tigen ist es untersagt, personenbezogene Daten unbefugt zu anderen als dem jeweiligen zur Aufgabenerf\u00fcllung geh\u00f6renden Zweck zu verarbeiten, bekannt zu geben, Dritten zug\u00e4nglich zu machen oder sonst zu nutzen. Diese Pflicht besteht auch \u00fcber das Ausscheiden der oben genannten Personen aus dem Verein hinaus.<\/li>\n<\/ul>\n\n<li><strong><u> \u00a7   20\tInkrafttreten<\/u><\/strong><\/li> \t\n<ul><li>Diese Satzung l\u00f6st die am 28. Juli 1980 verabschiedete ab und wurde in der Mitgliederversammlung vom 15. Juli 2020 sowie der Vorstandssitzung vom 8. Oktober 2020 beschlossen.<\/li><\/ul>\n\n<\/ul>\n<br><br>\n<i>Tostedt, den 15. Oktober 2020<\/i> <br><br><br>\n\n<strong>Dr. Horst Junker, <\/strong>1. Vorsitzender <br>&nbsp;&nbsp;&nbsp;&nbsp;&nbsp;\t\tLohwellsbrook 22 A, 21255 Tostedt\n\n<br><br><br>\n\n\n<strong>Annegret Speer, <\/strong> Schriftf\u00fchrerin\t\t<br>&nbsp;&nbsp;&nbsp;&nbsp;&nbsp;\tDrosselweg 5, 21255 Tostedt\n\n\n\n<p><\/p>\n\n\n\n<p><\/p>\n\n\n\n<p><\/p>\n","protected":false},"excerpt":{"rendered":"<p>SATZUNG DES HEIMATVEREIN TOSTEDT E.V. \u00a7 1 Name, Sitz, Gesch\u00e4ftsjahr, Gemeinn\u00fctzigkeit \u00a7 1 Nr. 1 Der Verein f\u00fchrt den Namen \u201eHeimatverein Tostedt e.V.\u201c, versteht sich schwerpunktm\u00e4\u00dfig als ein Verein f\u00fcr den Bereich der Samtgemeinde Tostedt und hat seinen Sitz in Tostedt. \u00a7 1 Nr. 2 Das Gesch\u00e4ftsjahr des Vereins ist&#8230;<\/p>\n<p> <a class=\"continue-reading-link\" href=\"https:\/\/www.heimatverein-tostedt.de\/wordpress\/satzung\/\"><span>Continue reading<\/span><i class=\"crycon-right-dir\"><\/i><\/a> <\/p>\n","protected":false},"author":1,"featured_media":0,"parent":0,"menu_order":9,"comment_status":"closed","ping_status":"closed","template":"","meta":{"_uag_custom_page_level_css":"","ngg_post_thumbnail":0,"footnotes":""},"class_list":["post-29","page","type-page","status-publish","hentry"],"yoast_head":"<!-- This site is optimized with the Yoast SEO plugin v25.3.1 - https:\/\/yoast.com\/wordpress\/plugins\/seo\/ -->\n<title>Satzung - Heimatverein Tostedt e. V.<\/title>\n<meta name=\"robots\" content=\"index, follow, max-snippet:-1, max-image-preview:large, max-video-preview:-1\" \/>\n<link rel=\"canonical\" href=\"https:\/\/www.heimatverein-tostedt.de\/wordpress\/satzung\/\" \/>\n<meta property=\"og:locale\" content=\"de_DE\" \/>\n<meta property=\"og:type\" content=\"article\" \/>\n<meta property=\"og:title\" content=\"Satzung - Heimatverein Tostedt e. V.\" \/>\n<meta property=\"og:description\" content=\"SATZUNG DES HEIMATVEREIN TOSTEDT E.V. \u00a7 1 Name, Sitz, Gesch\u00e4ftsjahr, Gemeinn\u00fctzigkeit \u00a7 1 Nr. 1 Der Verein f\u00fchrt den Namen \u201eHeimatverein Tostedt e.V.\u201c, versteht sich schwerpunktm\u00e4\u00dfig als ein Verein f\u00fcr den Bereich der Samtgemeinde Tostedt und hat seinen Sitz in Tostedt. \u00a7 1 Nr. 2 Das Gesch\u00e4ftsjahr des Vereins ist... Continue reading\" \/>\n<meta property=\"og:url\" content=\"https:\/\/www.heimatverein-tostedt.de\/wordpress\/satzung\/\" \/>\n<meta property=\"og:site_name\" content=\"Heimatverein Tostedt e. V.\" \/>\n<meta property=\"article:modified_time\" content=\"2023-04-16T05:48:00+00:00\" \/>\n<meta name=\"twitter:card\" content=\"summary_large_image\" \/>\n<meta name=\"twitter:label1\" content=\"Gesch\u00e4tzte Lesezeit\" \/>\n\t<meta name=\"twitter:data1\" content=\"9\u00a0Minuten\" \/>\n<script type=\"application\/ld+json\" class=\"yoast-schema-graph\">{\"@context\":\"https:\/\/schema.org\",\"@graph\":[{\"@type\":\"WebPage\",\"@id\":\"https:\/\/www.heimatverein-tostedt.de\/wordpress\/satzung\/\",\"url\":\"https:\/\/www.heimatverein-tostedt.de\/wordpress\/satzung\/\",\"name\":\"Satzung - Heimatverein Tostedt e. V.\",\"isPartOf\":{\"@id\":\"https:\/\/www.heimatverein-tostedt.de\/wordpress\/#website\"},\"datePublished\":\"2022-04-18T05:29:48+00:00\",\"dateModified\":\"2023-04-16T05:48:00+00:00\",\"breadcrumb\":{\"@id\":\"https:\/\/www.heimatverein-tostedt.de\/wordpress\/satzung\/#breadcrumb\"},\"inLanguage\":\"de\",\"potentialAction\":[{\"@type\":\"ReadAction\",\"target\":[\"https:\/\/www.heimatverein-tostedt.de\/wordpress\/satzung\/\"]}]},{\"@type\":\"BreadcrumbList\",\"@id\":\"https:\/\/www.heimatverein-tostedt.de\/wordpress\/satzung\/#breadcrumb\",\"itemListElement\":[{\"@type\":\"ListItem\",\"position\":1,\"name\":\"Startseite\",\"item\":\"https:\/\/www.heimatverein-tostedt.de\/wordpress\/\"},{\"@type\":\"ListItem\",\"position\":2,\"name\":\"Satzung\"}]},{\"@type\":\"WebSite\",\"@id\":\"https:\/\/www.heimatverein-tostedt.de\/wordpress\/#website\",\"url\":\"https:\/\/www.heimatverein-tostedt.de\/wordpress\/\",\"name\":\"Heimatverein Tostedt e. V.\",\"description\":\"\",\"potentialAction\":[{\"@type\":\"SearchAction\",\"target\":{\"@type\":\"EntryPoint\",\"urlTemplate\":\"https:\/\/www.heimatverein-tostedt.de\/wordpress\/?s={search_term_string}\"},\"query-input\":{\"@type\":\"PropertyValueSpecification\",\"valueRequired\":true,\"valueName\":\"search_term_string\"}}],\"inLanguage\":\"de\"}]}<\/script>\n<!-- \/ Yoast SEO plugin. -->","yoast_head_json":{"title":"Satzung - Heimatverein Tostedt e. V.","robots":{"index":"index","follow":"follow","max-snippet":"max-snippet:-1","max-image-preview":"max-image-preview:large","max-video-preview":"max-video-preview:-1"},"canonical":"https:\/\/www.heimatverein-tostedt.de\/wordpress\/satzung\/","og_locale":"de_DE","og_type":"article","og_title":"Satzung - Heimatverein Tostedt e. V.","og_description":"SATZUNG DES HEIMATVEREIN TOSTEDT E.V. \u00a7 1 Name, Sitz, Gesch\u00e4ftsjahr, Gemeinn\u00fctzigkeit \u00a7 1 Nr. 1 Der Verein f\u00fchrt den Namen \u201eHeimatverein Tostedt e.V.\u201c, versteht sich schwerpunktm\u00e4\u00dfig als ein Verein f\u00fcr den Bereich der Samtgemeinde Tostedt und hat seinen Sitz in Tostedt. \u00a7 1 Nr. 2 Das Gesch\u00e4ftsjahr des Vereins ist... Continue reading","og_url":"https:\/\/www.heimatverein-tostedt.de\/wordpress\/satzung\/","og_site_name":"Heimatverein Tostedt e. V.","article_modified_time":"2023-04-16T05:48:00+00:00","twitter_card":"summary_large_image","twitter_misc":{"Gesch\u00e4tzte Lesezeit":"9\u00a0Minuten"},"schema":{"@context":"https:\/\/schema.org","@graph":[{"@type":"WebPage","@id":"https:\/\/www.heimatverein-tostedt.de\/wordpress\/satzung\/","url":"https:\/\/www.heimatverein-tostedt.de\/wordpress\/satzung\/","name":"Satzung - Heimatverein Tostedt e. V.","isPartOf":{"@id":"https:\/\/www.heimatverein-tostedt.de\/wordpress\/#website"},"datePublished":"2022-04-18T05:29:48+00:00","dateModified":"2023-04-16T05:48:00+00:00","breadcrumb":{"@id":"https:\/\/www.heimatverein-tostedt.de\/wordpress\/satzung\/#breadcrumb"},"inLanguage":"de","potentialAction":[{"@type":"ReadAction","target":["https:\/\/www.heimatverein-tostedt.de\/wordpress\/satzung\/"]}]},{"@type":"BreadcrumbList","@id":"https:\/\/www.heimatverein-tostedt.de\/wordpress\/satzung\/#breadcrumb","itemListElement":[{"@type":"ListItem","position":1,"name":"Startseite","item":"https:\/\/www.heimatverein-tostedt.de\/wordpress\/"},{"@type":"ListItem","position":2,"name":"Satzung"}]},{"@type":"WebSite","@id":"https:\/\/www.heimatverein-tostedt.de\/wordpress\/#website","url":"https:\/\/www.heimatverein-tostedt.de\/wordpress\/","name":"Heimatverein Tostedt e. V.","description":"","potentialAction":[{"@type":"SearchAction","target":{"@type":"EntryPoint","urlTemplate":"https:\/\/www.heimatverein-tostedt.de\/wordpress\/?s={search_term_string}"},"query-input":{"@type":"PropertyValueSpecification","valueRequired":true,"valueName":"search_term_string"}}],"inLanguage":"de"}]}},"uagb_featured_image_src":{"full":false,"thumbnail":false,"medium":false,"medium_large":false,"large":false,"1536x1536":false,"2048x2048":false,"post-thumbnail":false,"header":false,"slider":false,"columns":false,"custom":false},"uagb_author_info":{"display_name":"admin@heimatverein-tostedt.de","author_link":"https:\/\/www.heimatverein-tostedt.de\/wordpress\/author\/adminheimatverein-tostedt-de\/"},"uagb_comment_info":0,"uagb_excerpt":"SATZUNG DES HEIMATVEREIN TOSTEDT E.V. \u00a7 1 Name, Sitz, Gesch\u00e4ftsjahr, Gemeinn\u00fctzigkeit \u00a7 1 Nr. 1 Der Verein f\u00fchrt den Namen \u201eHeimatverein Tostedt e.V.\u201c, versteht sich schwerpunktm\u00e4\u00dfig als ein Verein f\u00fcr den Bereich der Samtgemeinde Tostedt und hat seinen Sitz in Tostedt. \u00a7 1 Nr. 2 Das Gesch\u00e4ftsjahr des Vereins ist... Continue reading","jetpack_sharing_enabled":true,"_links":{"self":[{"href":"https:\/\/www.heimatverein-tostedt.de\/wordpress\/wp-json\/wp\/v2\/pages\/29","targetHints":{"allow":["GET"]}}],"collection":[{"href":"https:\/\/www.heimatverein-tostedt.de\/wordpress\/wp-json\/wp\/v2\/pages"}],"about":[{"href":"https:\/\/www.heimatverein-tostedt.de\/wordpress\/wp-json\/wp\/v2\/types\/page"}],"author":[{"embeddable":true,"href":"https:\/\/www.heimatverein-tostedt.de\/wordpress\/wp-json\/wp\/v2\/users\/1"}],"replies":[{"embeddable":true,"href":"https:\/\/www.heimatverein-tostedt.de\/wordpress\/wp-json\/wp\/v2\/comments?post=29"}],"version-history":[{"count":32,"href":"https:\/\/www.heimatverein-tostedt.de\/wordpress\/wp-json\/wp\/v2\/pages\/29\/revisions"}],"predecessor-version":[{"id":1032,"href":"https:\/\/www.heimatverein-tostedt.de\/wordpress\/wp-json\/wp\/v2\/pages\/29\/revisions\/1032"}],"wp:attachment":[{"href":"https:\/\/www.heimatverein-tostedt.de\/wordpress\/wp-json\/wp\/v2\/media?parent=29"}],"curies":[{"name":"wp","href":"https:\/\/api.w.org\/{rel}","templated":true}]}}