{"id":1804,"date":"2025-06-08T14:46:12","date_gmt":"2025-06-08T12:46:12","guid":{"rendered":"https:\/\/www.heimatverein-tostedt.de\/wordpress\/?page_id=1804"},"modified":"2025-06-09T12:52:14","modified_gmt":"2025-06-09T10:52:14","slug":"projekt-1qm-lein","status":"publish","type":"page","link":"https:\/\/www.heimatverein-tostedt.de\/wordpress\/projekt-1qm-lein\/","title":{"rendered":"Projekt &#8222;1qm Lein&#8220; 2025"},"content":{"rendered":"\n<p>Elke M\u00fcller, die 2. Vorsitzende des Heimatvereins Tostedt, hat das europaweite Projekt &#8222;1qm Lein&#8220; als Zusammenarbeit zwischen der Erich-K\u00e4stner-Realschule in Tostedt und dem Heimatverein Tostedt angemeldet und ver\u00f6ffentlicht, siehe auch <a href=\"http:\/\/www.1qmlein.de\">1qmlein.de<\/a>. Im Schulgarten der Schule haben die Sch\u00fclerinnen und Sch\u00fcler der Klasse 8b am 104. Tag (14.04.2025) des Jahres die Leinsaat ausgebracht.<\/p>\n\n\n\n<p>Nun pflegen zwei ukrainische M\u00e4dchen der Klasse 6b die 3 qm regelm\u00e4\u00dfig und k\u00fcmmern sich um die Bew\u00e4sserung. Mit den Kindern der Schule werden wir die einzelnen Etappen des Flachsanbaus vom Samenkorn bis zum fertigen Stoff dokumentieren. Wenn wir nicht mehr weiterwissen, werden uns Anita Klindtworth und die Frauen der Museumsweberei in Sittensen weiterhelfen. Der dortige Heimatverein hat mit einem solchen Projekt bereits Erfahrung sammeln k\u00f6nnen und ein Buch dazu ver\u00f6ffentlicht.<\/p>\n\n\n\n<div class=\"wp-block-columns is-layout-flex wp-container-core-columns-is-layout-9d6595d7 wp-block-columns-is-layout-flex\">\n<div class=\"wp-block-column is-layout-flow wp-block-column-is-layout-flow\">\n<figure class=\"wp-block-image size-large\"><img data-recalc-dims=\"1\" loading=\"lazy\" decoding=\"async\" width=\"768\" height=\"1024\" src=\"https:\/\/i0.wp.com\/www.heimatverein-tostedt.de\/wordpress\/wp-content\/uploads\/2025\/06\/Lein_IMG_8471.jpg?resize=768%2C1024&#038;ssl=1\" alt=\"\" class=\"wp-image-1816\" srcset=\"https:\/\/i0.wp.com\/www.heimatverein-tostedt.de\/wordpress\/wp-content\/uploads\/2025\/06\/Lein_IMG_8471-rotated.jpg?resize=768%2C1024&amp;ssl=1 768w, https:\/\/i0.wp.com\/www.heimatverein-tostedt.de\/wordpress\/wp-content\/uploads\/2025\/06\/Lein_IMG_8471-rotated.jpg?resize=225%2C300&amp;ssl=1 225w, https:\/\/i0.wp.com\/www.heimatverein-tostedt.de\/wordpress\/wp-content\/uploads\/2025\/06\/Lein_IMG_8471-rotated.jpg?resize=1152%2C1536&amp;ssl=1 1152w, https:\/\/i0.wp.com\/www.heimatverein-tostedt.de\/wordpress\/wp-content\/uploads\/2025\/06\/Lein_IMG_8471-rotated.jpg?resize=113%2C150&amp;ssl=1 113w, https:\/\/i0.wp.com\/www.heimatverein-tostedt.de\/wordpress\/wp-content\/uploads\/2025\/06\/Lein_IMG_8471-rotated.jpg?w=1200&amp;ssl=1 1200w\" sizes=\"auto, (max-width: 768px) 100vw, 768px\" \/><\/figure>\n<\/div>\n\n\n\n<div class=\"wp-block-column is-layout-flow wp-block-column-is-layout-flow\">\n<figure class=\"wp-block-image size-large\"><img data-recalc-dims=\"1\" loading=\"lazy\" decoding=\"async\" width=\"768\" height=\"1024\" src=\"https:\/\/i0.wp.com\/www.heimatverein-tostedt.de\/wordpress\/wp-content\/uploads\/2025\/06\/Lein_IMG_8574.jpg?resize=768%2C1024&#038;ssl=1\" alt=\"\" class=\"wp-image-1815\" srcset=\"https:\/\/i0.wp.com\/www.heimatverein-tostedt.de\/wordpress\/wp-content\/uploads\/2025\/06\/Lein_IMG_8574-rotated.jpg?resize=768%2C1024&amp;ssl=1 768w, https:\/\/i0.wp.com\/www.heimatverein-tostedt.de\/wordpress\/wp-content\/uploads\/2025\/06\/Lein_IMG_8574-rotated.jpg?resize=225%2C300&amp;ssl=1 225w, https:\/\/i0.wp.com\/www.heimatverein-tostedt.de\/wordpress\/wp-content\/uploads\/2025\/06\/Lein_IMG_8574-rotated.jpg?resize=1152%2C1536&amp;ssl=1 1152w, https:\/\/i0.wp.com\/www.heimatverein-tostedt.de\/wordpress\/wp-content\/uploads\/2025\/06\/Lein_IMG_8574-rotated.jpg?resize=113%2C150&amp;ssl=1 113w, https:\/\/i0.wp.com\/www.heimatverein-tostedt.de\/wordpress\/wp-content\/uploads\/2025\/06\/Lein_IMG_8574-rotated.jpg?w=1200&amp;ssl=1 1200w\" sizes=\"auto, (max-width: 768px) 100vw, 768px\" \/><\/figure>\n<\/div>\n<\/div>\n","protected":false},"excerpt":{"rendered":"<p>Elke M\u00fcller, die 2. Vorsitzende des Heimatvereins Tostedt, hat das europaweite Projekt &#8222;1qm Lein&#8220; als Zusammenarbeit zwischen der Erich-K\u00e4stner-Realschule in Tostedt und dem Heimatverein Tostedt angemeldet und ver\u00f6ffentlicht, siehe auch 1qmlein.de. Im Schulgarten der Schule haben die Sch\u00fclerinnen und Sch\u00fcler der Klasse 8b am 104. Tag (14.04.2025) des Jahres die&#8230;<\/p>\n<p> <a class=\"continue-reading-link\" href=\"https:\/\/www.heimatverein-tostedt.de\/wordpress\/projekt-1qm-lein\/\"><span>Continue reading<\/span><i class=\"crycon-right-dir\"><\/i><\/a> <\/p>\n","protected":false},"author":3,"featured_media":0,"parent":0,"menu_order":0,"comment_status":"closed","ping_status":"closed","template":"","meta":{"_uag_custom_page_level_css":"","ngg_post_thumbnail":0,"footnotes":""},"class_list":["post-1804","page","type-page","status-publish","hentry"],"yoast_head":"<!-- This site is optimized with the Yoast SEO plugin v25.3.1 - https:\/\/yoast.com\/wordpress\/plugins\/seo\/ -->\n<title>Projekt &quot;1qm Lein&quot; 2025 - Heimatverein Tostedt e. V.<\/title>\n<meta name=\"robots\" content=\"index, follow, max-snippet:-1, max-image-preview:large, max-video-preview:-1\" \/>\n<link rel=\"canonical\" href=\"https:\/\/www.heimatverein-tostedt.de\/wordpress\/projekt-1qm-lein\/\" \/>\n<meta property=\"og:locale\" content=\"de_DE\" \/>\n<meta property=\"og:type\" content=\"article\" \/>\n<meta property=\"og:title\" content=\"Projekt &quot;1qm Lein&quot; 2025 - Heimatverein Tostedt e. V.\" \/>\n<meta property=\"og:description\" content=\"Elke M\u00fcller, die 2. Vorsitzende des Heimatvereins Tostedt, hat das europaweite Projekt &#8222;1qm Lein&#8220; als Zusammenarbeit zwischen der Erich-K\u00e4stner-Realschule in Tostedt und dem Heimatverein Tostedt angemeldet und ver\u00f6ffentlicht, siehe auch 1qmlein.de. Im Schulgarten der Schule haben die Sch\u00fclerinnen und Sch\u00fcler der Klasse 8b am 104. Tag (14.04.2025) des Jahres die... Continue reading\" \/>\n<meta property=\"og:url\" content=\"https:\/\/www.heimatverein-tostedt.de\/wordpress\/projekt-1qm-lein\/\" \/>\n<meta property=\"og:site_name\" content=\"Heimatverein Tostedt e. V.\" \/>\n<meta property=\"article:modified_time\" content=\"2025-06-09T10:52:14+00:00\" \/>\n<meta property=\"og:image\" content=\"https:\/\/www.heimatverein-tostedt.de\/wordpress\/wp-content\/uploads\/2025\/06\/Lein_IMG_8471-768x1024.jpg\" \/>\n<meta name=\"twitter:card\" content=\"summary_large_image\" \/>\n<meta name=\"twitter:label1\" content=\"Gesch\u00e4tzte Lesezeit\" \/>\n\t<meta name=\"twitter:data1\" content=\"2\u00a0Minuten\" \/>\n<script type=\"application\/ld+json\" class=\"yoast-schema-graph\">{\"@context\":\"https:\/\/schema.org\",\"@graph\":[{\"@type\":\"WebPage\",\"@id\":\"https:\/\/www.heimatverein-tostedt.de\/wordpress\/projekt-1qm-lein\/\",\"url\":\"https:\/\/www.heimatverein-tostedt.de\/wordpress\/projekt-1qm-lein\/\",\"name\":\"Projekt \\\"1qm Lein\\\" 2025 - Heimatverein Tostedt e. V.\",\"isPartOf\":{\"@id\":\"https:\/\/www.heimatverein-tostedt.de\/wordpress\/#website\"},\"primaryImageOfPage\":{\"@id\":\"https:\/\/www.heimatverein-tostedt.de\/wordpress\/projekt-1qm-lein\/#primaryimage\"},\"image\":{\"@id\":\"https:\/\/www.heimatverein-tostedt.de\/wordpress\/projekt-1qm-lein\/#primaryimage\"},\"thumbnailUrl\":\"https:\/\/www.heimatverein-tostedt.de\/wordpress\/wp-content\/uploads\/2025\/06\/Lein_IMG_8471-768x1024.jpg\",\"datePublished\":\"2025-06-08T12:46:12+00:00\",\"dateModified\":\"2025-06-09T10:52:14+00:00\",\"breadcrumb\":{\"@id\":\"https:\/\/www.heimatverein-tostedt.de\/wordpress\/projekt-1qm-lein\/#breadcrumb\"},\"inLanguage\":\"de\",\"potentialAction\":[{\"@type\":\"ReadAction\",\"target\":[\"https:\/\/www.heimatverein-tostedt.de\/wordpress\/projekt-1qm-lein\/\"]}]},{\"@type\":\"ImageObject\",\"inLanguage\":\"de\",\"@id\":\"https:\/\/www.heimatverein-tostedt.de\/wordpress\/projekt-1qm-lein\/#primaryimage\",\"url\":\"https:\/\/www.heimatverein-tostedt.de\/wordpress\/wp-content\/uploads\/2025\/06\/Lein_IMG_8471-768x1024.jpg\",\"contentUrl\":\"https:\/\/www.heimatverein-tostedt.de\/wordpress\/wp-content\/uploads\/2025\/06\/Lein_IMG_8471-768x1024.jpg\"},{\"@type\":\"BreadcrumbList\",\"@id\":\"https:\/\/www.heimatverein-tostedt.de\/wordpress\/projekt-1qm-lein\/#breadcrumb\",\"itemListElement\":[{\"@type\":\"ListItem\",\"position\":1,\"name\":\"Startseite\",\"item\":\"https:\/\/www.heimatverein-tostedt.de\/wordpress\/\"},{\"@type\":\"ListItem\",\"position\":2,\"name\":\"Projekt &#8222;1qm Lein&#8220; 2025\"}]},{\"@type\":\"WebSite\",\"@id\":\"https:\/\/www.heimatverein-tostedt.de\/wordpress\/#website\",\"url\":\"https:\/\/www.heimatverein-tostedt.de\/wordpress\/\",\"name\":\"Heimatverein Tostedt e. V.\",\"description\":\"\",\"potentialAction\":[{\"@type\":\"SearchAction\",\"target\":{\"@type\":\"EntryPoint\",\"urlTemplate\":\"https:\/\/www.heimatverein-tostedt.de\/wordpress\/?s={search_term_string}\"},\"query-input\":{\"@type\":\"PropertyValueSpecification\",\"valueRequired\":true,\"valueName\":\"search_term_string\"}}],\"inLanguage\":\"de\"}]}<\/script>\n<!-- \/ Yoast SEO plugin. -->","yoast_head_json":{"title":"Projekt \"1qm Lein\" 2025 - Heimatverein Tostedt e. V.","robots":{"index":"index","follow":"follow","max-snippet":"max-snippet:-1","max-image-preview":"max-image-preview:large","max-video-preview":"max-video-preview:-1"},"canonical":"https:\/\/www.heimatverein-tostedt.de\/wordpress\/projekt-1qm-lein\/","og_locale":"de_DE","og_type":"article","og_title":"Projekt \"1qm Lein\" 2025 - Heimatverein Tostedt e. V.","og_description":"Elke M\u00fcller, die 2. Vorsitzende des Heimatvereins Tostedt, hat das europaweite Projekt &#8222;1qm Lein&#8220; als Zusammenarbeit zwischen der Erich-K\u00e4stner-Realschule in Tostedt und dem Heimatverein Tostedt angemeldet und ver\u00f6ffentlicht, siehe auch 1qmlein.de. Im Schulgarten der Schule haben die Sch\u00fclerinnen und Sch\u00fcler der Klasse 8b am 104. Tag (14.04.2025) des Jahres die... Continue reading","og_url":"https:\/\/www.heimatverein-tostedt.de\/wordpress\/projekt-1qm-lein\/","og_site_name":"Heimatverein Tostedt e. V.","article_modified_time":"2025-06-09T10:52:14+00:00","og_image":[{"url":"https:\/\/www.heimatverein-tostedt.de\/wordpress\/wp-content\/uploads\/2025\/06\/Lein_IMG_8471-768x1024.jpg","type":"","width":"","height":""}],"twitter_card":"summary_large_image","twitter_misc":{"Gesch\u00e4tzte Lesezeit":"2\u00a0Minuten"},"schema":{"@context":"https:\/\/schema.org","@graph":[{"@type":"WebPage","@id":"https:\/\/www.heimatverein-tostedt.de\/wordpress\/projekt-1qm-lein\/","url":"https:\/\/www.heimatverein-tostedt.de\/wordpress\/projekt-1qm-lein\/","name":"Projekt \"1qm Lein\" 2025 - Heimatverein Tostedt e. V.","isPartOf":{"@id":"https:\/\/www.heimatverein-tostedt.de\/wordpress\/#website"},"primaryImageOfPage":{"@id":"https:\/\/www.heimatverein-tostedt.de\/wordpress\/projekt-1qm-lein\/#primaryimage"},"image":{"@id":"https:\/\/www.heimatverein-tostedt.de\/wordpress\/projekt-1qm-lein\/#primaryimage"},"thumbnailUrl":"https:\/\/www.heimatverein-tostedt.de\/wordpress\/wp-content\/uploads\/2025\/06\/Lein_IMG_8471-768x1024.jpg","datePublished":"2025-06-08T12:46:12+00:00","dateModified":"2025-06-09T10:52:14+00:00","breadcrumb":{"@id":"https:\/\/www.heimatverein-tostedt.de\/wordpress\/projekt-1qm-lein\/#breadcrumb"},"inLanguage":"de","potentialAction":[{"@type":"ReadAction","target":["https:\/\/www.heimatverein-tostedt.de\/wordpress\/projekt-1qm-lein\/"]}]},{"@type":"ImageObject","inLanguage":"de","@id":"https:\/\/www.heimatverein-tostedt.de\/wordpress\/projekt-1qm-lein\/#primaryimage","url":"https:\/\/www.heimatverein-tostedt.de\/wordpress\/wp-content\/uploads\/2025\/06\/Lein_IMG_8471-768x1024.jpg","contentUrl":"https:\/\/www.heimatverein-tostedt.de\/wordpress\/wp-content\/uploads\/2025\/06\/Lein_IMG_8471-768x1024.jpg"},{"@type":"BreadcrumbList","@id":"https:\/\/www.heimatverein-tostedt.de\/wordpress\/projekt-1qm-lein\/#breadcrumb","itemListElement":[{"@type":"ListItem","position":1,"name":"Startseite","item":"https:\/\/www.heimatverein-tostedt.de\/wordpress\/"},{"@type":"ListItem","position":2,"name":"Projekt &#8222;1qm Lein&#8220; 2025"}]},{"@type":"WebSite","@id":"https:\/\/www.heimatverein-tostedt.de\/wordpress\/#website","url":"https:\/\/www.heimatverein-tostedt.de\/wordpress\/","name":"Heimatverein Tostedt e. V.","description":"","potentialAction":[{"@type":"SearchAction","target":{"@type":"EntryPoint","urlTemplate":"https:\/\/www.heimatverein-tostedt.de\/wordpress\/?s={search_term_string}"},"query-input":{"@type":"PropertyValueSpecification","valueRequired":true,"valueName":"search_term_string"}}],"inLanguage":"de"}]}},"uagb_featured_image_src":{"full":false,"thumbnail":false,"medium":false,"medium_large":false,"large":false,"1536x1536":false,"2048x2048":false,"post-thumbnail":false,"header":false,"slider":false,"columns":false,"custom":false},"uagb_author_info":{"display_name":"Horst Meyer","author_link":"https:\/\/www.heimatverein-tostedt.de\/wordpress\/author\/horstmeyer\/"},"uagb_comment_info":0,"uagb_excerpt":"Elke M\u00fcller, die 2. Vorsitzende des Heimatvereins Tostedt, hat das europaweite Projekt &#8222;1qm Lein&#8220; als Zusammenarbeit zwischen der Erich-K\u00e4stner-Realschule in Tostedt und dem Heimatverein Tostedt angemeldet und ver\u00f6ffentlicht, siehe auch 1qmlein.de. Im Schulgarten der Schule haben die Sch\u00fclerinnen und Sch\u00fcler der Klasse 8b am 104. Tag (14.04.2025) des Jahres die... Continue reading","jetpack_sharing_enabled":true,"_links":{"self":[{"href":"https:\/\/www.heimatverein-tostedt.de\/wordpress\/wp-json\/wp\/v2\/pages\/1804","targetHints":{"allow":["GET"]}}],"collection":[{"href":"https:\/\/www.heimatverein-tostedt.de\/wordpress\/wp-json\/wp\/v2\/pages"}],"about":[{"href":"https:\/\/www.heimatverein-tostedt.de\/wordpress\/wp-json\/wp\/v2\/types\/page"}],"author":[{"embeddable":true,"href":"https:\/\/www.heimatverein-tostedt.de\/wordpress\/wp-json\/wp\/v2\/users\/3"}],"replies":[{"embeddable":true,"href":"https:\/\/www.heimatverein-tostedt.de\/wordpress\/wp-json\/wp\/v2\/comments?post=1804"}],"version-history":[{"count":5,"href":"https:\/\/www.heimatverein-tostedt.de\/wordpress\/wp-json\/wp\/v2\/pages\/1804\/revisions"}],"predecessor-version":[{"id":1831,"href":"https:\/\/www.heimatverein-tostedt.de\/wordpress\/wp-json\/wp\/v2\/pages\/1804\/revisions\/1831"}],"wp:attachment":[{"href":"https:\/\/www.heimatverein-tostedt.de\/wordpress\/wp-json\/wp\/v2\/media?parent=1804"}],"curies":[{"name":"wp","href":"https:\/\/api.w.org\/{rel}","templated":true}]}}