{"id":17,"date":"2022-04-18T07:28:36","date_gmt":"2022-04-18T05:28:36","guid":{"rendered":"https:\/\/ww2.heimatverein-tostedt.de\/wordpress\/?page_id=17"},"modified":"2026-04-12T11:25:03","modified_gmt":"2026-04-12T09:25:03","slug":"hermann-erika","status":"publish","type":"page","link":"https:\/\/www.heimatverein-tostedt.de\/wordpress\/hermann-erika\/","title":{"rendered":"Hermann und Erika"},"content":{"rendered":"\n<h2 class=\"wp-block-heading\">NACHRICHTEN VON HERMANN &amp; ERIKA<\/h2>\n\n\n\n<p><strong>Das Heft Nr. 51\/2026 (ISSN 3051-9411) ist wie immer in der 2. M\u00e4rzh\u00e4lfte erschienen und wurde an die Mitglieder kostenlos verteilt. Es kann auch im Buchhandel und in den L\u00e4den von Cigarren-Niemeyer (Nachfolgegesch\u00e4ft von Friesecke), im Concordia Versicherungsb\u00fcro Wegner im Himmelsweg oder direkt beim Heimatverein (E-Mail oder Anruf) zum Preis von 9,50 \u20ac gekauft werden.<\/strong><\/p>\n\n\n\n<p><strong>Redaktion: Jens Versemann und Anne Peters<\/strong> \/ <a href=\"mailto:redaktion@heimatverein-tostedt.de\"><strong>redaktion@heimatverein-tostedt.de<\/strong><\/a><\/p>\n\n\n\n<p><strong>Folgende Themen werden dieses Mal behandelt:<\/strong><\/p>\n\n\n\n<hr class=\"wp-block-separator has-css-opacity\"\/>\n\n\n\n<div class=\"wp-block-file aligncenter\"><a id=\"wp-block-file--media-9c8b25f8-9f5e-4ce5-9bf1-1105fd501ef2\" href=\"https:\/\/www.heimatverein-tostedt.de\/wordpress\/wp-content\/uploads\/2026\/04\/Hermann-und-Erika-Register_04-2026.pdf\">Hermann und Erika Register_04-2026<\/a><a href=\"https:\/\/www.heimatverein-tostedt.de\/wordpress\/wp-content\/uploads\/2026\/04\/Hermann-und-Erika-Register_04-2026.pdf\" class=\"wp-block-file__button wp-element-button\" download aria-describedby=\"wp-block-file--media-9c8b25f8-9f5e-4ce5-9bf1-1105fd501ef2\">Herunterladen<\/a><\/div>\n\n\n\n<hr class=\"wp-block-separator has-css-opacity\"\/>\n\n\n<div class=\"wp-block-image\">\n<figure class=\"aligncenter size-full is-resized\"><img data-recalc-dims=\"1\" loading=\"lazy\" decoding=\"async\" width=\"624\" height=\"832\" src=\"https:\/\/i0.wp.com\/www.heimatverein-tostedt.de\/wordpress\/wp-content\/uploads\/2026\/04\/Titelbild-Hermann-und-Erika-2026.jpg?resize=624%2C832&#038;ssl=1\" alt=\"\" class=\"wp-image-1986\" style=\"width:361px;height:512px\" srcset=\"https:\/\/i0.wp.com\/www.heimatverein-tostedt.de\/wordpress\/wp-content\/uploads\/2026\/04\/Titelbild-Hermann-und-Erika-2026.jpg?w=624&amp;ssl=1 624w, https:\/\/i0.wp.com\/www.heimatverein-tostedt.de\/wordpress\/wp-content\/uploads\/2026\/04\/Titelbild-Hermann-und-Erika-2026.jpg?resize=225%2C300&amp;ssl=1 225w, https:\/\/i0.wp.com\/www.heimatverein-tostedt.de\/wordpress\/wp-content\/uploads\/2026\/04\/Titelbild-Hermann-und-Erika-2026.jpg?resize=113%2C150&amp;ssl=1 113w\" sizes=\"auto, (max-width: 624px) 100vw, 624px\" \/><\/figure>\n<\/div>\n\n\n<hr class=\"wp-block-separator has-css-opacity\"\/>\n\n\n\n<figure class=\"wp-block-table\"><table><tbody><tr><td><\/td><td><\/td><\/tr><tr><td>Vorwort<\/td><td><\/td><\/tr><tr><td>Inhaltsverzeichnis<\/td><td><\/td><\/tr><tr><td>Rechenschaftsbericht 2025<\/td><td><\/td><\/tr><tr><td>Kakenstorf im Jahr 1750<br>Wie mag es in einem Dorf der Nordheide in der Mitte des 18. Jahrhunderts ausgesehen haben?<\/td><td>Thomas Meyer<\/td><\/tr><tr><td>Die Schulchroniken im Samtgemeindearchiv Tostedt<\/td><td>Katrin Kludas<\/td><\/tr><tr><td>Dohren-Gehege<\/td><td>Klaus-R. Rose<\/td><\/tr><tr><td>Die Heidmark<\/td><td>Annegret Speer<\/td><\/tr><tr><td>Die Heidmark und der Truppen\u00fcbungsplatz Bergen<\/td><td>Jutta Engel<\/td><\/tr><tr><td>Norddeutsches Leben (Drei Ausz\u00fcge)<\/td><td>Eduard Ziehen<\/td><\/tr><tr><td>Die Nachfolgebl\u00e4tter der alten &#8222;Tostedter Zeitung&#8220;<\/td><td>Klaus-R. Rose<\/td><\/tr><tr><td>&#8222;Mit dem Kopf bin ich halt noch zu Hause&#8220;<br>Die Briefe des Alfred Ku\u00dfmaul an seine Familie<\/td><td>Claudia Becker<\/td><\/tr><tr><td>Flucht aus Ostpreu\u00dfen<\/td><td>Peter Karweck<\/td><\/tr><tr><td>Aus dem Archiv 1<br>Ein Meteoriteneinschlag in Tostedt?<\/td><td>Jens Versemann<\/td><\/tr><tr><td>Aus dem Archiv 2<br>Der erste Tostedter Brieftaubenz\u00fcchter-Verein<\/td><td>Jens Versemann<\/td><\/tr><tr><td>Aus dem Archiv 3<br>Ein Brief des Tostedter Pastors L\u00fcders an seinen Vorgesetzten<\/td><td>Jens Versemann<\/td><\/tr><tr><td>Gelebte Geschichte im Freilichtmuseum Kiekeberg<\/td><td>Jens Versemann<\/td><\/tr><tr><td>Sch\u00e4dlingsbefall unserer Geb\u00e4ude am Himmelsweg 8<\/td><td>Hans-J\u00fcrgen Speer<\/td><\/tr><tr><td>Nachruf auf Heinz B\u00f6rker<\/td><td>Peter Horns und<br>Hans-J\u00fcrgen Speer<\/td><\/tr><tr><td>Mitglied werden und Beitrittserkl\u00e4rung<\/td><td><\/td><\/tr><tr><td>Jahresprogramm 2026<\/td><td><\/td><\/tr><tr><td>Monatliche Arbeitsgruppen<\/td><td><\/td><\/tr><tr><td>Neue und verstorbene Mitglieder<\/td><td><\/td><\/tr><tr><td><\/td><td><\/td><\/tr><tr><td><\/td><td><\/td><\/tr><\/tbody><\/table><\/figure>\n","protected":false},"excerpt":{"rendered":"<p>NACHRICHTEN VON HERMANN &amp; ERIKA Das Heft Nr. 51\/2026 (ISSN 3051-9411) ist wie immer in der 2. M\u00e4rzh\u00e4lfte erschienen und wurde an die Mitglieder kostenlos verteilt. Es kann auch im Buchhandel und in den L\u00e4den von Cigarren-Niemeyer (Nachfolgegesch\u00e4ft von Friesecke), im Concordia Versicherungsb\u00fcro Wegner im Himmelsweg oder direkt beim Heimatverein&#8230;<\/p>\n<p> <a class=\"continue-reading-link\" href=\"https:\/\/www.heimatverein-tostedt.de\/wordpress\/hermann-erika\/\"><span>Continue reading<\/span><i class=\"crycon-right-dir\"><\/i><\/a> <\/p>\n","protected":false},"author":1,"featured_media":0,"parent":0,"menu_order":5,"comment_status":"closed","ping_status":"closed","template":"","meta":{"_uag_custom_page_level_css":"","ngg_post_thumbnail":0,"footnotes":""},"class_list":["post-17","page","type-page","status-publish","hentry"],"yoast_head":"<!-- This site is optimized with the Yoast SEO plugin v25.3.1 - https:\/\/yoast.com\/wordpress\/plugins\/seo\/ -->\n<title>Hermann und Erika - Heimatverein Tostedt e. V.<\/title>\n<meta name=\"robots\" content=\"index, follow, max-snippet:-1, max-image-preview:large, max-video-preview:-1\" \/>\n<link rel=\"canonical\" href=\"https:\/\/www.heimatverein-tostedt.de\/wordpress\/hermann-erika\/\" \/>\n<meta property=\"og:locale\" content=\"de_DE\" \/>\n<meta property=\"og:type\" content=\"article\" \/>\n<meta property=\"og:title\" content=\"Hermann und Erika - Heimatverein Tostedt e. V.\" \/>\n<meta property=\"og:description\" content=\"NACHRICHTEN VON HERMANN &amp; ERIKA Das Heft Nr. 51\/2026 (ISSN 3051-9411) ist wie immer in der 2. M\u00e4rzh\u00e4lfte erschienen und wurde an die Mitglieder kostenlos verteilt. Es kann auch im Buchhandel und in den L\u00e4den von Cigarren-Niemeyer (Nachfolgegesch\u00e4ft von Friesecke), im Concordia Versicherungsb\u00fcro Wegner im Himmelsweg oder direkt beim Heimatverein... Continue reading\" \/>\n<meta property=\"og:url\" content=\"https:\/\/www.heimatverein-tostedt.de\/wordpress\/hermann-erika\/\" \/>\n<meta property=\"og:site_name\" content=\"Heimatverein Tostedt e. V.\" \/>\n<meta property=\"article:modified_time\" content=\"2026-04-12T09:25:03+00:00\" \/>\n<meta property=\"og:image\" content=\"https:\/\/www.heimatverein-tostedt.de\/wordpress\/wp-content\/uploads\/2026\/04\/Titelbild-Hermann-und-Erika-2026.jpg\" \/>\n<meta name=\"twitter:card\" content=\"summary_large_image\" \/>\n<meta name=\"twitter:label1\" content=\"Gesch\u00e4tzte Lesezeit\" \/>\n\t<meta name=\"twitter:data1\" content=\"2\u00a0Minuten\" \/>\n<script type=\"application\/ld+json\" class=\"yoast-schema-graph\">{\"@context\":\"https:\/\/schema.org\",\"@graph\":[{\"@type\":\"WebPage\",\"@id\":\"https:\/\/www.heimatverein-tostedt.de\/wordpress\/hermann-erika\/\",\"url\":\"https:\/\/www.heimatverein-tostedt.de\/wordpress\/hermann-erika\/\",\"name\":\"Hermann und Erika - Heimatverein Tostedt e. V.\",\"isPartOf\":{\"@id\":\"https:\/\/www.heimatverein-tostedt.de\/wordpress\/#website\"},\"primaryImageOfPage\":{\"@id\":\"https:\/\/www.heimatverein-tostedt.de\/wordpress\/hermann-erika\/#primaryimage\"},\"image\":{\"@id\":\"https:\/\/www.heimatverein-tostedt.de\/wordpress\/hermann-erika\/#primaryimage\"},\"thumbnailUrl\":\"https:\/\/www.heimatverein-tostedt.de\/wordpress\/wp-content\/uploads\/2026\/04\/Titelbild-Hermann-und-Erika-2026.jpg\",\"datePublished\":\"2022-04-18T05:28:36+00:00\",\"dateModified\":\"2026-04-12T09:25:03+00:00\",\"breadcrumb\":{\"@id\":\"https:\/\/www.heimatverein-tostedt.de\/wordpress\/hermann-erika\/#breadcrumb\"},\"inLanguage\":\"de\",\"potentialAction\":[{\"@type\":\"ReadAction\",\"target\":[\"https:\/\/www.heimatverein-tostedt.de\/wordpress\/hermann-erika\/\"]}]},{\"@type\":\"ImageObject\",\"inLanguage\":\"de\",\"@id\":\"https:\/\/www.heimatverein-tostedt.de\/wordpress\/hermann-erika\/#primaryimage\",\"url\":\"https:\/\/i0.wp.com\/www.heimatverein-tostedt.de\/wordpress\/wp-content\/uploads\/2026\/04\/Titelbild-Hermann-und-Erika-2026.jpg?fit=624%2C832&ssl=1\",\"contentUrl\":\"https:\/\/i0.wp.com\/www.heimatverein-tostedt.de\/wordpress\/wp-content\/uploads\/2026\/04\/Titelbild-Hermann-und-Erika-2026.jpg?fit=624%2C832&ssl=1\",\"width\":624,\"height\":832},{\"@type\":\"BreadcrumbList\",\"@id\":\"https:\/\/www.heimatverein-tostedt.de\/wordpress\/hermann-erika\/#breadcrumb\",\"itemListElement\":[{\"@type\":\"ListItem\",\"position\":1,\"name\":\"Startseite\",\"item\":\"https:\/\/www.heimatverein-tostedt.de\/wordpress\/\"},{\"@type\":\"ListItem\",\"position\":2,\"name\":\"Hermann und Erika\"}]},{\"@type\":\"WebSite\",\"@id\":\"https:\/\/www.heimatverein-tostedt.de\/wordpress\/#website\",\"url\":\"https:\/\/www.heimatverein-tostedt.de\/wordpress\/\",\"name\":\"Heimatverein Tostedt e. V.\",\"description\":\"\",\"potentialAction\":[{\"@type\":\"SearchAction\",\"target\":{\"@type\":\"EntryPoint\",\"urlTemplate\":\"https:\/\/www.heimatverein-tostedt.de\/wordpress\/?s={search_term_string}\"},\"query-input\":{\"@type\":\"PropertyValueSpecification\",\"valueRequired\":true,\"valueName\":\"search_term_string\"}}],\"inLanguage\":\"de\"}]}<\/script>\n<!-- \/ Yoast SEO plugin. -->","yoast_head_json":{"title":"Hermann und Erika - Heimatverein Tostedt e. V.","robots":{"index":"index","follow":"follow","max-snippet":"max-snippet:-1","max-image-preview":"max-image-preview:large","max-video-preview":"max-video-preview:-1"},"canonical":"https:\/\/www.heimatverein-tostedt.de\/wordpress\/hermann-erika\/","og_locale":"de_DE","og_type":"article","og_title":"Hermann und Erika - Heimatverein Tostedt e. V.","og_description":"NACHRICHTEN VON HERMANN &amp; ERIKA Das Heft Nr. 51\/2026 (ISSN 3051-9411) ist wie immer in der 2. M\u00e4rzh\u00e4lfte erschienen und wurde an die Mitglieder kostenlos verteilt. Es kann auch im Buchhandel und in den L\u00e4den von Cigarren-Niemeyer (Nachfolgegesch\u00e4ft von Friesecke), im Concordia Versicherungsb\u00fcro Wegner im Himmelsweg oder direkt beim Heimatverein... Continue reading","og_url":"https:\/\/www.heimatverein-tostedt.de\/wordpress\/hermann-erika\/","og_site_name":"Heimatverein Tostedt e. V.","article_modified_time":"2026-04-12T09:25:03+00:00","og_image":[{"url":"https:\/\/www.heimatverein-tostedt.de\/wordpress\/wp-content\/uploads\/2026\/04\/Titelbild-Hermann-und-Erika-2026.jpg","type":"","width":"","height":""}],"twitter_card":"summary_large_image","twitter_misc":{"Gesch\u00e4tzte Lesezeit":"2\u00a0Minuten"},"schema":{"@context":"https:\/\/schema.org","@graph":[{"@type":"WebPage","@id":"https:\/\/www.heimatverein-tostedt.de\/wordpress\/hermann-erika\/","url":"https:\/\/www.heimatverein-tostedt.de\/wordpress\/hermann-erika\/","name":"Hermann und Erika - Heimatverein Tostedt e. V.","isPartOf":{"@id":"https:\/\/www.heimatverein-tostedt.de\/wordpress\/#website"},"primaryImageOfPage":{"@id":"https:\/\/www.heimatverein-tostedt.de\/wordpress\/hermann-erika\/#primaryimage"},"image":{"@id":"https:\/\/www.heimatverein-tostedt.de\/wordpress\/hermann-erika\/#primaryimage"},"thumbnailUrl":"https:\/\/www.heimatverein-tostedt.de\/wordpress\/wp-content\/uploads\/2026\/04\/Titelbild-Hermann-und-Erika-2026.jpg","datePublished":"2022-04-18T05:28:36+00:00","dateModified":"2026-04-12T09:25:03+00:00","breadcrumb":{"@id":"https:\/\/www.heimatverein-tostedt.de\/wordpress\/hermann-erika\/#breadcrumb"},"inLanguage":"de","potentialAction":[{"@type":"ReadAction","target":["https:\/\/www.heimatverein-tostedt.de\/wordpress\/hermann-erika\/"]}]},{"@type":"ImageObject","inLanguage":"de","@id":"https:\/\/www.heimatverein-tostedt.de\/wordpress\/hermann-erika\/#primaryimage","url":"https:\/\/i0.wp.com\/www.heimatverein-tostedt.de\/wordpress\/wp-content\/uploads\/2026\/04\/Titelbild-Hermann-und-Erika-2026.jpg?fit=624%2C832&ssl=1","contentUrl":"https:\/\/i0.wp.com\/www.heimatverein-tostedt.de\/wordpress\/wp-content\/uploads\/2026\/04\/Titelbild-Hermann-und-Erika-2026.jpg?fit=624%2C832&ssl=1","width":624,"height":832},{"@type":"BreadcrumbList","@id":"https:\/\/www.heimatverein-tostedt.de\/wordpress\/hermann-erika\/#breadcrumb","itemListElement":[{"@type":"ListItem","position":1,"name":"Startseite","item":"https:\/\/www.heimatverein-tostedt.de\/wordpress\/"},{"@type":"ListItem","position":2,"name":"Hermann und Erika"}]},{"@type":"WebSite","@id":"https:\/\/www.heimatverein-tostedt.de\/wordpress\/#website","url":"https:\/\/www.heimatverein-tostedt.de\/wordpress\/","name":"Heimatverein Tostedt e. V.","description":"","potentialAction":[{"@type":"SearchAction","target":{"@type":"EntryPoint","urlTemplate":"https:\/\/www.heimatverein-tostedt.de\/wordpress\/?s={search_term_string}"},"query-input":{"@type":"PropertyValueSpecification","valueRequired":true,"valueName":"search_term_string"}}],"inLanguage":"de"}]}},"uagb_featured_image_src":{"full":false,"thumbnail":false,"medium":false,"medium_large":false,"large":false,"1536x1536":false,"2048x2048":false,"post-thumbnail":false,"header":false,"slider":false,"columns":false,"custom":false},"uagb_author_info":{"display_name":"admin@heimatverein-tostedt.de","author_link":"https:\/\/www.heimatverein-tostedt.de\/wordpress\/author\/adminheimatverein-tostedt-de\/"},"uagb_comment_info":0,"uagb_excerpt":"NACHRICHTEN VON HERMANN &amp; ERIKA Das Heft Nr. 51\/2026 (ISSN 3051-9411) ist wie immer in der 2. M\u00e4rzh\u00e4lfte erschienen und wurde an die Mitglieder kostenlos verteilt. Es kann auch im Buchhandel und in den L\u00e4den von Cigarren-Niemeyer (Nachfolgegesch\u00e4ft von Friesecke), im Concordia Versicherungsb\u00fcro Wegner im Himmelsweg oder direkt beim Heimatverein... Continue reading","jetpack_sharing_enabled":true,"_links":{"self":[{"href":"https:\/\/www.heimatverein-tostedt.de\/wordpress\/wp-json\/wp\/v2\/pages\/17","targetHints":{"allow":["GET"]}}],"collection":[{"href":"https:\/\/www.heimatverein-tostedt.de\/wordpress\/wp-json\/wp\/v2\/pages"}],"about":[{"href":"https:\/\/www.heimatverein-tostedt.de\/wordpress\/wp-json\/wp\/v2\/types\/page"}],"author":[{"embeddable":true,"href":"https:\/\/www.heimatverein-tostedt.de\/wordpress\/wp-json\/wp\/v2\/users\/1"}],"replies":[{"embeddable":true,"href":"https:\/\/www.heimatverein-tostedt.de\/wordpress\/wp-json\/wp\/v2\/comments?post=17"}],"version-history":[{"count":53,"href":"https:\/\/www.heimatverein-tostedt.de\/wordpress\/wp-json\/wp\/v2\/pages\/17\/revisions"}],"predecessor-version":[{"id":2023,"href":"https:\/\/www.heimatverein-tostedt.de\/wordpress\/wp-json\/wp\/v2\/pages\/17\/revisions\/2023"}],"wp:attachment":[{"href":"https:\/\/www.heimatverein-tostedt.de\/wordpress\/wp-json\/wp\/v2\/media?parent=17"}],"curies":[{"name":"wp","href":"https:\/\/api.w.org\/{rel}","templated":true}]}}