{"id":13,"date":"2022-04-18T07:28:12","date_gmt":"2022-04-18T05:28:12","guid":{"rendered":"https:\/\/ww2.heimatverein-tostedt.de\/wordpress\/?page_id=13"},"modified":"2026-03-21T10:12:59","modified_gmt":"2026-03-21T09:12:59","slug":"termine","status":"publish","type":"page","link":"https:\/\/www.heimatverein-tostedt.de\/wordpress\/termine\/","title":{"rendered":"Termine"},"content":{"rendered":"\n<figure class=\"wp-block-table is-style-stripes\"><table><tbody><tr><td>\n<p>DATUM<\/p>\n<\/td><td>\n<p>UHRZEIT<\/p>\n<\/td><td>\n<p>ART DER VERANSTALTUNG<\/p>\n<\/td><td>\n<p>TREFFPUNKT\/<br>VERANSTALTUNGSORT<\/p>\n<\/td><\/tr><tr><td>9. Jan. 2026<br>(Freitag)<\/td><td>15:00 &#8211;<br>17:00<\/td><td>GESCHICHTSWERKSTATT<br>Frei Sitzung<br>(M\u00fclldeponien und Altlasten)<\/td><td>Heimathaus<\/td><\/tr><tr><td>17.Jan. 2026<br>(Samstag)<\/td><td>11:00 &#8211;<br>17:00<\/td><td>Bandweben f\u00fcr Anf\u00e4nger<br>mit Monika Kr\u00fctzmann<\/td><td>Heimathaus<\/td><\/tr><tr><td>13. Febr. 2026<br>(Freitag)<\/td><td>15:00-<br>17:00<\/td><td>GESCHICHTSWERKSTATT<br>Anzeigen und anderes aus der Tostedter Zeitung<br>von 1939 (Bernd Sch\u00fctz)<\/td><td>Heimathaus<\/td><\/tr><tr><td>13. Febr. 2026<br>(Freitag)<\/td><td>19:00<\/td><td>Vortrag &#8222;Menschen, Mond und Sterne&#8230;&#8220;<br>von Dr. Thomas Meyer<\/td><td>Heimathaus<\/td><\/tr><tr><td>13. M\u00e4rz 2026<br>(Freitag)<\/td><td>15:00 &#8211; <br>17:00<\/td><td>GESCHICHTSWERKSTATT<br>Tostedt vor 250 Jahren<br>(Klaus-R. Rose)<\/td><td>Heimathaus<\/td><\/tr><tr><td>26. M\u00e4rz 2026<br>(Donnerstag)<\/td><td>19:30<\/td><td>JAHRESHAUPTVERSAMMLUNG<\/td><td>Heimathaus<\/td><\/tr><tr><td>10. April 2026<br>(Freitag)<\/td><td>15:00 &#8211;<br>17:00<\/td><td>GESCHICHTSWERKSTATT<br>Altenwerder<br>(Karl-Heinz B\u00f6ttcher)<\/td><td>Heimathaus<\/td><\/tr><tr><td>25. April 2026<br>(Samstag)<\/td><td>09:30 &#8211;<br>12:30<\/td><td>AKTIONSTAG<br>Arbeitseinsatz der Mitglieder bei Reparaturen, Versch\u00f6nerungen etc.<\/td><td>Heimathaus<\/td><\/tr><tr><td>6. Mai 2026<br>(Mittwoch)<\/td><td>09:00<\/td><td>Ausfahrt nach Altenwerder mit Kirchenbesichtigung<br>F\u00fchrung durch Karl-Heinz B\u00f6ttcher (fr\u00fcher wohnhaft in Altenwerder) <br>Kostenbeteiligung ca. 20 \u20ac<br>Anmeldeschlu\u00df: <strong>23. April 2026<\/strong><br>Fahrgemeinschaften k\u00f6nnen gebildet werden<br>Anmeldung und Info: Hans-J\u00fcrgen Speer, Tel 04182-8257 <br>Mail: <a href=\"mailto:hans-juergen.speer@heimatverein-tostedt.de\">hans-juergen.speer@heimatverein-tostedt.de<\/a><\/td><td>Tostedt<br>Am Sande<\/td><\/tr><tr><td>8. Mai 2026<br>(Freitag)<\/td><td>15:00 &#8211;<br>17:00<\/td><td>GESCHICHTSWERKSTATT<br>Freie Sitzung<\/td><td>Heimathaus<\/td><\/tr><tr><td>9. Mai 2026<br>(Samstag)<\/td><td>09:45<\/td><td>Sensenkurs am Heimathaus mit Peter Karweck<br>Anmeldeschlu\u00df: <strong>4. Mai 2026<\/strong><br>Anmeldung und Info: Annegret Speer, Tel. 04182-8257<br>Mail: <a href=\"mailto:annegret.speer@heimatverein-tostedt.de\">annegret.speer@heimatverein-tostedt.de<\/a><\/td><td>Heimathaus<\/td><\/tr><tr><td>31. Mai 2026<br>(Sonntag)<\/td><td>13:00 &#8211;<br>17:00<\/td><td>TAG DER OFFENEN T\u00dcR<br>anl\u00e4sslich des Fr\u00fchlingsmarktes mit KAFFEESTUBE und BACKTAG <br>sowie Erl\u00e4uterung der Bleisetzerei (ab 14:00 Uhr)<br>sowie Kl\u00f6nschnack der &#8222;T\u00f6ster Spinnstuuv&#8220; mit Verkauf von Wolle <br>und Ger\u00e4ten zur Wollbearbeitung<\/td><td>Heimatverein<\/td><\/tr><tr><td>12. Juni 2026<br>(Freitag)<\/td><td>15:00 &#8211;<br>17:00<\/td><td>GESCHICHTSWERKSTATT<br>Wie geht man mit historischen Quellen um?<br>(Jens Versemann)<\/td><td>Heimathaus<\/td><\/tr><tr><td>27. Juni 2026<br>(Samstag)<\/td><td>11:00 &#8211;<br>16:00<\/td><td>JOHANNISSPINNEN<br>zum Mitmachen und Zuschauen<br>Info: Elke M\u00fcller, Tel. 04182-291776<\/td><td>Heimathaus<\/td><\/tr><tr><td>5 Sept. 2026<br>(Samstag)<\/td><td>08:00 &#8211;<br>17:00<\/td><td>KAFFEESTUBE und BACKTAG<br>zum Flohmarkt<\/td><td>Heimathaus<\/td><\/tr><tr><td>11. Sept. 2026<br>(Freitag)<\/td><td>15:00 &#8211;<br>17:00<\/td><td>GESCHICHTSWERKSTATT<br><\/td><td>Heimathaus<\/td><\/tr><tr><td>12. Sept. 2026<br>(Samstag)<\/td><td>13:00<\/td><td>RADTOUR <br>Kennenlernen von Tostedts Umgebung mit Annegret Speer<br>ab 17:00 Uhr: Grillen hinter dem Heimathaus<br>Anmeldung zum Grillen zu Beginn der Tour<br>Info: Annegret Speer, 04182-8257<\/td><td>Heimathaus<\/td><\/tr><tr><td>im Okt. 2026<\/td><td><\/td><td>Vortrag &#8222;Textilkunst und Sprache&#8220; <br>von Dr. Inge Buggenthin<br>Der genaue Termin wird im Aushang Himmelsweg 8 <br>und im Nordheide Wochenblatt bekanntgegeben.<\/td><td>Heimathaus<\/td><\/tr><tr><td>9. Okt. 2026<br>(Freitag)<\/td><td>15:00 &#8211;<br>17:00<\/td><td>GESCHICHTSWERKSTATT<\/td><td>Heimathaus<\/td><\/tr><tr><td>7. Nov. 2026<br>(Samstag)<\/td><td>09:30 &#8211;<br>12:30<\/td><td>AKTIONSTAG<br>Arbeitseinsatz der Mitglieder bei Reparaturen, Versch\u00f6nerungen etc.<\/td><td>Heimathaus<\/td><\/tr><tr><td>13. Nov. 2026<br>(Freitag)<\/td><td>15:00 &#8211;<br>17:00<\/td><td>GESCHICHTSWERKSTATT<br><\/td><td>Heimathaus<\/td><\/tr><tr><td>28.\/29. Nov. 2026<br>(Sa. \/ So.)<\/td><td>14:00 &#8211; <br>17:00<\/td><td>KAFFEESTUBE und BACKTAG<br>zum Christkindlmarkt<br>(Backtag nur am 28. Nov.)<\/td><td>Heimathaus<\/td><\/tr><tr><td>11. Dez. 2026<br>(Freitag)<\/td><td>15:00 &#8211;<br>17:00<\/td><td>GESCHICHTSWERKSTATT<br>Weihnachtsfeier<\/td><td>Heimathaus<\/td><\/tr><\/tbody><\/table><\/figure>\n\n\n\n<p>&nbsp;<strong>31. Dezember 2026&nbsp; &nbsp; &nbsp; &nbsp; Redaktionsschluss f\u00fcr &#8222;Nachrichten von Hermann und Erika&#8220; 2027<br><\/strong><\/p>\n\n\n\n<p><strong>M\u00f6gliche Erg\u00e4nzungen und \u00c4nderungen werden durch Aushang im Heimathaus&nbsp;<\/strong><strong>(Himmelsweg 8),<\/strong><\/p>\n\n\n\n<p><strong>auf der Website unter&nbsp;<a href=\"http:\/\/www.heimathaus-tostedt.de\">www.heimatverein-tostedt.de<\/a>&nbsp;<\/strong><\/p>\n\n\n\n<p><strong>und \/ oder&nbsp;<\/strong><\/p>\n\n\n\n<p><strong>durch die \u00f6rtliche Presse z. B. Nordheide Wochenblatt bekannt gegeben.<\/strong><\/p>\n\n\n\n<p><\/p>\n","protected":false},"excerpt":{"rendered":"<p>DATUM UHRZEIT ART DER VERANSTALTUNG TREFFPUNKT\/VERANSTALTUNGSORT 9. Jan. 2026(Freitag) 15:00 &#8211;17:00 GESCHICHTSWERKSTATTFrei Sitzung(M\u00fclldeponien und Altlasten) Heimathaus 17.Jan. 2026(Samstag) 11:00 &#8211;17:00 Bandweben f\u00fcr Anf\u00e4ngermit Monika Kr\u00fctzmann Heimathaus 13. Febr. 2026(Freitag) 15:00-17:00 GESCHICHTSWERKSTATTAnzeigen und anderes aus der Tostedter Zeitungvon 1939 (Bernd Sch\u00fctz) Heimathaus 13. Febr. 2026(Freitag) 19:00 Vortrag &#8222;Menschen, Mond und Sterne&#8230;&#8220;von&#8230;<\/p>\n<p> <a class=\"continue-reading-link\" href=\"https:\/\/www.heimatverein-tostedt.de\/wordpress\/termine\/\"><span>Continue reading<\/span><i class=\"crycon-right-dir\"><\/i><\/a> <\/p>\n","protected":false},"author":1,"featured_media":0,"parent":0,"menu_order":3,"comment_status":"closed","ping_status":"closed","template":"","meta":{"_uag_custom_page_level_css":"","ngg_post_thumbnail":0,"footnotes":""},"class_list":["post-13","page","type-page","status-publish","hentry"],"yoast_head":"<!-- This site is optimized with the Yoast SEO plugin v25.3.1 - https:\/\/yoast.com\/wordpress\/plugins\/seo\/ -->\n<title>Termine - Heimatverein Tostedt e. V.<\/title>\n<meta name=\"robots\" content=\"index, follow, max-snippet:-1, max-image-preview:large, max-video-preview:-1\" \/>\n<link rel=\"canonical\" href=\"https:\/\/www.heimatverein-tostedt.de\/wordpress\/termine\/\" \/>\n<meta property=\"og:locale\" content=\"de_DE\" \/>\n<meta property=\"og:type\" content=\"article\" \/>\n<meta property=\"og:title\" content=\"Termine - Heimatverein Tostedt e. V.\" \/>\n<meta property=\"og:description\" content=\"DATUM UHRZEIT ART DER VERANSTALTUNG TREFFPUNKT\/VERANSTALTUNGSORT 9. Jan. 2026(Freitag) 15:00 &#8211;17:00 GESCHICHTSWERKSTATTFrei Sitzung(M\u00fclldeponien und Altlasten) Heimathaus 17.Jan. 2026(Samstag) 11:00 &#8211;17:00 Bandweben f\u00fcr Anf\u00e4ngermit Monika Kr\u00fctzmann Heimathaus 13. Febr. 2026(Freitag) 15:00-17:00 GESCHICHTSWERKSTATTAnzeigen und anderes aus der Tostedter Zeitungvon 1939 (Bernd Sch\u00fctz) Heimathaus 13. Febr. 2026(Freitag) 19:00 Vortrag &#8222;Menschen, Mond und Sterne&#8230;&#8220;von... Continue reading\" \/>\n<meta property=\"og:url\" content=\"https:\/\/www.heimatverein-tostedt.de\/wordpress\/termine\/\" \/>\n<meta property=\"og:site_name\" content=\"Heimatverein Tostedt e. V.\" \/>\n<meta property=\"article:modified_time\" content=\"2026-03-21T09:12:59+00:00\" \/>\n<meta name=\"twitter:card\" content=\"summary_large_image\" \/>\n<meta name=\"twitter:label1\" content=\"Gesch\u00e4tzte Lesezeit\" \/>\n\t<meta name=\"twitter:data1\" content=\"3\u00a0Minuten\" \/>\n<script type=\"application\/ld+json\" class=\"yoast-schema-graph\">{\"@context\":\"https:\/\/schema.org\",\"@graph\":[{\"@type\":\"WebPage\",\"@id\":\"https:\/\/www.heimatverein-tostedt.de\/wordpress\/termine\/\",\"url\":\"https:\/\/www.heimatverein-tostedt.de\/wordpress\/termine\/\",\"name\":\"Termine - Heimatverein Tostedt e. V.\",\"isPartOf\":{\"@id\":\"https:\/\/www.heimatverein-tostedt.de\/wordpress\/#website\"},\"datePublished\":\"2022-04-18T05:28:12+00:00\",\"dateModified\":\"2026-03-21T09:12:59+00:00\",\"breadcrumb\":{\"@id\":\"https:\/\/www.heimatverein-tostedt.de\/wordpress\/termine\/#breadcrumb\"},\"inLanguage\":\"de\",\"potentialAction\":[{\"@type\":\"ReadAction\",\"target\":[\"https:\/\/www.heimatverein-tostedt.de\/wordpress\/termine\/\"]}]},{\"@type\":\"BreadcrumbList\",\"@id\":\"https:\/\/www.heimatverein-tostedt.de\/wordpress\/termine\/#breadcrumb\",\"itemListElement\":[{\"@type\":\"ListItem\",\"position\":1,\"name\":\"Startseite\",\"item\":\"https:\/\/www.heimatverein-tostedt.de\/wordpress\/\"},{\"@type\":\"ListItem\",\"position\":2,\"name\":\"Termine\"}]},{\"@type\":\"WebSite\",\"@id\":\"https:\/\/www.heimatverein-tostedt.de\/wordpress\/#website\",\"url\":\"https:\/\/www.heimatverein-tostedt.de\/wordpress\/\",\"name\":\"Heimatverein Tostedt e. V.\",\"description\":\"\",\"potentialAction\":[{\"@type\":\"SearchAction\",\"target\":{\"@type\":\"EntryPoint\",\"urlTemplate\":\"https:\/\/www.heimatverein-tostedt.de\/wordpress\/?s={search_term_string}\"},\"query-input\":{\"@type\":\"PropertyValueSpecification\",\"valueRequired\":true,\"valueName\":\"search_term_string\"}}],\"inLanguage\":\"de\"}]}<\/script>\n<!-- \/ Yoast SEO plugin. -->","yoast_head_json":{"title":"Termine - Heimatverein Tostedt e. V.","robots":{"index":"index","follow":"follow","max-snippet":"max-snippet:-1","max-image-preview":"max-image-preview:large","max-video-preview":"max-video-preview:-1"},"canonical":"https:\/\/www.heimatverein-tostedt.de\/wordpress\/termine\/","og_locale":"de_DE","og_type":"article","og_title":"Termine - Heimatverein Tostedt e. V.","og_description":"DATUM UHRZEIT ART DER VERANSTALTUNG TREFFPUNKT\/VERANSTALTUNGSORT 9. Jan. 2026(Freitag) 15:00 &#8211;17:00 GESCHICHTSWERKSTATTFrei Sitzung(M\u00fclldeponien und Altlasten) Heimathaus 17.Jan. 2026(Samstag) 11:00 &#8211;17:00 Bandweben f\u00fcr Anf\u00e4ngermit Monika Kr\u00fctzmann Heimathaus 13. Febr. 2026(Freitag) 15:00-17:00 GESCHICHTSWERKSTATTAnzeigen und anderes aus der Tostedter Zeitungvon 1939 (Bernd Sch\u00fctz) Heimathaus 13. Febr. 2026(Freitag) 19:00 Vortrag &#8222;Menschen, Mond und Sterne&#8230;&#8220;von... Continue reading","og_url":"https:\/\/www.heimatverein-tostedt.de\/wordpress\/termine\/","og_site_name":"Heimatverein Tostedt e. V.","article_modified_time":"2026-03-21T09:12:59+00:00","twitter_card":"summary_large_image","twitter_misc":{"Gesch\u00e4tzte Lesezeit":"3\u00a0Minuten"},"schema":{"@context":"https:\/\/schema.org","@graph":[{"@type":"WebPage","@id":"https:\/\/www.heimatverein-tostedt.de\/wordpress\/termine\/","url":"https:\/\/www.heimatverein-tostedt.de\/wordpress\/termine\/","name":"Termine - Heimatverein Tostedt e. V.","isPartOf":{"@id":"https:\/\/www.heimatverein-tostedt.de\/wordpress\/#website"},"datePublished":"2022-04-18T05:28:12+00:00","dateModified":"2026-03-21T09:12:59+00:00","breadcrumb":{"@id":"https:\/\/www.heimatverein-tostedt.de\/wordpress\/termine\/#breadcrumb"},"inLanguage":"de","potentialAction":[{"@type":"ReadAction","target":["https:\/\/www.heimatverein-tostedt.de\/wordpress\/termine\/"]}]},{"@type":"BreadcrumbList","@id":"https:\/\/www.heimatverein-tostedt.de\/wordpress\/termine\/#breadcrumb","itemListElement":[{"@type":"ListItem","position":1,"name":"Startseite","item":"https:\/\/www.heimatverein-tostedt.de\/wordpress\/"},{"@type":"ListItem","position":2,"name":"Termine"}]},{"@type":"WebSite","@id":"https:\/\/www.heimatverein-tostedt.de\/wordpress\/#website","url":"https:\/\/www.heimatverein-tostedt.de\/wordpress\/","name":"Heimatverein Tostedt e. V.","description":"","potentialAction":[{"@type":"SearchAction","target":{"@type":"EntryPoint","urlTemplate":"https:\/\/www.heimatverein-tostedt.de\/wordpress\/?s={search_term_string}"},"query-input":{"@type":"PropertyValueSpecification","valueRequired":true,"valueName":"search_term_string"}}],"inLanguage":"de"}]}},"uagb_featured_image_src":{"full":false,"thumbnail":false,"medium":false,"medium_large":false,"large":false,"1536x1536":false,"2048x2048":false,"post-thumbnail":false,"header":false,"slider":false,"columns":false,"custom":false},"uagb_author_info":{"display_name":"admin@heimatverein-tostedt.de","author_link":"https:\/\/www.heimatverein-tostedt.de\/wordpress\/author\/adminheimatverein-tostedt-de\/"},"uagb_comment_info":0,"uagb_excerpt":"DATUM UHRZEIT ART DER VERANSTALTUNG TREFFPUNKT\/VERANSTALTUNGSORT 9. Jan. 2026(Freitag) 15:00 &#8211;17:00 GESCHICHTSWERKSTATTFrei Sitzung(M\u00fclldeponien und Altlasten) Heimathaus 17.Jan. 2026(Samstag) 11:00 &#8211;17:00 Bandweben f\u00fcr Anf\u00e4ngermit Monika Kr\u00fctzmann Heimathaus 13. Febr. 2026(Freitag) 15:00-17:00 GESCHICHTSWERKSTATTAnzeigen und anderes aus der Tostedter Zeitungvon 1939 (Bernd Sch\u00fctz) Heimathaus 13. Febr. 2026(Freitag) 19:00 Vortrag &#8222;Menschen, Mond und Sterne&#8230;&#8220;von... Continue reading","jetpack_sharing_enabled":true,"_links":{"self":[{"href":"https:\/\/www.heimatverein-tostedt.de\/wordpress\/wp-json\/wp\/v2\/pages\/13","targetHints":{"allow":["GET"]}}],"collection":[{"href":"https:\/\/www.heimatverein-tostedt.de\/wordpress\/wp-json\/wp\/v2\/pages"}],"about":[{"href":"https:\/\/www.heimatverein-tostedt.de\/wordpress\/wp-json\/wp\/v2\/types\/page"}],"author":[{"embeddable":true,"href":"https:\/\/www.heimatverein-tostedt.de\/wordpress\/wp-json\/wp\/v2\/users\/1"}],"replies":[{"embeddable":true,"href":"https:\/\/www.heimatverein-tostedt.de\/wordpress\/wp-json\/wp\/v2\/comments?post=13"}],"version-history":[{"count":83,"href":"https:\/\/www.heimatverein-tostedt.de\/wordpress\/wp-json\/wp\/v2\/pages\/13\/revisions"}],"predecessor-version":[{"id":1984,"href":"https:\/\/www.heimatverein-tostedt.de\/wordpress\/wp-json\/wp\/v2\/pages\/13\/revisions\/1984"}],"wp:attachment":[{"href":"https:\/\/www.heimatverein-tostedt.de\/wordpress\/wp-json\/wp\/v2\/media?parent=13"}],"curies":[{"name":"wp","href":"https:\/\/api.w.org\/{rel}","templated":true}]}}